{"id":2718,"date":"2024-01-25T08:07:39","date_gmt":"2024-01-25T08:07:39","guid":{"rendered":"https:\/\/zds-solingen.de\/zds-academy\/congresses\/"},"modified":"2025-11-12T08:32:21","modified_gmt":"2025-11-12T08:32:21","slug":"congresses","status":"publish","type":"page","link":"https:\/\/zds-solingen.de\/en\/zds-academy\/congresses\/","title":{"rendered":"Congresses in general"},"content":{"rendered":"<div class=\"fusion-fullwidth fullwidth-box fusion-builder-row-1 fusion-flex-container has-pattern-background has-mask-background nonhundred-percent-fullwidth non-hundred-percent-height-scrolling\" style=\"--awb-border-radius-top-left:0px;--awb-border-radius-top-right:0px;--awb-border-radius-bottom-right:0px;--awb-border-radius-bottom-left:0px;--awb-flex-wrap:wrap;\" ><div class=\"fusion-builder-row fusion-row fusion-flex-align-items-flex-start fusion-flex-content-wrap\" style=\"max-width:1248px;margin-left: calc(-4% \/ 2 );margin-right: calc(-4% \/ 2 );\"><div class=\"fusion-layout-column fusion_builder_column fusion-builder-column-0 fusion_builder_column_2_3 2_3 fusion-flex-column fusion-flex-align-self-center\" style=\"--awb-bg-size:cover;--awb-width-large:66.666666666667%;--awb-margin-top-large:0px;--awb-spacing-right-large:2.88%;--awb-margin-bottom-large:20px;--awb-spacing-left-large:2.88%;--awb-width-medium:66.666666666667%;--awb-order-medium:0;--awb-spacing-right-medium:2.88%;--awb-spacing-left-medium:2.88%;--awb-width-small:100%;--awb-order-small:0;--awb-spacing-right-small:1.92%;--awb-spacing-left-small:1.92%;\"><div class=\"fusion-column-wrapper fusion-column-has-shadow fusion-flex-justify-content-flex-start fusion-content-layout-column\"><div class=\"fusion-image-element \" style=\"--awb-margin-bottom:20px;--awb-caption-title-font-family:var(--h2_typography-font-family);--awb-caption-title-font-weight:var(--h2_typography-font-weight);--awb-caption-title-font-style:var(--h2_typography-font-style);--awb-caption-title-size:var(--h2_typography-font-size);--awb-caption-title-transform:var(--h2_typography-text-transform);--awb-caption-title-line-height:var(--h2_typography-line-height);--awb-caption-title-letter-spacing:var(--h2_typography-letter-spacing);\"><span class=\" fusion-imageframe imageframe-none imageframe-1 hover-type-none\"><a class=\"fusion-no-lightbox\" href=\"https:\/\/choco-tec.com\/\" target=\"_blank\" aria-label=\"chocotec_logo_600px\" rel=\"noopener noreferrer\"><img decoding=\"async\" width=\"600\" height=\"200\" src=\"https:\/\/zds-solingen.de\/wp-content\/uploads\/2024\/01\/chocotec_logo_600px.jpg\" alt class=\"img-responsive wp-image-2562\" srcset=\"https:\/\/zds-solingen.de\/wp-content\/uploads\/2024\/01\/chocotec_logo_600px-200x67.jpg 200w, https:\/\/zds-solingen.de\/wp-content\/uploads\/2024\/01\/chocotec_logo_600px-400x133.jpg 400w, https:\/\/zds-solingen.de\/wp-content\/uploads\/2024\/01\/chocotec_logo_600px.jpg 600w\" sizes=\"(max-width: 640px) 100vw, 600px\" \/><\/a><\/span><\/div><\/div><\/div><div class=\"fusion-layout-column fusion_builder_column fusion-builder-column-1 fusion_builder_column_1_3 1_3 fusion-flex-column fusion-flex-align-self-center\" style=\"--awb-bg-size:cover;--awb-width-large:33.333333333333%;--awb-margin-top-large:0px;--awb-spacing-right-large:5.76%;--awb-margin-bottom-large:0px;--awb-spacing-left-large:5.76%;--awb-width-medium:33.333333333333%;--awb-order-medium:0;--awb-spacing-right-medium:5.76%;--awb-spacing-left-medium:5.76%;--awb-width-small:100%;--awb-order-small:0;--awb-spacing-right-small:1.92%;--awb-spacing-left-small:1.92%;\"><div class=\"fusion-column-wrapper fusion-column-has-shadow fusion-flex-justify-content-flex-start fusion-content-layout-column\"><div ><a class=\"fusion-button button-flat fusion-button-default-size button-default fusion-button-default button-1 fusion-button-default-span fusion-button-default-type\" target=\"_self\" href=\"https:\/\/choco-tec.com\/\"><span class=\"fusion-button-text awb-button__text awb-button__text--default\">To the CHOCOTEC website<\/span><\/a><\/div><\/div><\/div><div class=\"fusion-layout-column fusion_builder_column fusion-builder-column-2 fusion_builder_column_1_1 1_1 fusion-flex-column\" style=\"--awb-bg-size:cover;--awb-width-large:100%;--awb-margin-top-large:0px;--awb-spacing-right-large:1.92%;--awb-margin-bottom-large:20px;--awb-spacing-left-large:1.92%;--awb-width-medium:100%;--awb-order-medium:0;--awb-spacing-right-medium:1.92%;--awb-spacing-left-medium:1.92%;--awb-width-small:100%;--awb-order-small:0;--awb-spacing-right-small:1.92%;--awb-spacing-left-small:1.92%;\"><div class=\"fusion-column-wrapper fusion-column-has-shadow fusion-flex-justify-content-flex-start fusion-content-layout-column\"><div class=\"fusion-separator fusion-full-width-sep\" style=\"align-self: center;margin-left: auto;margin-right: auto;margin-top:25px;margin-bottom:25px;width:100%;\"><div class=\"fusion-separator-border sep-single sep-solid\" style=\"--awb-height:20px;--awb-amount:20px;--awb-sep-color:var(--awb-color4);border-color:var(--awb-color4);border-top-width:1px;\"><\/div><\/div><\/div><\/div><div class=\"fusion-layout-column fusion_builder_column fusion-builder-column-3 fusion_builder_column_2_3 2_3 fusion-flex-column fusion-flex-align-self-center\" style=\"--awb-bg-size:cover;--awb-width-large:66.666666666667%;--awb-margin-top-large:0px;--awb-spacing-right-large:2.88%;--awb-margin-bottom-large:20px;--awb-spacing-left-large:2.88%;--awb-width-medium:66.666666666667%;--awb-order-medium:0;--awb-spacing-right-medium:2.88%;--awb-spacing-left-medium:2.88%;--awb-width-small:100%;--awb-order-small:0;--awb-spacing-right-small:1.92%;--awb-spacing-left-small:1.92%;\"><div class=\"fusion-column-wrapper fusion-column-has-shadow fusion-flex-justify-content-flex-start fusion-content-layout-column\"><div class=\"fusion-image-element \" style=\"--awb-margin-bottom:20px;--awb-caption-title-font-family:var(--h2_typography-font-family);--awb-caption-title-font-weight:var(--h2_typography-font-weight);--awb-caption-title-font-style:var(--h2_typography-font-style);--awb-caption-title-size:var(--h2_typography-font-size);--awb-caption-title-transform:var(--h2_typography-text-transform);--awb-caption-title-line-height:var(--h2_typography-line-height);--awb-caption-title-letter-spacing:var(--h2_typography-letter-spacing);\"><span class=\" fusion-imageframe imageframe-none imageframe-2 hover-type-none\"><a class=\"fusion-no-lightbox\" href=\"https:\/\/interpraline.de\/\" target=\"_blank\" aria-label=\"interpraline_logo_500\" rel=\"noopener noreferrer\"><img decoding=\"async\" width=\"500\" height=\"300\" src=\"https:\/\/zds-solingen.de\/wp-content\/uploads\/2025\/09\/interpraline_logo_500.png\" alt class=\"img-responsive wp-image-10972\" srcset=\"https:\/\/zds-solingen.de\/wp-content\/uploads\/2025\/09\/interpraline_logo_500-200x120.png 200w, https:\/\/zds-solingen.de\/wp-content\/uploads\/2025\/09\/interpraline_logo_500-400x240.png 400w, https:\/\/zds-solingen.de\/wp-content\/uploads\/2025\/09\/interpraline_logo_500.png 500w\" sizes=\"(max-width: 640px) 100vw, 500px\" \/><\/a><\/span><\/div><\/div><\/div><div class=\"fusion-layout-column fusion_builder_column fusion-builder-column-4 fusion_builder_column_1_3 1_3 fusion-flex-column fusion-flex-align-self-center\" style=\"--awb-bg-size:cover;--awb-width-large:33.333333333333%;--awb-margin-top-large:0px;--awb-spacing-right-large:5.76%;--awb-margin-bottom-large:20px;--awb-spacing-left-large:5.76%;--awb-width-medium:33.333333333333%;--awb-order-medium:0;--awb-spacing-right-medium:5.76%;--awb-spacing-left-medium:5.76%;--awb-width-small:100%;--awb-order-small:0;--awb-spacing-right-small:1.92%;--awb-spacing-left-small:1.92%;\"><div class=\"fusion-column-wrapper fusion-column-has-shadow fusion-flex-justify-content-flex-start fusion-content-layout-column\"><div ><a class=\"fusion-button button-flat fusion-button-default-size button-default fusion-button-default button-2 fusion-button-default-span fusion-button-default-type\" target=\"_self\" href=\"https:\/\/interpraline.de\/\"><span class=\"fusion-button-text awb-button__text awb-button__text--default\">To the InterPraline website<\/span><\/a><\/div><\/div><\/div><div class=\"fusion-layout-column fusion_builder_column fusion-builder-column-5 fusion_builder_column_1_1 1_1 fusion-flex-column\" style=\"--awb-bg-size:cover;--awb-width-large:100%;--awb-margin-top-large:0px;--awb-spacing-right-large:1.92%;--awb-margin-bottom-large:20px;--awb-spacing-left-large:1.92%;--awb-width-medium:100%;--awb-order-medium:0;--awb-spacing-right-medium:1.92%;--awb-spacing-left-medium:1.92%;--awb-width-small:100%;--awb-order-small:0;--awb-spacing-right-small:1.92%;--awb-spacing-left-small:1.92%;\"><div class=\"fusion-column-wrapper fusion-column-has-shadow fusion-flex-justify-content-flex-start fusion-content-layout-column\"><div class=\"fusion-separator fusion-full-width-sep\" style=\"align-self: center;margin-left: auto;margin-right: auto;margin-top:25px;margin-bottom:25px;width:100%;\"><div class=\"fusion-separator-border sep-single sep-solid\" style=\"--awb-height:20px;--awb-amount:20px;--awb-sep-color:var(--awb-color4);border-color:var(--awb-color4);border-top-width:1px;\"><\/div><\/div><\/div><\/div><div class=\"fusion-layout-column fusion_builder_column fusion-builder-column-6 fusion_builder_column_2_3 2_3 fusion-flex-column fusion-flex-align-self-center\" style=\"--awb-bg-size:cover;--awb-width-large:66.666666666667%;--awb-margin-top-large:0px;--awb-spacing-right-large:2.88%;--awb-margin-bottom-large:20px;--awb-spacing-left-large:2.88%;--awb-width-medium:66.666666666667%;--awb-order-medium:0;--awb-spacing-right-medium:2.88%;--awb-spacing-left-medium:2.88%;--awb-width-small:100%;--awb-order-small:0;--awb-spacing-right-small:1.92%;--awb-spacing-left-small:1.92%;\"><div class=\"fusion-column-wrapper fusion-column-has-shadow fusion-flex-justify-content-flex-start fusion-content-layout-column\"><div class=\"fusion-image-element \" style=\"--awb-margin-bottom:20px;--awb-caption-title-font-family:var(--h2_typography-font-family);--awb-caption-title-font-weight:var(--h2_typography-font-weight);--awb-caption-title-font-style:var(--h2_typography-font-style);--awb-caption-title-size:var(--h2_typography-font-size);--awb-caption-title-transform:var(--h2_typography-text-transform);--awb-caption-title-line-height:var(--h2_typography-line-height);--awb-caption-title-letter-spacing:var(--h2_typography-letter-spacing);\"><span class=\" fusion-imageframe imageframe-none imageframe-3 hover-type-none\"><a class=\"fusion-no-lightbox\" href=\"https:\/\/interice-zds.com\/\" target=\"_blank\" aria-label=\"interice_logo_600px\" rel=\"noopener noreferrer\"><img decoding=\"async\" width=\"600\" height=\"200\" src=\"https:\/\/zds-solingen.de\/wp-content\/uploads\/2024\/01\/interice_logo_600px.jpg\" alt class=\"img-responsive wp-image-2563\" srcset=\"https:\/\/zds-solingen.de\/wp-content\/uploads\/2024\/01\/interice_logo_600px-200x67.jpg 200w, https:\/\/zds-solingen.de\/wp-content\/uploads\/2024\/01\/interice_logo_600px-400x133.jpg 400w, https:\/\/zds-solingen.de\/wp-content\/uploads\/2024\/01\/interice_logo_600px.jpg 600w\" sizes=\"(max-width: 640px) 100vw, 600px\" \/><\/a><\/span><\/div><\/div><\/div><div class=\"fusion-layout-column fusion_builder_column fusion-builder-column-7 fusion_builder_column_1_3 1_3 fusion-flex-column fusion-flex-align-self-center\" style=\"--awb-bg-size:cover;--awb-width-large:33.333333333333%;--awb-margin-top-large:0px;--awb-spacing-right-large:5.76%;--awb-margin-bottom-large:0px;--awb-spacing-left-large:5.76%;--awb-width-medium:33.333333333333%;--awb-order-medium:0;--awb-spacing-right-medium:5.76%;--awb-spacing-left-medium:5.76%;--awb-width-small:100%;--awb-order-small:0;--awb-spacing-right-small:1.92%;--awb-spacing-left-small:1.92%;\"><div class=\"fusion-column-wrapper fusion-column-has-shadow fusion-flex-justify-content-flex-start fusion-content-layout-column\"><div ><a class=\"fusion-button button-flat fusion-button-default-size button-default fusion-button-default button-3 fusion-button-default-span fusion-button-default-type\" target=\"_self\" href=\"https:\/\/interice-zds.com\/\"><span class=\"fusion-button-text awb-button__text awb-button__text--default\">To the INTERICE website<\/span><\/a><\/div><\/div><\/div><div class=\"fusion-layout-column fusion_builder_column fusion-builder-column-8 fusion_builder_column_1_1 1_1 fusion-flex-column\" style=\"--awb-bg-size:cover;--awb-width-large:100%;--awb-margin-top-large:0px;--awb-spacing-right-large:1.92%;--awb-margin-bottom-large:20px;--awb-spacing-left-large:1.92%;--awb-width-medium:100%;--awb-order-medium:0;--awb-spacing-right-medium:1.92%;--awb-spacing-left-medium:1.92%;--awb-width-small:100%;--awb-order-small:0;--awb-spacing-right-small:1.92%;--awb-spacing-left-small:1.92%;\"><div class=\"fusion-column-wrapper fusion-column-has-shadow fusion-flex-justify-content-flex-start fusion-content-layout-column\"><div class=\"fusion-separator fusion-full-width-sep\" style=\"align-self: center;margin-left: auto;margin-right: auto;margin-top:25px;margin-bottom:25px;width:100%;\"><div class=\"fusion-separator-border sep-single sep-solid\" style=\"--awb-height:20px;--awb-amount:20px;--awb-sep-color:var(--awb-color4);border-color:var(--awb-color4);border-top-width:1px;\"><\/div><\/div><\/div><\/div><div class=\"fusion-layout-column fusion_builder_column fusion-builder-column-9 fusion_builder_column_2_3 2_3 fusion-flex-column fusion-flex-align-self-center\" style=\"--awb-bg-size:cover;--awb-width-large:66.666666666667%;--awb-margin-top-large:0px;--awb-spacing-right-large:2.88%;--awb-margin-bottom-large:20px;--awb-spacing-left-large:2.88%;--awb-width-medium:66.666666666667%;--awb-order-medium:0;--awb-spacing-right-medium:2.88%;--awb-spacing-left-medium:2.88%;--awb-width-small:100%;--awb-order-small:0;--awb-spacing-right-small:1.92%;--awb-spacing-left-small:1.92%;\"><div class=\"fusion-column-wrapper fusion-column-has-shadow fusion-flex-justify-content-flex-start fusion-content-layout-column\"><div class=\"fusion-image-element \" style=\"--awb-margin-bottom:20px;--awb-caption-title-font-family:var(--h2_typography-font-family);--awb-caption-title-font-weight:var(--h2_typography-font-weight);--awb-caption-title-font-style:var(--h2_typography-font-style);--awb-caption-title-size:var(--h2_typography-font-size);--awb-caption-title-transform:var(--h2_typography-text-transform);--awb-caption-title-line-height:var(--h2_typography-line-height);--awb-caption-title-letter-spacing:var(--h2_typography-letter-spacing);\"><span class=\" fusion-imageframe imageframe-none imageframe-4 hover-type-none\"><a class=\"fusion-no-lightbox\" href=\"https:\/\/bartech-europe.com\/\" target=\"_blank\" aria-label=\"bartech_logo_800px\" rel=\"noopener noreferrer\"><img decoding=\"async\" width=\"800\" height=\"224\" src=\"https:\/\/zds-solingen.de\/wp-content\/uploads\/2025\/03\/bartech_logo_800px.png\" alt class=\"img-responsive wp-image-9670\" srcset=\"https:\/\/zds-solingen.de\/wp-content\/uploads\/2025\/03\/bartech_logo_800px-200x56.png 200w, https:\/\/zds-solingen.de\/wp-content\/uploads\/2025\/03\/bartech_logo_800px-400x112.png 400w, https:\/\/zds-solingen.de\/wp-content\/uploads\/2025\/03\/bartech_logo_800px-600x168.png 600w, https:\/\/zds-solingen.de\/wp-content\/uploads\/2025\/03\/bartech_logo_800px.png 800w\" sizes=\"(max-width: 640px) 100vw, 800px\" \/><\/a><\/span><\/div><\/div><\/div><div class=\"fusion-layout-column fusion_builder_column fusion-builder-column-10 fusion_builder_column_1_3 1_3 fusion-flex-column fusion-flex-align-self-center\" style=\"--awb-bg-size:cover;--awb-width-large:33.333333333333%;--awb-margin-top-large:0px;--awb-spacing-right-large:5.76%;--awb-margin-bottom-large:0px;--awb-spacing-left-large:5.76%;--awb-width-medium:33.333333333333%;--awb-order-medium:0;--awb-spacing-right-medium:5.76%;--awb-spacing-left-medium:5.76%;--awb-width-small:100%;--awb-order-small:0;--awb-spacing-right-small:1.92%;--awb-spacing-left-small:1.92%;\"><div class=\"fusion-column-wrapper fusion-column-has-shadow fusion-flex-justify-content-flex-start fusion-content-layout-column\"><div ><a class=\"fusion-button button-flat fusion-button-default-size button-default fusion-button-default button-4 fusion-button-default-span fusion-button-default-type\" target=\"_self\" href=\"https:\/\/bartech-europe.com\/\"><span class=\"fusion-button-text awb-button__text awb-button__text--default\">To the BarTech website<\/span><\/a><\/div><\/div><\/div><\/div><\/div>\n","protected":false},"excerpt":{"rendered":"","protected":false},"author":1,"featured_media":0,"parent":2581,"menu_order":0,"comment_status":"closed","ping_status":"closed","template":"100-width.php","meta":{"footnotes":""},"class_list":["post-2718","page","type-page","status-publish","hentry"],"yoast_head":"<!-- This site is optimized with the Yoast SEO plugin v27.3 - https:\/\/yoast.com\/product\/yoast-seo-wordpress\/ -->\n<title>Congresses in general - ZDS<\/title>\n<meta name=\"robots\" content=\"index, follow, max-snippet:-1, max-image-preview:large, max-video-preview:-1\" \/>\n<link rel=\"canonical\" href=\"https:\/\/zds-solingen.de\/en\/zds-academy\/congresses\/\" \/>\n<meta property=\"og:locale\" content=\"en_US\" \/>\n<meta property=\"og:type\" content=\"article\" \/>\n<meta property=\"og:title\" content=\"Congresses in general - ZDS\" \/>\n<meta property=\"og:url\" content=\"https:\/\/zds-solingen.de\/en\/zds-academy\/congresses\/\" \/>\n<meta property=\"og:site_name\" content=\"ZDS\" \/>\n<meta property=\"article:publisher\" content=\"https:\/\/de-de.facebook.com\/zds.solingen\/\" \/>\n<meta property=\"article:modified_time\" content=\"2025-11-12T08:32:21+00:00\" \/>\n<meta name=\"twitter:card\" content=\"summary_large_image\" \/>\n<meta name=\"twitter:label1\" content=\"Est. reading time\" \/>\n\t<meta name=\"twitter:data1\" content=\"19 minutes\" \/>\n<script type=\"application\/ld+json\" class=\"yoast-schema-graph\">{\"@context\":\"https:\\\/\\\/schema.org\",\"@graph\":[{\"@type\":\"WebPage\",\"@id\":\"https:\\\/\\\/zds-solingen.de\\\/en\\\/zds-academy\\\/congresses\\\/\",\"url\":\"https:\\\/\\\/zds-solingen.de\\\/en\\\/zds-academy\\\/congresses\\\/\",\"name\":\"Congresses in general - ZDS\",\"isPartOf\":{\"@id\":\"https:\\\/\\\/zds-solingen.de\\\/en\\\/#website\"},\"datePublished\":\"2024-01-25T08:07:39+00:00\",\"dateModified\":\"2025-11-12T08:32:21+00:00\",\"breadcrumb\":{\"@id\":\"https:\\\/\\\/zds-solingen.de\\\/en\\\/zds-academy\\\/congresses\\\/#breadcrumb\"},\"inLanguage\":\"en-US\",\"potentialAction\":[{\"@type\":\"ReadAction\",\"target\":[\"https:\\\/\\\/zds-solingen.de\\\/en\\\/zds-academy\\\/congresses\\\/\"]}]},{\"@type\":\"BreadcrumbList\",\"@id\":\"https:\\\/\\\/zds-solingen.de\\\/en\\\/zds-academy\\\/congresses\\\/#breadcrumb\",\"itemListElement\":[{\"@type\":\"ListItem\",\"position\":1,\"name\":\"Startseite\",\"item\":\"https:\\\/\\\/zds-solingen.de\\\/en\\\/home\\\/\"},{\"@type\":\"ListItem\",\"position\":2,\"name\":\"ZDS Academy\",\"item\":\"https:\\\/\\\/zds-solingen.de\\\/en\\\/zds-akademie\\\/\"},{\"@type\":\"ListItem\",\"position\":3,\"name\":\"Congresses in general\"}]},{\"@type\":\"WebSite\",\"@id\":\"https:\\\/\\\/zds-solingen.de\\\/en\\\/#website\",\"url\":\"https:\\\/\\\/zds-solingen.de\\\/en\\\/\",\"name\":\"ZDS Zentralfachschule der Deutschen S\u00fc\u00dfwarenwirtschaft e.V.\",\"description\":\"Zentralfachschule der Deutschen S\u00fc\u00dfwarenwirtschaft e.V.\",\"publisher\":{\"@id\":\"https:\\\/\\\/zds-solingen.de\\\/en\\\/#organization\"},\"potentialAction\":[{\"@type\":\"SearchAction\",\"target\":{\"@type\":\"EntryPoint\",\"urlTemplate\":\"https:\\\/\\\/zds-solingen.de\\\/en\\\/?s={search_term_string}\"},\"query-input\":{\"@type\":\"PropertyValueSpecification\",\"valueRequired\":true,\"valueName\":\"search_term_string\"}}],\"inLanguage\":\"en-US\"},{\"@type\":\"Organization\",\"@id\":\"https:\\\/\\\/zds-solingen.de\\\/en\\\/#organization\",\"name\":\"ZDS Zentralfachschule der Deutschen S\u00fc\u00dfwarenwirtschaft e.V.\",\"url\":\"https:\\\/\\\/zds-solingen.de\\\/en\\\/\",\"logo\":{\"@type\":\"ImageObject\",\"inLanguage\":\"en-US\",\"@id\":\"https:\\\/\\\/zds-solingen.de\\\/en\\\/#\\\/schema\\\/logo\\\/image\\\/\",\"url\":\"https:\\\/\\\/zds-solingen.de\\\/wp-content\\\/uploads\\\/2024\\\/06\\\/ZDS_Logo_verein.png\",\"contentUrl\":\"https:\\\/\\\/zds-solingen.de\\\/wp-content\\\/uploads\\\/2024\\\/06\\\/ZDS_Logo_verein.png\",\"width\":1006,\"height\":545,\"caption\":\"ZDS Zentralfachschule der Deutschen S\u00fc\u00dfwarenwirtschaft e.V.\"},\"image\":{\"@id\":\"https:\\\/\\\/zds-solingen.de\\\/en\\\/#\\\/schema\\\/logo\\\/image\\\/\"},\"sameAs\":[\"https:\\\/\\\/de-de.facebook.com\\\/zds.solingen\\\/\",\"https:\\\/\\\/www.linkedin.com\\\/company\\\/zentralfachschule-der-deutschen-suesswarenwirtschaft-e-v\",\"https:\\\/\\\/www.instagram.com\\\/zds_solingen\"]}]}<\/script>\n<!-- \/ Yoast SEO plugin. -->","yoast_head_json":{"title":"Congresses in general - ZDS","robots":{"index":"index","follow":"follow","max-snippet":"max-snippet:-1","max-image-preview":"max-image-preview:large","max-video-preview":"max-video-preview:-1"},"canonical":"https:\/\/zds-solingen.de\/en\/zds-academy\/congresses\/","og_locale":"en_US","og_type":"article","og_title":"Congresses in general - ZDS","og_url":"https:\/\/zds-solingen.de\/en\/zds-academy\/congresses\/","og_site_name":"ZDS","article_publisher":"https:\/\/de-de.facebook.com\/zds.solingen\/","article_modified_time":"2025-11-12T08:32:21+00:00","twitter_card":"summary_large_image","twitter_misc":{"Est. reading time":"19 minutes"},"schema":{"@context":"https:\/\/schema.org","@graph":[{"@type":"WebPage","@id":"https:\/\/zds-solingen.de\/en\/zds-academy\/congresses\/","url":"https:\/\/zds-solingen.de\/en\/zds-academy\/congresses\/","name":"Congresses in general - ZDS","isPartOf":{"@id":"https:\/\/zds-solingen.de\/en\/#website"},"datePublished":"2024-01-25T08:07:39+00:00","dateModified":"2025-11-12T08:32:21+00:00","breadcrumb":{"@id":"https:\/\/zds-solingen.de\/en\/zds-academy\/congresses\/#breadcrumb"},"inLanguage":"en-US","potentialAction":[{"@type":"ReadAction","target":["https:\/\/zds-solingen.de\/en\/zds-academy\/congresses\/"]}]},{"@type":"BreadcrumbList","@id":"https:\/\/zds-solingen.de\/en\/zds-academy\/congresses\/#breadcrumb","itemListElement":[{"@type":"ListItem","position":1,"name":"Startseite","item":"https:\/\/zds-solingen.de\/en\/home\/"},{"@type":"ListItem","position":2,"name":"ZDS Academy","item":"https:\/\/zds-solingen.de\/en\/zds-akademie\/"},{"@type":"ListItem","position":3,"name":"Congresses in general"}]},{"@type":"WebSite","@id":"https:\/\/zds-solingen.de\/en\/#website","url":"https:\/\/zds-solingen.de\/en\/","name":"ZDS Zentralfachschule der Deutschen S\u00fc\u00dfwarenwirtschaft e.V.","description":"Zentralfachschule der Deutschen S\u00fc\u00dfwarenwirtschaft e.V.","publisher":{"@id":"https:\/\/zds-solingen.de\/en\/#organization"},"potentialAction":[{"@type":"SearchAction","target":{"@type":"EntryPoint","urlTemplate":"https:\/\/zds-solingen.de\/en\/?s={search_term_string}"},"query-input":{"@type":"PropertyValueSpecification","valueRequired":true,"valueName":"search_term_string"}}],"inLanguage":"en-US"},{"@type":"Organization","@id":"https:\/\/zds-solingen.de\/en\/#organization","name":"ZDS Zentralfachschule der Deutschen S\u00fc\u00dfwarenwirtschaft e.V.","url":"https:\/\/zds-solingen.de\/en\/","logo":{"@type":"ImageObject","inLanguage":"en-US","@id":"https:\/\/zds-solingen.de\/en\/#\/schema\/logo\/image\/","url":"https:\/\/zds-solingen.de\/wp-content\/uploads\/2024\/06\/ZDS_Logo_verein.png","contentUrl":"https:\/\/zds-solingen.de\/wp-content\/uploads\/2024\/06\/ZDS_Logo_verein.png","width":1006,"height":545,"caption":"ZDS Zentralfachschule der Deutschen S\u00fc\u00dfwarenwirtschaft e.V."},"image":{"@id":"https:\/\/zds-solingen.de\/en\/#\/schema\/logo\/image\/"},"sameAs":["https:\/\/de-de.facebook.com\/zds.solingen\/","https:\/\/www.linkedin.com\/company\/zentralfachschule-der-deutschen-suesswarenwirtschaft-e-v","https:\/\/www.instagram.com\/zds_solingen"]}]}},"_links":{"self":[{"href":"https:\/\/zds-solingen.de\/en\/wp-json\/wp\/v2\/pages\/2718","targetHints":{"allow":["GET"]}}],"collection":[{"href":"https:\/\/zds-solingen.de\/en\/wp-json\/wp\/v2\/pages"}],"about":[{"href":"https:\/\/zds-solingen.de\/en\/wp-json\/wp\/v2\/types\/page"}],"author":[{"embeddable":true,"href":"https:\/\/zds-solingen.de\/en\/wp-json\/wp\/v2\/users\/1"}],"replies":[{"embeddable":true,"href":"https:\/\/zds-solingen.de\/en\/wp-json\/wp\/v2\/comments?post=2718"}],"version-history":[{"count":8,"href":"https:\/\/zds-solingen.de\/en\/wp-json\/wp\/v2\/pages\/2718\/revisions"}],"predecessor-version":[{"id":11632,"href":"https:\/\/zds-solingen.de\/en\/wp-json\/wp\/v2\/pages\/2718\/revisions\/11632"}],"up":[{"embeddable":true,"href":"https:\/\/zds-solingen.de\/en\/wp-json\/wp\/v2\/pages\/2581"}],"wp:attachment":[{"href":"https:\/\/zds-solingen.de\/en\/wp-json\/wp\/v2\/media?parent=2718"}],"curies":[{"name":"wp","href":"https:\/\/api.w.org\/{rel}","templated":true}]}}