{"id":2676,"date":"2023-05-25T08:10:33","date_gmt":"2023-05-25T08:10:33","guid":{"rendered":"https:\/\/zds-solingen.de\/zds-school\/education\/specialist-for-food-technology\/"},"modified":"2024-10-30T07:48:19","modified_gmt":"2024-10-30T07:48:19","slug":"specialist-for-food-technology","status":"publish","type":"page","link":"https:\/\/zds-solingen.de\/en\/education\/specialist-for-food-technology\/","title":{"rendered":"Specialist for food technology"},"content":{"rendered":"<p><div class=\"fusion-fullwidth fullwidth-box fusion-builder-row-1 fusion-flex-container has-pattern-background has-mask-background nonhundred-percent-fullwidth non-hundred-percent-height-scrolling\" style=\"--awb-border-radius-top-left:0px;--awb-border-radius-top-right:0px;--awb-border-radius-bottom-right:0px;--awb-border-radius-bottom-left:0px;--awb-flex-wrap:wrap;\" ><div class=\"fusion-builder-row fusion-row fusion-flex-align-items-flex-start fusion-flex-content-wrap\" style=\"max-width:1248px;margin-left: calc(-4% \/ 2 );margin-right: calc(-4% \/ 2 );\"><div class=\"fusion-layout-column fusion_builder_column fusion-builder-column-0 fusion_builder_column_1_1 1_1 fusion-flex-column fusion-animated\" style=\"--awb-bg-size:cover;--awb-width-large:100%;--awb-margin-top-large:0px;--awb-spacing-right-large:1.92%;--awb-margin-bottom-large:20px;--awb-spacing-left-large:1.92%;--awb-width-medium:100%;--awb-order-medium:0;--awb-spacing-right-medium:1.92%;--awb-spacing-left-medium:1.92%;--awb-width-small:100%;--awb-order-small:0;--awb-spacing-right-small:1.92%;--awb-spacing-left-small:1.92%;\" data-animationType=\"fadeInLeft\" data-animationDuration=\"1.0\" data-animationOffset=\"top-into-view\"><div class=\"fusion-column-wrapper fusion-column-has-shadow fusion-flex-justify-content-flex-start fusion-content-layout-column\"><div class=\"fusion-title title fusion-title-1 fusion-sep-none fusion-title-text fusion-title-size-one\" style=\"--awb-text-color:var(--awb-color7);--awb-margin-top-small:10px;--awb-margin-right-small:0px;--awb-margin-bottom-small:10px;--awb-margin-left-small:0px;\"><h1 class=\"fusion-title-heading title-heading-left\" style=\"margin:0;\">Specialist for food technology<\/h1><\/div><\/div><\/div><\/div><\/div><div class=\"fusion-fullwidth fullwidth-box fusion-builder-row-2 fusion-flex-container has-pattern-background has-mask-background nonhundred-percent-fullwidth non-hundred-percent-height-scrolling fusion-animated\" style=\"--awb-border-radius-top-left:0px;--awb-border-radius-top-right:0px;--awb-border-radius-bottom-right:0px;--awb-border-radius-bottom-left:0px;--awb-flex-wrap:wrap;\" data-animationType=\"fadeInUp\" data-animationDuration=\"1.0\" data-animationOffset=\"top-into-view\" ><div class=\"fusion-builder-row fusion-row fusion-flex-align-items-flex-start fusion-flex-content-wrap\" style=\"max-width:1248px;margin-left: calc(-4% \/ 2 );margin-right: calc(-4% \/ 2 );\"><div class=\"fusion-layout-column fusion_builder_column fusion-builder-column-1 fusion_builder_column_1_1 1_1 fusion-flex-column\" style=\"--awb-bg-size:cover;--awb-width-large:100%;--awb-margin-top-large:0px;--awb-spacing-right-large:1.92%;--awb-margin-bottom-large:20px;--awb-spacing-left-large:1.92%;--awb-width-medium:100%;--awb-order-medium:0;--awb-spacing-right-medium:1.92%;--awb-spacing-left-medium:1.92%;--awb-width-small:100%;--awb-order-small:0;--awb-spacing-right-small:1.92%;--awb-spacing-left-small:1.92%;\"><div class=\"fusion-column-wrapper fusion-column-has-shadow fusion-flex-justify-content-flex-start fusion-content-layout-column\"><div class=\"accordian fusion-accordian\" style=\"--awb-border-size:1px;--awb-icon-size:16px;--awb-content-font-size:var(--awb-typography4-font-size);--awb-icon-alignment:left;--awb-hover-color:var(--awb-color2);--awb-border-color:var(--awb-color3);--awb-background-color:var(--awb-color2);--awb-divider-color:var(--awb-color3);--awb-divider-hover-color:var(--awb-color3);--awb-icon-color:var(--awb-color1);--awb-title-color:var(--awb-color8);--awb-content-color:var(--awb-color8);--awb-icon-box-color:var(--awb-color7);--awb-toggle-hover-accent-color:hsla(var(--awb-color7-h),calc(var(--awb-color7-s) - 5%),calc(var(--awb-color7-l) - 10%),var(--awb-color7-a));--awb-title-font-family:var(--awb-typography1-font-family);--awb-title-font-weight:var(--awb-typography1-font-weight);--awb-title-font-style:var(--awb-typography1-font-style);--awb-title-font-size:16px;--awb-content-font-family:var(--awb-typography4-font-family);--awb-content-font-weight:var(--awb-typography4-font-weight);--awb-content-font-style:var(--awb-typography4-font-style);\"><div class=\"panel-group fusion-toggle-icon-boxed\" id=\"accordion-2676-1\"><div class=\"fusion-panel panel-default panel-b44b0ee65c4a259f6 fusion-toggle-no-divider fusion-toggle-boxed-mode\"><div class=\"panel-heading\"><h4 class=\"panel-title toggle\" id=\"toggle_b44b0ee65c4a259f6\"><a aria-expanded=\"false\" aria-controls=\"b44b0ee65c4a259f6\" role=\"button\" data-toggle=\"collapse\" data-parent=\"#accordion-2676-1\" data-target=\"#b44b0ee65c4a259f6\" href=\"#b44b0ee65c4a259f6\"><span class=\"fusion-toggle-icon-wrapper\" aria-hidden=\"true\"><i class=\"fa-fusion-box active-icon awb-icon-minus\" aria-hidden=\"true\"><\/i><i class=\"fa-fusion-box inactive-icon awb-icon-plus\" aria-hidden=\"true\"><\/i><\/span><span class=\"fusion-toggle-heading\">Training as a food technology specialist<\/span><\/a><\/h4><\/div><div id=\"b44b0ee65c4a259f6\" class=\"panel-collapse collapse \" aria-labelledby=\"toggle_b44b0ee65c4a259f6\"><div class=\"panel-body toggle-content fusion-clearfix\">\n<p><b>The training lasts 3 years with 12 weeks of instruction per year. The 12 weeks are divided into 3 training blocks. During these teaching blocks, the trainees have all-day lessons. During this time, you will live in the colleague&#8217;s own boarding school.<\/b><\/p>\n<p>The pupils attend the state specialist class at the ZDS. Lessons are taught in block form and are divided into the following areas:<\/p>\n<p><b>I. Occupational area<\/b><\/p>\n<ul>\n<li>Economics and business studies<\/li>\n<li>Food technology<\/li>\n<li>Production process<\/li>\n<\/ul>\n<p><b>II Cross-occupational learning area<\/b><\/p>\n<ul>\n<li>German \/ Communication<\/li>\n<li>Religious education<\/li>\n<li>Sport \/ health promotion<\/li>\n<li>Politics \/ social studies  <\/li>\n<\/ul>\n<p>The subjects are supplemented by practicals in the school&#8217;s own pilot plant rooms and the QA laboratory as well as excursions.<\/p>\n<\/div><\/div><\/div><div class=\"fusion-panel panel-default panel-9296d3bda07048af7 fusion-toggle-no-divider fusion-toggle-boxed-mode\"><div class=\"panel-heading\"><h4 class=\"panel-title toggle\" id=\"toggle_9296d3bda07048af7\"><a aria-expanded=\"false\" aria-controls=\"9296d3bda07048af7\" role=\"button\" data-toggle=\"collapse\" data-parent=\"#accordion-2676-1\" data-target=\"#9296d3bda07048af7\" href=\"#9296d3bda07048af7\"><span class=\"fusion-toggle-icon-wrapper\" aria-hidden=\"true\"><i class=\"fa-fusion-box active-icon awb-icon-minus\" aria-hidden=\"true\"><\/i><i class=\"fa-fusion-box inactive-icon awb-icon-plus\" aria-hidden=\"true\"><\/i><\/span><span class=\"fusion-toggle-heading\">The learning fields<\/span><\/a><\/h4><\/div><div id=\"9296d3bda07048af7\" class=\"panel-collapse collapse \" aria-labelledby=\"toggle_9296d3bda07048af7\"><div class=\"panel-body toggle-content fusion-clearfix\">\n<p><b>Food technology and production processes are two of the main areas of study in the food technology apprenticeship.<\/b><\/p>\n<p><b>Food technology <\/b>focuses on the <b>raw materials, semi-finished products and auxiliary materials<\/b> required for the production of food.<\/p>\n<p>The subjects taught are the analysis of food ingredients, development of production processes, comparison and assessment of various pre-treatment methods, mixing and separation processes with regard to product and production-oriented processing and preservation as well as the monitoring of food quality, including aspects of operational quality management.<\/p>\n<p>In the subject of <b>production processes <\/b>, the focus is on the processes for <b>manufacturing, storing and packaging<\/b> the various product groups.<\/p>\n<p>The course content relates to the requirements and legal regulations for the proper storage of food and materials, product-appropriate packaging and the control, evaluation and calculation of corresponding processes, conveyor and storage systems.<\/p>\n<p>Packaging processes are evaluated with regard to measurement and control technology (MCR), nominal fill quantity control and closure control. Changes in food are analyzed from a physical, chemical and biochemical point of view.<\/p>\n<\/div><\/div><\/div><div class=\"fusion-panel panel-default panel-87223cc82b33ebe1b fusion-toggle-no-divider fusion-toggle-boxed-mode\"><div class=\"panel-heading\"><h4 class=\"panel-title toggle\" id=\"toggle_87223cc82b33ebe1b\"><a aria-expanded=\"false\" aria-controls=\"87223cc82b33ebe1b\" role=\"button\" data-toggle=\"collapse\" data-parent=\"#accordion-2676-1\" data-target=\"#87223cc82b33ebe1b\" href=\"#87223cc82b33ebe1b\"><span class=\"fusion-toggle-icon-wrapper\" aria-hidden=\"true\"><i class=\"fa-fusion-box active-icon awb-icon-minus\" aria-hidden=\"true\"><\/i><i class=\"fa-fusion-box inactive-icon awb-icon-plus\" aria-hidden=\"true\"><\/i><\/span><span class=\"fusion-toggle-heading\">The test<\/span><\/a><\/h4><\/div><div id=\"87223cc82b33ebe1b\" class=\"panel-collapse collapse \" aria-labelledby=\"toggle_87223cc82b33ebe1b\"><div class=\"panel-body toggle-content fusion-clearfix\">\n<p>The training ends with a theoretical knowledge test in the following subjects<\/p>\n<ul>\n<li>Quality management<\/li>\n<li>Technology<\/li>\n<li>Economics and business studies<\/li>\n<\/ul>\n<p>and a practical skills test in the company-specific activity. The theoretical examinations are taken at the Chamber of Industry and Commerce in the respective home town. The practical examination is carried out by the responsible Chamber of Industry and Commerce in your own training company.<\/p>\n<p>After passing the examination, the candidate receives a certificate as a food technology specialist.<\/p>\n<\/div><\/div><\/div><div class=\"fusion-panel panel-default panel-707ddcab95442e79c fusion-toggle-no-divider fusion-toggle-boxed-mode\"><div class=\"panel-heading\"><h4 class=\"panel-title toggle\" id=\"toggle_707ddcab95442e79c\"><a aria-expanded=\"false\" aria-controls=\"707ddcab95442e79c\" role=\"button\" data-toggle=\"collapse\" data-parent=\"#accordion-2676-1\" data-target=\"#707ddcab95442e79c\" href=\"#707ddcab95442e79c\"><span class=\"fusion-toggle-icon-wrapper\" aria-hidden=\"true\"><i class=\"fa-fusion-box active-icon awb-icon-minus\" aria-hidden=\"true\"><\/i><i class=\"fa-fusion-box inactive-icon awb-icon-plus\" aria-hidden=\"true\"><\/i><\/span><span class=\"fusion-toggle-heading\">Registration<\/span><\/a><\/h4><\/div><div id=\"707ddcab95442e79c\" class=\"panel-collapse collapse \" aria-labelledby=\"toggle_707ddcab95442e79c\"><div class=\"panel-body toggle-content fusion-clearfix\">\n<p><a href=\"https:\/\/zds-solingen.de\/en\/training-registration\/\">Click here to register<\/a><\/p>\n<\/div><\/div><\/div><\/div><\/div><\/div><\/div><\/div><\/div><\/p>\n","protected":false},"excerpt":{"rendered":"","protected":false},"author":1,"featured_media":0,"parent":2657,"menu_order":0,"comment_status":"closed","ping_status":"closed","template":"100-width.php","meta":{"footnotes":""},"class_list":["post-2676","page","type-page","status-publish","hentry"],"yoast_head":"<!-- This site is optimized with the Yoast SEO plugin v27.3 - https:\/\/yoast.com\/product\/yoast-seo-wordpress\/ -->\n<title>Specialist for food technology - ZDS<\/title>\n<meta name=\"robots\" content=\"index, follow, max-snippet:-1, max-image-preview:large, max-video-preview:-1\" \/>\n<link rel=\"canonical\" href=\"https:\/\/zds-solingen.de\/en\/education\/specialist-for-food-technology\/\" \/>\n<meta property=\"og:locale\" content=\"en_US\" \/>\n<meta property=\"og:type\" content=\"article\" \/>\n<meta property=\"og:title\" content=\"Specialist for food technology - ZDS\" \/>\n<meta property=\"og:url\" content=\"https:\/\/zds-solingen.de\/en\/education\/specialist-for-food-technology\/\" \/>\n<meta property=\"og:site_name\" content=\"ZDS\" \/>\n<meta property=\"article:publisher\" content=\"https:\/\/de-de.facebook.com\/zds.solingen\/\" \/>\n<meta property=\"article:modified_time\" content=\"2024-10-30T07:48:19+00:00\" \/>\n<meta name=\"twitter:card\" content=\"summary_large_image\" \/>\n<meta name=\"twitter:label1\" content=\"Est. reading time\" \/>\n\t<meta name=\"twitter:data1\" content=\"7 minutes\" \/>\n<script type=\"application\/ld+json\" class=\"yoast-schema-graph\">{\"@context\":\"https:\\\/\\\/schema.org\",\"@graph\":[{\"@type\":\"WebPage\",\"@id\":\"https:\\\/\\\/zds-solingen.de\\\/en\\\/education\\\/specialist-for-food-technology\\\/\",\"url\":\"https:\\\/\\\/zds-solingen.de\\\/en\\\/education\\\/specialist-for-food-technology\\\/\",\"name\":\"Specialist for food technology - ZDS\",\"isPartOf\":{\"@id\":\"https:\\\/\\\/zds-solingen.de\\\/en\\\/#website\"},\"datePublished\":\"2023-05-25T08:10:33+00:00\",\"dateModified\":\"2024-10-30T07:48:19+00:00\",\"breadcrumb\":{\"@id\":\"https:\\\/\\\/zds-solingen.de\\\/en\\\/education\\\/specialist-for-food-technology\\\/#breadcrumb\"},\"inLanguage\":\"en-US\",\"potentialAction\":[{\"@type\":\"ReadAction\",\"target\":[\"https:\\\/\\\/zds-solingen.de\\\/en\\\/education\\\/specialist-for-food-technology\\\/\"]}]},{\"@type\":\"BreadcrumbList\",\"@id\":\"https:\\\/\\\/zds-solingen.de\\\/en\\\/education\\\/specialist-for-food-technology\\\/#breadcrumb\",\"itemListElement\":[{\"@type\":\"ListItem\",\"position\":1,\"name\":\"Startseite\",\"item\":\"https:\\\/\\\/zds-solingen.de\\\/en\\\/home\\\/\"},{\"@type\":\"ListItem\",\"position\":2,\"name\":\"Education\",\"item\":\"https:\\\/\\\/zds-solingen.de\\\/en\\\/education\\\/\"},{\"@type\":\"ListItem\",\"position\":3,\"name\":\"Specialist for food technology\"}]},{\"@type\":\"WebSite\",\"@id\":\"https:\\\/\\\/zds-solingen.de\\\/en\\\/#website\",\"url\":\"https:\\\/\\\/zds-solingen.de\\\/en\\\/\",\"name\":\"ZDS Zentralfachschule der Deutschen S\u00fc\u00dfwarenwirtschaft e.V.\",\"description\":\"Zentralfachschule der Deutschen S\u00fc\u00dfwarenwirtschaft e.V.\",\"publisher\":{\"@id\":\"https:\\\/\\\/zds-solingen.de\\\/en\\\/#organization\"},\"potentialAction\":[{\"@type\":\"SearchAction\",\"target\":{\"@type\":\"EntryPoint\",\"urlTemplate\":\"https:\\\/\\\/zds-solingen.de\\\/en\\\/?s={search_term_string}\"},\"query-input\":{\"@type\":\"PropertyValueSpecification\",\"valueRequired\":true,\"valueName\":\"search_term_string\"}}],\"inLanguage\":\"en-US\"},{\"@type\":\"Organization\",\"@id\":\"https:\\\/\\\/zds-solingen.de\\\/en\\\/#organization\",\"name\":\"ZDS Zentralfachschule der Deutschen S\u00fc\u00dfwarenwirtschaft e.V.\",\"url\":\"https:\\\/\\\/zds-solingen.de\\\/en\\\/\",\"logo\":{\"@type\":\"ImageObject\",\"inLanguage\":\"en-US\",\"@id\":\"https:\\\/\\\/zds-solingen.de\\\/en\\\/#\\\/schema\\\/logo\\\/image\\\/\",\"url\":\"https:\\\/\\\/zds-solingen.de\\\/wp-content\\\/uploads\\\/2024\\\/06\\\/ZDS_Logo_verein.png\",\"contentUrl\":\"https:\\\/\\\/zds-solingen.de\\\/wp-content\\\/uploads\\\/2024\\\/06\\\/ZDS_Logo_verein.png\",\"width\":1006,\"height\":545,\"caption\":\"ZDS Zentralfachschule der Deutschen S\u00fc\u00dfwarenwirtschaft e.V.\"},\"image\":{\"@id\":\"https:\\\/\\\/zds-solingen.de\\\/en\\\/#\\\/schema\\\/logo\\\/image\\\/\"},\"sameAs\":[\"https:\\\/\\\/de-de.facebook.com\\\/zds.solingen\\\/\",\"https:\\\/\\\/www.linkedin.com\\\/company\\\/zentralfachschule-der-deutschen-suesswarenwirtschaft-e-v\",\"https:\\\/\\\/www.instagram.com\\\/zds_solingen\"]}]}<\/script>\n<!-- \/ Yoast SEO plugin. -->","yoast_head_json":{"title":"Specialist for food technology - ZDS","robots":{"index":"index","follow":"follow","max-snippet":"max-snippet:-1","max-image-preview":"max-image-preview:large","max-video-preview":"max-video-preview:-1"},"canonical":"https:\/\/zds-solingen.de\/en\/education\/specialist-for-food-technology\/","og_locale":"en_US","og_type":"article","og_title":"Specialist for food technology - ZDS","og_url":"https:\/\/zds-solingen.de\/en\/education\/specialist-for-food-technology\/","og_site_name":"ZDS","article_publisher":"https:\/\/de-de.facebook.com\/zds.solingen\/","article_modified_time":"2024-10-30T07:48:19+00:00","twitter_card":"summary_large_image","twitter_misc":{"Est. reading time":"7 minutes"},"schema":{"@context":"https:\/\/schema.org","@graph":[{"@type":"WebPage","@id":"https:\/\/zds-solingen.de\/en\/education\/specialist-for-food-technology\/","url":"https:\/\/zds-solingen.de\/en\/education\/specialist-for-food-technology\/","name":"Specialist for food technology - ZDS","isPartOf":{"@id":"https:\/\/zds-solingen.de\/en\/#website"},"datePublished":"2023-05-25T08:10:33+00:00","dateModified":"2024-10-30T07:48:19+00:00","breadcrumb":{"@id":"https:\/\/zds-solingen.de\/en\/education\/specialist-for-food-technology\/#breadcrumb"},"inLanguage":"en-US","potentialAction":[{"@type":"ReadAction","target":["https:\/\/zds-solingen.de\/en\/education\/specialist-for-food-technology\/"]}]},{"@type":"BreadcrumbList","@id":"https:\/\/zds-solingen.de\/en\/education\/specialist-for-food-technology\/#breadcrumb","itemListElement":[{"@type":"ListItem","position":1,"name":"Startseite","item":"https:\/\/zds-solingen.de\/en\/home\/"},{"@type":"ListItem","position":2,"name":"Education","item":"https:\/\/zds-solingen.de\/en\/education\/"},{"@type":"ListItem","position":3,"name":"Specialist for food technology"}]},{"@type":"WebSite","@id":"https:\/\/zds-solingen.de\/en\/#website","url":"https:\/\/zds-solingen.de\/en\/","name":"ZDS Zentralfachschule der Deutschen S\u00fc\u00dfwarenwirtschaft e.V.","description":"Zentralfachschule der Deutschen S\u00fc\u00dfwarenwirtschaft e.V.","publisher":{"@id":"https:\/\/zds-solingen.de\/en\/#organization"},"potentialAction":[{"@type":"SearchAction","target":{"@type":"EntryPoint","urlTemplate":"https:\/\/zds-solingen.de\/en\/?s={search_term_string}"},"query-input":{"@type":"PropertyValueSpecification","valueRequired":true,"valueName":"search_term_string"}}],"inLanguage":"en-US"},{"@type":"Organization","@id":"https:\/\/zds-solingen.de\/en\/#organization","name":"ZDS Zentralfachschule der Deutschen S\u00fc\u00dfwarenwirtschaft e.V.","url":"https:\/\/zds-solingen.de\/en\/","logo":{"@type":"ImageObject","inLanguage":"en-US","@id":"https:\/\/zds-solingen.de\/en\/#\/schema\/logo\/image\/","url":"https:\/\/zds-solingen.de\/wp-content\/uploads\/2024\/06\/ZDS_Logo_verein.png","contentUrl":"https:\/\/zds-solingen.de\/wp-content\/uploads\/2024\/06\/ZDS_Logo_verein.png","width":1006,"height":545,"caption":"ZDS Zentralfachschule der Deutschen S\u00fc\u00dfwarenwirtschaft e.V."},"image":{"@id":"https:\/\/zds-solingen.de\/en\/#\/schema\/logo\/image\/"},"sameAs":["https:\/\/de-de.facebook.com\/zds.solingen\/","https:\/\/www.linkedin.com\/company\/zentralfachschule-der-deutschen-suesswarenwirtschaft-e-v","https:\/\/www.instagram.com\/zds_solingen"]}]}},"_links":{"self":[{"href":"https:\/\/zds-solingen.de\/en\/wp-json\/wp\/v2\/pages\/2676","targetHints":{"allow":["GET"]}}],"collection":[{"href":"https:\/\/zds-solingen.de\/en\/wp-json\/wp\/v2\/pages"}],"about":[{"href":"https:\/\/zds-solingen.de\/en\/wp-json\/wp\/v2\/types\/page"}],"author":[{"embeddable":true,"href":"https:\/\/zds-solingen.de\/en\/wp-json\/wp\/v2\/users\/1"}],"replies":[{"embeddable":true,"href":"https:\/\/zds-solingen.de\/en\/wp-json\/wp\/v2\/comments?post=2676"}],"version-history":[{"count":5,"href":"https:\/\/zds-solingen.de\/en\/wp-json\/wp\/v2\/pages\/2676\/revisions"}],"predecessor-version":[{"id":7555,"href":"https:\/\/zds-solingen.de\/en\/wp-json\/wp\/v2\/pages\/2676\/revisions\/7555"}],"up":[{"embeddable":true,"href":"https:\/\/zds-solingen.de\/en\/wp-json\/wp\/v2\/pages\/2657"}],"wp:attachment":[{"href":"https:\/\/zds-solingen.de\/en\/wp-json\/wp\/v2\/media?parent=2676"}],"curies":[{"name":"wp","href":"https:\/\/api.w.org\/{rel}","templated":true}]}}