{"id":2667,"date":"2023-06-05T08:39:49","date_gmt":"2023-06-05T08:39:49","guid":{"rendered":"https:\/\/zds-solingen.de\/zds-school\/canteen\/"},"modified":"2024-09-02T06:40:49","modified_gmt":"2024-09-02T06:40:49","slug":"canteen","status":"publish","type":"page","link":"https:\/\/zds-solingen.de\/en\/about-zds\/guiding-principle\/canteen\/","title":{"rendered":"Canteen"},"content":{"rendered":"<div class=\"fusion-fullwidth fullwidth-box fusion-builder-row-1 fusion-flex-container has-pattern-background has-mask-background nonhundred-percent-fullwidth non-hundred-percent-height-scrolling\" style=\"--awb-border-radius-top-left:0px;--awb-border-radius-top-right:0px;--awb-border-radius-bottom-right:0px;--awb-border-radius-bottom-left:0px;--awb-flex-wrap:wrap;\" ><div class=\"fusion-builder-row fusion-row fusion-flex-align-items-flex-start fusion-flex-content-wrap\" style=\"max-width:1248px;margin-left: calc(-4% \/ 2 );margin-right: calc(-4% \/ 2 );\"><div class=\"fusion-layout-column fusion_builder_column fusion-builder-column-0 fusion_builder_column_1_3 1_3 fusion-flex-column fusion-animated\" style=\"--awb-bg-size:cover;--awb-width-large:33.333333333333%;--awb-margin-top-large:0px;--awb-spacing-right-large:5.76%;--awb-margin-bottom-large:20px;--awb-spacing-left-large:5.76%;--awb-width-medium:33.333333333333%;--awb-order-medium:0;--awb-spacing-right-medium:5.76%;--awb-spacing-left-medium:5.76%;--awb-width-small:100%;--awb-order-small:0;--awb-spacing-right-small:1.92%;--awb-spacing-left-small:1.92%;\" data-animationType=\"fadeInLeft\" data-animationDuration=\"1.0\" data-animationOffset=\"top-into-view\"><div class=\"fusion-column-wrapper fusion-column-has-shadow fusion-flex-justify-content-flex-start fusion-content-layout-column\"><div class=\"fusion-title title fusion-title-1 fusion-sep-none fusion-title-text fusion-title-size-one\" style=\"--awb-text-color:var(--awb-color7);--awb-margin-top-small:10px;--awb-margin-right-small:0px;--awb-margin-bottom-small:10px;--awb-margin-left-small:0px;\"><h1 class=\"fusion-title-heading title-heading-left\" style=\"margin:0;\"><h1 class=\"csc-firstHeader\">The ZDS canteen<\/h1><\/h1><\/div><\/div><\/div><div class=\"fusion-layout-column fusion_builder_column fusion-builder-column-1 fusion_builder_column_2_3 2_3 fusion-flex-column fusion-animated\" style=\"--awb-bg-size:cover;--awb-width-large:66.666666666667%;--awb-margin-top-large:0px;--awb-spacing-right-large:2.88%;--awb-margin-bottom-large:20px;--awb-spacing-left-large:2.88%;--awb-width-medium:66.666666666667%;--awb-order-medium:0;--awb-spacing-right-medium:2.88%;--awb-spacing-left-medium:2.88%;--awb-width-small:100%;--awb-order-small:0;--awb-spacing-right-small:1.92%;--awb-spacing-left-small:1.92%;\" data-animationType=\"fadeInRight\" data-animationDuration=\"1.0\" data-animationOffset=\"top-into-view\"><div class=\"fusion-column-wrapper fusion-column-has-shadow fusion-flex-justify-content-flex-start fusion-content-layout-column\"><div class=\"fusion-text fusion-text-1\"><p class=\"bodytext\">The ZDS canteen is located at the heart of the school campus. In a bright and friendly atmosphere, students, seminar participants from all over the world and ZDS employees come together for breakfast, lunch or dinner. Anyone who has had a long and instructive day at school is happy when they don&#8217;t have to worry about preparing the food. Here you can enjoy your breaks and start the day actively and end it happily.<\/p>\n<p class=\"bodytext\">\n<p class=\"bodytext\">Particular emphasis is placed on a healthy and varied diet. Every day, canteen guests can choose between two different dishes. Of course, a vegetarian dish is also offered.<\/p>\n<p class=\"bodytext\">\n<p class=\"bodytext\">Our international guests often have special requirements. Whether vegetarian or vegan &#8211; allergy or intolerance, if you let us know in advance what your needs are, we will be happy to prepare accordingly.<\/p>\n<\/div><\/div><\/div><\/div><\/div>\n","protected":false},"excerpt":{"rendered":"","protected":false},"author":1,"featured_media":0,"parent":2639,"menu_order":0,"comment_status":"closed","ping_status":"closed","template":"100-width.php","meta":{"footnotes":""},"class_list":["post-2667","page","type-page","status-publish","hentry"],"yoast_head":"<!-- This site is optimized with the Yoast SEO plugin v27.3 - https:\/\/yoast.com\/product\/yoast-seo-wordpress\/ -->\n<title>Canteen - ZDS<\/title>\n<meta name=\"robots\" content=\"index, follow, max-snippet:-1, max-image-preview:large, max-video-preview:-1\" \/>\n<link rel=\"canonical\" href=\"https:\/\/zds-solingen.de\/en\/about-zds\/guiding-principle\/canteen\/\" \/>\n<meta property=\"og:locale\" content=\"en_US\" \/>\n<meta property=\"og:type\" content=\"article\" \/>\n<meta property=\"og:title\" content=\"Canteen - ZDS\" \/>\n<meta property=\"og:url\" content=\"https:\/\/zds-solingen.de\/en\/about-zds\/guiding-principle\/canteen\/\" \/>\n<meta property=\"og:site_name\" content=\"ZDS\" \/>\n<meta property=\"article:publisher\" content=\"https:\/\/de-de.facebook.com\/zds.solingen\/\" \/>\n<meta property=\"article:modified_time\" content=\"2024-09-02T06:40:49+00:00\" \/>\n<meta name=\"twitter:card\" content=\"summary_large_image\" \/>\n<meta name=\"twitter:label1\" content=\"Est. reading time\" \/>\n\t<meta name=\"twitter:data1\" content=\"5 minutes\" \/>\n<script type=\"application\/ld+json\" class=\"yoast-schema-graph\">{\"@context\":\"https:\\\/\\\/schema.org\",\"@graph\":[{\"@type\":\"WebPage\",\"@id\":\"https:\\\/\\\/zds-solingen.de\\\/en\\\/about-zds\\\/guiding-principle\\\/canteen\\\/\",\"url\":\"https:\\\/\\\/zds-solingen.de\\\/en\\\/about-zds\\\/guiding-principle\\\/canteen\\\/\",\"name\":\"Canteen - ZDS\",\"isPartOf\":{\"@id\":\"https:\\\/\\\/zds-solingen.de\\\/en\\\/#website\"},\"datePublished\":\"2023-06-05T08:39:49+00:00\",\"dateModified\":\"2024-09-02T06:40:49+00:00\",\"breadcrumb\":{\"@id\":\"https:\\\/\\\/zds-solingen.de\\\/en\\\/about-zds\\\/guiding-principle\\\/canteen\\\/#breadcrumb\"},\"inLanguage\":\"en-US\",\"potentialAction\":[{\"@type\":\"ReadAction\",\"target\":[\"https:\\\/\\\/zds-solingen.de\\\/en\\\/about-zds\\\/guiding-principle\\\/canteen\\\/\"]}]},{\"@type\":\"BreadcrumbList\",\"@id\":\"https:\\\/\\\/zds-solingen.de\\\/en\\\/about-zds\\\/guiding-principle\\\/canteen\\\/#breadcrumb\",\"itemListElement\":[{\"@type\":\"ListItem\",\"position\":1,\"name\":\"Startseite\",\"item\":\"https:\\\/\\\/zds-solingen.de\\\/en\\\/home\\\/\"},{\"@type\":\"ListItem\",\"position\":2,\"name\":\"Guiding Principle\",\"item\":\"https:\\\/\\\/zds-solingen.de\\\/en\\\/guiding-principle\\\/\"},{\"@type\":\"ListItem\",\"position\":3,\"name\":\"Canteen\"}]},{\"@type\":\"WebSite\",\"@id\":\"https:\\\/\\\/zds-solingen.de\\\/en\\\/#website\",\"url\":\"https:\\\/\\\/zds-solingen.de\\\/en\\\/\",\"name\":\"ZDS Zentralfachschule der Deutschen S\u00fc\u00dfwarenwirtschaft e.V.\",\"description\":\"Zentralfachschule der Deutschen S\u00fc\u00dfwarenwirtschaft e.V.\",\"publisher\":{\"@id\":\"https:\\\/\\\/zds-solingen.de\\\/en\\\/#organization\"},\"potentialAction\":[{\"@type\":\"SearchAction\",\"target\":{\"@type\":\"EntryPoint\",\"urlTemplate\":\"https:\\\/\\\/zds-solingen.de\\\/en\\\/?s={search_term_string}\"},\"query-input\":{\"@type\":\"PropertyValueSpecification\",\"valueRequired\":true,\"valueName\":\"search_term_string\"}}],\"inLanguage\":\"en-US\"},{\"@type\":\"Organization\",\"@id\":\"https:\\\/\\\/zds-solingen.de\\\/en\\\/#organization\",\"name\":\"ZDS Zentralfachschule der Deutschen S\u00fc\u00dfwarenwirtschaft e.V.\",\"url\":\"https:\\\/\\\/zds-solingen.de\\\/en\\\/\",\"logo\":{\"@type\":\"ImageObject\",\"inLanguage\":\"en-US\",\"@id\":\"https:\\\/\\\/zds-solingen.de\\\/en\\\/#\\\/schema\\\/logo\\\/image\\\/\",\"url\":\"https:\\\/\\\/zds-solingen.de\\\/wp-content\\\/uploads\\\/2024\\\/06\\\/ZDS_Logo_verein.png\",\"contentUrl\":\"https:\\\/\\\/zds-solingen.de\\\/wp-content\\\/uploads\\\/2024\\\/06\\\/ZDS_Logo_verein.png\",\"width\":1006,\"height\":545,\"caption\":\"ZDS Zentralfachschule der Deutschen S\u00fc\u00dfwarenwirtschaft e.V.\"},\"image\":{\"@id\":\"https:\\\/\\\/zds-solingen.de\\\/en\\\/#\\\/schema\\\/logo\\\/image\\\/\"},\"sameAs\":[\"https:\\\/\\\/de-de.facebook.com\\\/zds.solingen\\\/\",\"https:\\\/\\\/www.linkedin.com\\\/company\\\/zentralfachschule-der-deutschen-suesswarenwirtschaft-e-v\",\"https:\\\/\\\/www.instagram.com\\\/zds_solingen\"]}]}<\/script>\n<!-- \/ Yoast SEO plugin. -->","yoast_head_json":{"title":"Canteen - ZDS","robots":{"index":"index","follow":"follow","max-snippet":"max-snippet:-1","max-image-preview":"max-image-preview:large","max-video-preview":"max-video-preview:-1"},"canonical":"https:\/\/zds-solingen.de\/en\/about-zds\/guiding-principle\/canteen\/","og_locale":"en_US","og_type":"article","og_title":"Canteen - ZDS","og_url":"https:\/\/zds-solingen.de\/en\/about-zds\/guiding-principle\/canteen\/","og_site_name":"ZDS","article_publisher":"https:\/\/de-de.facebook.com\/zds.solingen\/","article_modified_time":"2024-09-02T06:40:49+00:00","twitter_card":"summary_large_image","twitter_misc":{"Est. reading time":"5 minutes"},"schema":{"@context":"https:\/\/schema.org","@graph":[{"@type":"WebPage","@id":"https:\/\/zds-solingen.de\/en\/about-zds\/guiding-principle\/canteen\/","url":"https:\/\/zds-solingen.de\/en\/about-zds\/guiding-principle\/canteen\/","name":"Canteen - ZDS","isPartOf":{"@id":"https:\/\/zds-solingen.de\/en\/#website"},"datePublished":"2023-06-05T08:39:49+00:00","dateModified":"2024-09-02T06:40:49+00:00","breadcrumb":{"@id":"https:\/\/zds-solingen.de\/en\/about-zds\/guiding-principle\/canteen\/#breadcrumb"},"inLanguage":"en-US","potentialAction":[{"@type":"ReadAction","target":["https:\/\/zds-solingen.de\/en\/about-zds\/guiding-principle\/canteen\/"]}]},{"@type":"BreadcrumbList","@id":"https:\/\/zds-solingen.de\/en\/about-zds\/guiding-principle\/canteen\/#breadcrumb","itemListElement":[{"@type":"ListItem","position":1,"name":"Startseite","item":"https:\/\/zds-solingen.de\/en\/home\/"},{"@type":"ListItem","position":2,"name":"Guiding Principle","item":"https:\/\/zds-solingen.de\/en\/guiding-principle\/"},{"@type":"ListItem","position":3,"name":"Canteen"}]},{"@type":"WebSite","@id":"https:\/\/zds-solingen.de\/en\/#website","url":"https:\/\/zds-solingen.de\/en\/","name":"ZDS Zentralfachschule der Deutschen S\u00fc\u00dfwarenwirtschaft e.V.","description":"Zentralfachschule der Deutschen S\u00fc\u00dfwarenwirtschaft e.V.","publisher":{"@id":"https:\/\/zds-solingen.de\/en\/#organization"},"potentialAction":[{"@type":"SearchAction","target":{"@type":"EntryPoint","urlTemplate":"https:\/\/zds-solingen.de\/en\/?s={search_term_string}"},"query-input":{"@type":"PropertyValueSpecification","valueRequired":true,"valueName":"search_term_string"}}],"inLanguage":"en-US"},{"@type":"Organization","@id":"https:\/\/zds-solingen.de\/en\/#organization","name":"ZDS Zentralfachschule der Deutschen S\u00fc\u00dfwarenwirtschaft e.V.","url":"https:\/\/zds-solingen.de\/en\/","logo":{"@type":"ImageObject","inLanguage":"en-US","@id":"https:\/\/zds-solingen.de\/en\/#\/schema\/logo\/image\/","url":"https:\/\/zds-solingen.de\/wp-content\/uploads\/2024\/06\/ZDS_Logo_verein.png","contentUrl":"https:\/\/zds-solingen.de\/wp-content\/uploads\/2024\/06\/ZDS_Logo_verein.png","width":1006,"height":545,"caption":"ZDS Zentralfachschule der Deutschen S\u00fc\u00dfwarenwirtschaft e.V."},"image":{"@id":"https:\/\/zds-solingen.de\/en\/#\/schema\/logo\/image\/"},"sameAs":["https:\/\/de-de.facebook.com\/zds.solingen\/","https:\/\/www.linkedin.com\/company\/zentralfachschule-der-deutschen-suesswarenwirtschaft-e-v","https:\/\/www.instagram.com\/zds_solingen"]}]}},"_links":{"self":[{"href":"https:\/\/zds-solingen.de\/en\/wp-json\/wp\/v2\/pages\/2667","targetHints":{"allow":["GET"]}}],"collection":[{"href":"https:\/\/zds-solingen.de\/en\/wp-json\/wp\/v2\/pages"}],"about":[{"href":"https:\/\/zds-solingen.de\/en\/wp-json\/wp\/v2\/types\/page"}],"author":[{"embeddable":true,"href":"https:\/\/zds-solingen.de\/en\/wp-json\/wp\/v2\/users\/1"}],"replies":[{"embeddable":true,"href":"https:\/\/zds-solingen.de\/en\/wp-json\/wp\/v2\/comments?post=2667"}],"version-history":[{"count":5,"href":"https:\/\/zds-solingen.de\/en\/wp-json\/wp\/v2\/pages\/2667\/revisions"}],"predecessor-version":[{"id":5869,"href":"https:\/\/zds-solingen.de\/en\/wp-json\/wp\/v2\/pages\/2667\/revisions\/5869"}],"up":[{"embeddable":true,"href":"https:\/\/zds-solingen.de\/en\/wp-json\/wp\/v2\/pages\/2639"}],"wp:attachment":[{"href":"https:\/\/zds-solingen.de\/en\/wp-json\/wp\/v2\/media?parent=2667"}],"curies":[{"name":"wp","href":"https:\/\/api.w.org\/{rel}","templated":true}]}}