{"id":2663,"date":"2023-06-05T07:52:09","date_gmt":"2023-06-05T07:52:09","guid":{"rendered":"https:\/\/zds-solingen.de\/zds-school\/further-training\/"},"modified":"2024-10-30T07:56:46","modified_gmt":"2024-10-30T07:56:46","slug":"further-training","status":"publish","type":"page","link":"https:\/\/zds-solingen.de\/en\/further-training\/","title":{"rendered":"Further training"},"content":{"rendered":"<p><div class=\"fusion-fullwidth fullwidth-box fusion-builder-row-1 fusion-flex-container has-pattern-background has-mask-background nonhundred-percent-fullwidth non-hundred-percent-height-scrolling\" style=\"--awb-border-radius-top-left:0px;--awb-border-radius-top-right:0px;--awb-border-radius-bottom-right:0px;--awb-border-radius-bottom-left:0px;--awb-flex-wrap:wrap;\" ><div class=\"fusion-builder-row fusion-row fusion-flex-align-items-flex-start fusion-flex-content-wrap\" style=\"max-width:1248px;margin-left: calc(-4% \/ 2 );margin-right: calc(-4% \/ 2 );\"><div class=\"fusion-layout-column fusion_builder_column fusion-builder-column-0 fusion_builder_column_1_1 1_1 fusion-flex-column fusion-animated\" style=\"--awb-bg-size:cover;--awb-width-large:100%;--awb-margin-top-large:0px;--awb-spacing-right-large:1.92%;--awb-margin-bottom-large:20px;--awb-spacing-left-large:1.92%;--awb-width-medium:100%;--awb-order-medium:0;--awb-spacing-right-medium:1.92%;--awb-spacing-left-medium:1.92%;--awb-width-small:100%;--awb-order-small:0;--awb-spacing-right-small:1.92%;--awb-spacing-left-small:1.92%;\" data-animationType=\"fadeInLeft\" data-animationDuration=\"0.3\" data-animationOffset=\"top-into-view\"><div class=\"fusion-column-wrapper fusion-column-has-shadow fusion-flex-justify-content-flex-start fusion-content-layout-column\"><div class=\"fusion-title title fusion-title-1 fusion-sep-none fusion-title-text fusion-title-size-one\" style=\"--awb-text-color:var(--awb-color7);--awb-margin-top-small:10px;--awb-margin-right-small:0px;--awb-margin-bottom-small:10px;--awb-margin-left-small:0px;\"><h1 class=\"fusion-title-heading title-heading-left\" style=\"margin:0;\">Further training<\/h1><\/div><\/div><\/div><\/div><\/div><div class=\"fusion-fullwidth fullwidth-box fusion-builder-row-2 fusion-flex-container has-pattern-background has-mask-background nonhundred-percent-fullwidth non-hundred-percent-height-scrolling\" style=\"--awb-border-radius-top-left:0px;--awb-border-radius-top-right:0px;--awb-border-radius-bottom-right:0px;--awb-border-radius-bottom-left:0px;--awb-flex-wrap:wrap;\" ><div class=\"fusion-builder-row fusion-row fusion-flex-align-items-flex-start fusion-flex-content-wrap\" style=\"max-width:1248px;margin-left: calc(-4% \/ 2 );margin-right: calc(-4% \/ 2 );\"><div class=\"fusion-layout-column fusion_builder_column fusion-builder-column-1 fusion_builder_column_1_3 1_3 fusion-flex-column fusion-animated\" style=\"--awb-bg-color:var(--awb-color1);--awb-bg-color-hover:var(--awb-color1);--awb-bg-size:cover;--awb-width-large:33.333333333333%;--awb-margin-top-large:0px;--awb-spacing-right-large:5.76%;--awb-margin-bottom-large:20px;--awb-spacing-left-large:5.76%;--awb-width-medium:33.333333333333%;--awb-order-medium:0;--awb-spacing-right-medium:5.76%;--awb-spacing-left-medium:5.76%;--awb-width-small:100%;--awb-order-small:0;--awb-spacing-right-small:1.92%;--awb-spacing-left-small:1.92%;\" data-animationType=\"fadeInLeft\" data-animationDuration=\"1.0\" data-animationOffset=\"top-into-view\"><div class=\"fusion-column-wrapper fusion-column-has-shadow fusion-flex-justify-content-flex-start fusion-content-layout-column\"><div class=\"fusion-image-element \" style=\"--awb-caption-title-font-family:var(--h2_typography-font-family);--awb-caption-title-font-weight:var(--h2_typography-font-weight);--awb-caption-title-font-style:var(--h2_typography-font-style);--awb-caption-title-size:var(--h2_typography-font-size);--awb-caption-title-transform:var(--h2_typography-text-transform);--awb-caption-title-line-height:var(--h2_typography-line-height);--awb-caption-title-letter-spacing:var(--h2_typography-letter-spacing);\"><span class=\" fusion-imageframe imageframe-none imageframe-1 hover-type-zoomin\"><a class=\"fusion-no-lightbox\" href=\"https:\/\/zds-solingen.de\/en\/further-training\/state-certified-technician\/\" target=\"_self\" aria-label=\"P1080940_bearbeitet_cmyk\"><img decoding=\"async\" width=\"800\" height=\"800\" src=\"https:\/\/zds-solingen.de\/wp-content\/uploads\/2023\/06\/P1080940_bearbeitet_cmyk-scaled-e1687255704779-800x800.jpg\" alt class=\"img-responsive wp-image-2392\" srcset=\"https:\/\/zds-solingen.de\/wp-content\/uploads\/2023\/06\/P1080940_bearbeitet_cmyk-scaled-e1687255704779-200x200.jpg 200w, https:\/\/zds-solingen.de\/wp-content\/uploads\/2023\/06\/P1080940_bearbeitet_cmyk-scaled-e1687255704779-400x400.jpg 400w, https:\/\/zds-solingen.de\/wp-content\/uploads\/2023\/06\/P1080940_bearbeitet_cmyk-scaled-e1687255704779-600x600.jpg 600w, https:\/\/zds-solingen.de\/wp-content\/uploads\/2023\/06\/P1080940_bearbeitet_cmyk-scaled-e1687255704779-800x800.jpg 800w, https:\/\/zds-solingen.de\/wp-content\/uploads\/2023\/06\/P1080940_bearbeitet_cmyk-scaled-e1687255704779-1200x1200.jpg 1200w, https:\/\/zds-solingen.de\/wp-content\/uploads\/2023\/06\/P1080940_bearbeitet_cmyk-scaled-e1687255704779.jpg 1900w\" sizes=\"(max-width: 640px) 100vw, 400px\" \/><\/a><\/span><\/div><div ><a class=\"fusion-button button-flat fusion-button-default-size button-custom fusion-button-default button-1 fusion-button-span-yes fusion-button-default-type\" style=\"--button_accent_color:var(--awb-color1);--button_accent_hover_color:var(--awb-color1);--button_border_hover_color:var(--awb-color1);--button_gradient_top_color:var(--awb-color7);--button_gradient_bottom_color:var(--awb-color7);--button_gradient_top_color_hover:hsla(var(--awb-color7-h),var(--awb-color7-s),calc(var(--awb-color7-l) - 10%),var(--awb-color7-a));--button_gradient_bottom_color_hover:hsla(var(--awb-color7-h),var(--awb-color7-s),calc(var(--awb-color7-l) - 10%),var(--awb-color7-a));\" target=\"_self\" href=\"https:\/\/zds-solingen.de\/en\/further-training\/state-certified-technician\/\"><span class=\"fusion-button-text awb-button__text awb-button__text--default\">State-certified technician (food technician) <\/span><\/a><\/div><\/div><\/div><div class=\"fusion-layout-column fusion_builder_column fusion-builder-column-2 fusion_builder_column_1_3 1_3 fusion-flex-column fusion-animated\" style=\"--awb-bg-color:var(--awb-color1);--awb-bg-color-hover:var(--awb-color1);--awb-bg-size:cover;--awb-width-large:33.333333333333%;--awb-margin-top-large:0px;--awb-spacing-right-large:5.76%;--awb-margin-bottom-large:20px;--awb-spacing-left-large:5.76%;--awb-width-medium:33.333333333333%;--awb-order-medium:0;--awb-spacing-right-medium:5.76%;--awb-spacing-left-medium:5.76%;--awb-width-small:100%;--awb-order-small:0;--awb-spacing-right-small:1.92%;--awb-spacing-left-small:1.92%;\" data-animationType=\"fadeInDown\" data-animationDuration=\"1.0\" data-animationOffset=\"top-into-view\"><div class=\"fusion-column-wrapper fusion-column-has-shadow fusion-flex-justify-content-flex-start fusion-content-layout-column\"><div class=\"fusion-image-element \" style=\"--awb-caption-title-font-family:var(--h2_typography-font-family);--awb-caption-title-font-weight:var(--h2_typography-font-weight);--awb-caption-title-font-style:var(--h2_typography-font-style);--awb-caption-title-size:var(--h2_typography-font-size);--awb-caption-title-transform:var(--h2_typography-text-transform);--awb-caption-title-line-height:var(--h2_typography-line-height);--awb-caption-title-letter-spacing:var(--h2_typography-letter-spacing);\"><span class=\" fusion-imageframe imageframe-none imageframe-2 hover-type-zoomin\"><a class=\"fusion-no-lightbox\" href=\"https:\/\/zds-solingen.de\/en\/further-training\/certified-industrial-foreman\/\" target=\"_self\" aria-label=\"IM-L Lebensmitteltechnik\"><img decoding=\"async\" width=\"800\" height=\"800\" src=\"https:\/\/zds-solingen.de\/wp-content\/uploads\/2023\/06\/IM-L-Lebensmitteltechnik-scaled-e1687255631986-800x800.jpg\" alt class=\"img-responsive wp-image-2393\" srcset=\"https:\/\/zds-solingen.de\/wp-content\/uploads\/2023\/06\/IM-L-Lebensmitteltechnik-scaled-e1687255631986-200x200.jpg 200w, https:\/\/zds-solingen.de\/wp-content\/uploads\/2023\/06\/IM-L-Lebensmitteltechnik-scaled-e1687255631986-400x400.jpg 400w, https:\/\/zds-solingen.de\/wp-content\/uploads\/2023\/06\/IM-L-Lebensmitteltechnik-scaled-e1687255631986-600x600.jpg 600w, https:\/\/zds-solingen.de\/wp-content\/uploads\/2023\/06\/IM-L-Lebensmitteltechnik-scaled-e1687255631986-800x800.jpg 800w, https:\/\/zds-solingen.de\/wp-content\/uploads\/2023\/06\/IM-L-Lebensmitteltechnik-scaled-e1687255631986-1200x1200.jpg 1200w, https:\/\/zds-solingen.de\/wp-content\/uploads\/2023\/06\/IM-L-Lebensmitteltechnik-scaled-e1687255631986.jpg 1900w\" sizes=\"(max-width: 640px) 100vw, 400px\" \/><\/a><\/span><\/div><div ><a class=\"fusion-button button-flat fusion-button-default-size button-custom fusion-button-default button-2 fusion-button-span-yes fusion-button-default-type\" style=\"--button_accent_color:var(--awb-color1);--button_accent_hover_color:var(--awb-color1);--button_border_hover_color:var(--awb-color1);--button_gradient_top_color:var(--awb-color7);--button_gradient_bottom_color:var(--awb-color7);--button_gradient_top_color_hover:hsla(var(--awb-color7-h),var(--awb-color7-s),calc(var(--awb-color7-l) - 10%),var(--awb-color7-a));--button_gradient_bottom_color_hover:hsla(var(--awb-color7-h),var(--awb-color7-s),calc(var(--awb-color7-l) - 10%),var(--awb-color7-a));\" target=\"_self\" href=\"https:\/\/zds-solingen.de\/en\/further-training\/certified-industrial-foreman\/\"><span class=\"fusion-button-text awb-button__text awb-button__text--default\">Industrial foreman training<\/span><\/a><\/div><\/div><\/div><div class=\"fusion-layout-column fusion_builder_column fusion-builder-column-3 fusion_builder_column_1_3 1_3 fusion-flex-column fusion-animated\" style=\"--awb-bg-color:var(--awb-color1);--awb-bg-color-hover:var(--awb-color1);--awb-bg-size:cover;--awb-width-large:33.333333333333%;--awb-margin-top-large:0px;--awb-spacing-right-large:5.76%;--awb-margin-bottom-large:20px;--awb-spacing-left-large:5.76%;--awb-width-medium:33.333333333333%;--awb-order-medium:0;--awb-spacing-right-medium:5.76%;--awb-spacing-left-medium:5.76%;--awb-width-small:100%;--awb-order-small:0;--awb-spacing-right-small:1.92%;--awb-spacing-left-small:1.92%;\" data-animationType=\"fadeInRight\" data-animationDuration=\"1.0\" data-animationOffset=\"top-into-view\"><div class=\"fusion-column-wrapper fusion-column-has-shadow fusion-flex-justify-content-flex-start fusion-content-layout-column\"><div class=\"fusion-image-element \" style=\"--awb-caption-title-font-family:var(--h2_typography-font-family);--awb-caption-title-font-weight:var(--h2_typography-font-weight);--awb-caption-title-font-style:var(--h2_typography-font-style);--awb-caption-title-size:var(--h2_typography-font-size);--awb-caption-title-transform:var(--h2_typography-text-transform);--awb-caption-title-line-height:var(--h2_typography-line-height);--awb-caption-title-letter-spacing:var(--h2_typography-letter-spacing);\"><span class=\" fusion-imageframe imageframe-none imageframe-3 hover-type-zoomin\"><a class=\"fusion-no-lightbox\" href=\"https:\/\/zds-solingen.de\/en\/further-training\/from-semi-skilled-to-skilled-worker\/\" target=\"_self\" aria-label=\"ZDS_Solingen1070642_fruehling\"><img decoding=\"async\" width=\"800\" height=\"800\" src=\"https:\/\/zds-solingen.de\/wp-content\/uploads\/2023\/06\/ZDS_Solingen1070642_fruehling-scaled-e1687255579310-800x800.jpg\" alt class=\"img-responsive wp-image-2394\" srcset=\"https:\/\/zds-solingen.de\/wp-content\/uploads\/2023\/06\/ZDS_Solingen1070642_fruehling-scaled-e1687255579310-200x200.jpg 200w, https:\/\/zds-solingen.de\/wp-content\/uploads\/2023\/06\/ZDS_Solingen1070642_fruehling-scaled-e1687255579310-400x400.jpg 400w, https:\/\/zds-solingen.de\/wp-content\/uploads\/2023\/06\/ZDS_Solingen1070642_fruehling-scaled-e1687255579310-600x600.jpg 600w, https:\/\/zds-solingen.de\/wp-content\/uploads\/2023\/06\/ZDS_Solingen1070642_fruehling-scaled-e1687255579310-800x800.jpg 800w, https:\/\/zds-solingen.de\/wp-content\/uploads\/2023\/06\/ZDS_Solingen1070642_fruehling-scaled-e1687255579310-1200x1200.jpg 1200w, https:\/\/zds-solingen.de\/wp-content\/uploads\/2023\/06\/ZDS_Solingen1070642_fruehling-scaled-e1687255579310.jpg 1900w\" sizes=\"(max-width: 640px) 100vw, 400px\" \/><\/a><\/span><\/div><div ><a class=\"fusion-button button-flat fusion-button-default-size button-custom fusion-button-default button-3 fusion-button-span-yes fusion-button-default-type\" style=\"--button_accent_color:var(--awb-color1);--button_accent_hover_color:var(--awb-color1);--button_border_hover_color:var(--awb-color1);--button_gradient_top_color:var(--awb-color7);--button_gradient_bottom_color:var(--awb-color7);--button_gradient_top_color_hover:hsla(var(--awb-color7-h),var(--awb-color7-s),calc(var(--awb-color7-l) - 10%),var(--awb-color7-a));--button_gradient_bottom_color_hover:hsla(var(--awb-color7-h),var(--awb-color7-s),calc(var(--awb-color7-l) - 10%),var(--awb-color7-a));\" target=\"_self\" href=\"https:\/\/zds-solingen.de\/en\/further-training\/from-semi-skilled-to-skilled-worker\/\"><span class=\"fusion-button-text awb-button__text awb-button__text--default\">AF further training<\/span><\/a><\/div><\/div><\/div><\/div><\/div><\/p>\n","protected":false},"excerpt":{"rendered":"","protected":false},"author":1,"featured_media":0,"parent":0,"menu_order":0,"comment_status":"closed","ping_status":"closed","template":"100-width.php","meta":{"footnotes":""},"class_list":["post-2663","page","type-page","status-publish","hentry"],"yoast_head":"<!-- This site is optimized with the Yoast SEO plugin v27.4 - https:\/\/yoast.com\/product\/yoast-seo-wordpress\/ -->\n<title>Further training - ZDS<\/title>\n<meta name=\"robots\" content=\"index, follow, max-snippet:-1, max-image-preview:large, max-video-preview:-1\" \/>\n<link rel=\"canonical\" href=\"https:\/\/zds-solingen.de\/en\/further-training\/\" \/>\n<meta property=\"og:locale\" content=\"en_US\" \/>\n<meta property=\"og:type\" content=\"article\" \/>\n<meta property=\"og:title\" content=\"Further training - ZDS\" \/>\n<meta property=\"og:url\" content=\"https:\/\/zds-solingen.de\/en\/further-training\/\" \/>\n<meta property=\"og:site_name\" content=\"ZDS\" \/>\n<meta property=\"article:publisher\" content=\"https:\/\/de-de.facebook.com\/zds.solingen\/\" \/>\n<meta property=\"article:modified_time\" content=\"2024-10-30T07:56:46+00:00\" \/>\n<meta name=\"twitter:card\" content=\"summary_large_image\" \/>\n<meta name=\"twitter:label1\" content=\"Est. reading time\" \/>\n\t<meta name=\"twitter:data1\" content=\"11 minutes\" \/>\n<script type=\"application\/ld+json\" class=\"yoast-schema-graph\">{\"@context\":\"https:\\\/\\\/schema.org\",\"@graph\":[{\"@type\":\"WebPage\",\"@id\":\"https:\\\/\\\/zds-solingen.de\\\/en\\\/further-training\\\/\",\"url\":\"https:\\\/\\\/zds-solingen.de\\\/en\\\/further-training\\\/\",\"name\":\"Further training - ZDS\",\"isPartOf\":{\"@id\":\"https:\\\/\\\/zds-solingen.de\\\/en\\\/#website\"},\"datePublished\":\"2023-06-05T07:52:09+00:00\",\"dateModified\":\"2024-10-30T07:56:46+00:00\",\"breadcrumb\":{\"@id\":\"https:\\\/\\\/zds-solingen.de\\\/en\\\/further-training\\\/#breadcrumb\"},\"inLanguage\":\"en-US\",\"potentialAction\":[{\"@type\":\"ReadAction\",\"target\":[\"https:\\\/\\\/zds-solingen.de\\\/en\\\/further-training\\\/\"]}]},{\"@type\":\"BreadcrumbList\",\"@id\":\"https:\\\/\\\/zds-solingen.de\\\/en\\\/further-training\\\/#breadcrumb\",\"itemListElement\":[{\"@type\":\"ListItem\",\"position\":1,\"name\":\"Startseite\",\"item\":\"https:\\\/\\\/zds-solingen.de\\\/en\\\/home\\\/\"},{\"@type\":\"ListItem\",\"position\":2,\"name\":\"Further training\"}]},{\"@type\":\"WebSite\",\"@id\":\"https:\\\/\\\/zds-solingen.de\\\/en\\\/#website\",\"url\":\"https:\\\/\\\/zds-solingen.de\\\/en\\\/\",\"name\":\"ZDS Zentralfachschule der Deutschen S\u00fc\u00dfwarenwirtschaft e.V.\",\"description\":\"Zentralfachschule der Deutschen S\u00fc\u00dfwarenwirtschaft e.V.\",\"publisher\":{\"@id\":\"https:\\\/\\\/zds-solingen.de\\\/en\\\/#organization\"},\"potentialAction\":[{\"@type\":\"SearchAction\",\"target\":{\"@type\":\"EntryPoint\",\"urlTemplate\":\"https:\\\/\\\/zds-solingen.de\\\/en\\\/?s={search_term_string}\"},\"query-input\":{\"@type\":\"PropertyValueSpecification\",\"valueRequired\":true,\"valueName\":\"search_term_string\"}}],\"inLanguage\":\"en-US\"},{\"@type\":\"Organization\",\"@id\":\"https:\\\/\\\/zds-solingen.de\\\/en\\\/#organization\",\"name\":\"ZDS Zentralfachschule der Deutschen S\u00fc\u00dfwarenwirtschaft e.V.\",\"url\":\"https:\\\/\\\/zds-solingen.de\\\/en\\\/\",\"logo\":{\"@type\":\"ImageObject\",\"inLanguage\":\"en-US\",\"@id\":\"https:\\\/\\\/zds-solingen.de\\\/en\\\/#\\\/schema\\\/logo\\\/image\\\/\",\"url\":\"https:\\\/\\\/zds-solingen.de\\\/wp-content\\\/uploads\\\/2024\\\/06\\\/ZDS_Logo_verein.png\",\"contentUrl\":\"https:\\\/\\\/zds-solingen.de\\\/wp-content\\\/uploads\\\/2024\\\/06\\\/ZDS_Logo_verein.png\",\"width\":1006,\"height\":545,\"caption\":\"ZDS Zentralfachschule der Deutschen S\u00fc\u00dfwarenwirtschaft e.V.\"},\"image\":{\"@id\":\"https:\\\/\\\/zds-solingen.de\\\/en\\\/#\\\/schema\\\/logo\\\/image\\\/\"},\"sameAs\":[\"https:\\\/\\\/de-de.facebook.com\\\/zds.solingen\\\/\",\"https:\\\/\\\/www.linkedin.com\\\/company\\\/zentralfachschule-der-deutschen-suesswarenwirtschaft-e-v\",\"https:\\\/\\\/www.instagram.com\\\/zds_solingen\"]}]}<\/script>\n<!-- \/ Yoast SEO plugin. -->","yoast_head_json":{"title":"Further training - ZDS","robots":{"index":"index","follow":"follow","max-snippet":"max-snippet:-1","max-image-preview":"max-image-preview:large","max-video-preview":"max-video-preview:-1"},"canonical":"https:\/\/zds-solingen.de\/en\/further-training\/","og_locale":"en_US","og_type":"article","og_title":"Further training - ZDS","og_url":"https:\/\/zds-solingen.de\/en\/further-training\/","og_site_name":"ZDS","article_publisher":"https:\/\/de-de.facebook.com\/zds.solingen\/","article_modified_time":"2024-10-30T07:56:46+00:00","twitter_card":"summary_large_image","twitter_misc":{"Est. reading time":"11 minutes"},"schema":{"@context":"https:\/\/schema.org","@graph":[{"@type":"WebPage","@id":"https:\/\/zds-solingen.de\/en\/further-training\/","url":"https:\/\/zds-solingen.de\/en\/further-training\/","name":"Further training - ZDS","isPartOf":{"@id":"https:\/\/zds-solingen.de\/en\/#website"},"datePublished":"2023-06-05T07:52:09+00:00","dateModified":"2024-10-30T07:56:46+00:00","breadcrumb":{"@id":"https:\/\/zds-solingen.de\/en\/further-training\/#breadcrumb"},"inLanguage":"en-US","potentialAction":[{"@type":"ReadAction","target":["https:\/\/zds-solingen.de\/en\/further-training\/"]}]},{"@type":"BreadcrumbList","@id":"https:\/\/zds-solingen.de\/en\/further-training\/#breadcrumb","itemListElement":[{"@type":"ListItem","position":1,"name":"Startseite","item":"https:\/\/zds-solingen.de\/en\/home\/"},{"@type":"ListItem","position":2,"name":"Further training"}]},{"@type":"WebSite","@id":"https:\/\/zds-solingen.de\/en\/#website","url":"https:\/\/zds-solingen.de\/en\/","name":"ZDS Zentralfachschule der Deutschen S\u00fc\u00dfwarenwirtschaft e.V.","description":"Zentralfachschule der Deutschen S\u00fc\u00dfwarenwirtschaft e.V.","publisher":{"@id":"https:\/\/zds-solingen.de\/en\/#organization"},"potentialAction":[{"@type":"SearchAction","target":{"@type":"EntryPoint","urlTemplate":"https:\/\/zds-solingen.de\/en\/?s={search_term_string}"},"query-input":{"@type":"PropertyValueSpecification","valueRequired":true,"valueName":"search_term_string"}}],"inLanguage":"en-US"},{"@type":"Organization","@id":"https:\/\/zds-solingen.de\/en\/#organization","name":"ZDS Zentralfachschule der Deutschen S\u00fc\u00dfwarenwirtschaft e.V.","url":"https:\/\/zds-solingen.de\/en\/","logo":{"@type":"ImageObject","inLanguage":"en-US","@id":"https:\/\/zds-solingen.de\/en\/#\/schema\/logo\/image\/","url":"https:\/\/zds-solingen.de\/wp-content\/uploads\/2024\/06\/ZDS_Logo_verein.png","contentUrl":"https:\/\/zds-solingen.de\/wp-content\/uploads\/2024\/06\/ZDS_Logo_verein.png","width":1006,"height":545,"caption":"ZDS Zentralfachschule der Deutschen S\u00fc\u00dfwarenwirtschaft e.V."},"image":{"@id":"https:\/\/zds-solingen.de\/en\/#\/schema\/logo\/image\/"},"sameAs":["https:\/\/de-de.facebook.com\/zds.solingen\/","https:\/\/www.linkedin.com\/company\/zentralfachschule-der-deutschen-suesswarenwirtschaft-e-v","https:\/\/www.instagram.com\/zds_solingen"]}]}},"_links":{"self":[{"href":"https:\/\/zds-solingen.de\/en\/wp-json\/wp\/v2\/pages\/2663","targetHints":{"allow":["GET"]}}],"collection":[{"href":"https:\/\/zds-solingen.de\/en\/wp-json\/wp\/v2\/pages"}],"about":[{"href":"https:\/\/zds-solingen.de\/en\/wp-json\/wp\/v2\/types\/page"}],"author":[{"embeddable":true,"href":"https:\/\/zds-solingen.de\/en\/wp-json\/wp\/v2\/users\/1"}],"replies":[{"embeddable":true,"href":"https:\/\/zds-solingen.de\/en\/wp-json\/wp\/v2\/comments?post=2663"}],"version-history":[{"count":9,"href":"https:\/\/zds-solingen.de\/en\/wp-json\/wp\/v2\/pages\/2663\/revisions"}],"predecessor-version":[{"id":7574,"href":"https:\/\/zds-solingen.de\/en\/wp-json\/wp\/v2\/pages\/2663\/revisions\/7574"}],"wp:attachment":[{"href":"https:\/\/zds-solingen.de\/en\/wp-json\/wp\/v2\/media?parent=2663"}],"curies":[{"name":"wp","href":"https:\/\/api.w.org\/{rel}","templated":true}]}}