{"id":2643,"date":"2023-06-05T08:52:05","date_gmt":"2023-06-05T08:52:05","guid":{"rendered":"https:\/\/zds-solingen.de\/about-zds\/press-media-partner\/"},"modified":"2024-02-05T13:23:28","modified_gmt":"2024-02-05T13:23:28","slug":"press-media-partner","status":"publish","type":"page","link":"https:\/\/zds-solingen.de\/en\/about-zds\/press-media-partner\/","title":{"rendered":"Press \/ Media partner"},"content":{"rendered":"<p><div class=\"fusion-fullwidth fullwidth-box fusion-builder-row-1 fusion-flex-container has-pattern-background has-mask-background nonhundred-percent-fullwidth non-hundred-percent-height-scrolling fusion-animated\" style=\"--awb-border-radius-top-left:0px;--awb-border-radius-top-right:0px;--awb-border-radius-bottom-right:0px;--awb-border-radius-bottom-left:0px;--awb-margin-top:50px;--awb-margin-bottom:50px;--awb-flex-wrap:wrap;\" data-animationType=\"fadeInUp\" data-animationDuration=\"1.0\" data-animationOffset=\"top-into-view\" ><div class=\"fusion-builder-row fusion-row fusion-flex-align-items-flex-start fusion-flex-content-wrap\" style=\"max-width:1248px;margin-left: calc(-4% \/ 2 );margin-right: calc(-4% \/ 2 );\"><div class=\"fusion-layout-column fusion_builder_column fusion-builder-column-0 fusion_builder_column_1_1 1_1 fusion-flex-column\" style=\"--awb-bg-size:cover;--awb-width-large:100%;--awb-margin-top-large:0px;--awb-spacing-right-large:1.92%;--awb-margin-bottom-large:20px;--awb-spacing-left-large:1.92%;--awb-width-medium:100%;--awb-order-medium:0;--awb-spacing-right-medium:1.92%;--awb-spacing-left-medium:1.92%;--awb-width-small:100%;--awb-order-small:0;--awb-spacing-right-small:1.92%;--awb-spacing-left-small:1.92%;\"><div class=\"fusion-column-wrapper fusion-column-has-shadow fusion-flex-justify-content-flex-start fusion-content-layout-column\"><div class=\"fusion-title title fusion-title-1 fusion-sep-none fusion-title-text fusion-title-size-one fusion-animated\" style=\"--awb-margin-bottom:100px;--awb-margin-top-small:10px;--awb-margin-right-small:0px;--awb-margin-bottom-small:10px;--awb-margin-left-small:0px;\" data-animationType=\"fadeInLeft\" data-animationDuration=\"1.0\" data-animationOffset=\"top-into-view\"><h1 class=\"fusion-title-heading title-heading-left\" style=\"margin:0;\">Our German media partners<\/h1><\/div><div class=\"awb-gallery-wrapper awb-gallery-wrapper-1 button-span-no\" style=\"--more-btn-alignment:center;\"><div style=\"margin:-29px;--awb-bordersize:10px;--awb-bordercolor:var(--awb-color2);\" class=\"fusion-gallery fusion-gallery-container fusion-grid-3 fusion-columns-total-6 fusion-gallery-layout-grid fusion-gallery-1\"><div style=\"padding:29.5px;\" class=\"fusion-grid-column fusion-gallery-column fusion-gallery-column-3 hover-type-zoomin\"><div class=\"fusion-gallery-image\"><a href=\"https:\/\/www.sweets-processing.com\/de\" target=\"_blank\"><img decoding=\"async\" src=\"https:\/\/zds-solingen.de\/wp-content\/uploads\/2023\/06\/sp_300x150.jpg\" width=\"300\" height=\"150\" alt=\"\" title=\"sp_300x150\" aria-label=\"sp_300x150\" class=\"img-responsive wp-image-700 fusion-gallery-image-size-fixed\" srcset=\"https:\/\/zds-solingen.de\/wp-content\/uploads\/2023\/06\/sp_300x150-200x100.jpg 200w, https:\/\/zds-solingen.de\/wp-content\/uploads\/2023\/06\/sp_300x150.jpg 300w\" sizes=\"(min-width: 2200px) 100vw, (min-width: 784px) 381px, (min-width: 712px) 571px, (min-width: 640px) 712px, \" \/><\/a><\/div><\/div><div style=\"padding:29.5px;\" class=\"fusion-grid-column fusion-gallery-column fusion-gallery-column-3 hover-type-zoomin\"><div class=\"fusion-gallery-image\"><a href=\"https:\/\/www.moproweb.de\/news\/moproweb-technik-news\/?portal-source=mi\" target=\"_blank\"><img decoding=\"async\" src=\"https:\/\/zds-solingen.de\/wp-content\/uploads\/2023\/06\/mi_300x150.jpg\" width=\"300\" height=\"150\" alt=\"\" title=\"mi_300x150\" aria-label=\"mi_300x150\" class=\"img-responsive wp-image-699 fusion-gallery-image-size-fixed\" srcset=\"https:\/\/zds-solingen.de\/wp-content\/uploads\/2023\/06\/mi_300x150-200x100.jpg 200w, https:\/\/zds-solingen.de\/wp-content\/uploads\/2023\/06\/mi_300x150.jpg 300w\" sizes=\"(min-width: 2200px) 100vw, (min-width: 784px) 381px, (min-width: 712px) 571px, (min-width: 640px) 712px, \" \/><\/a><\/div><\/div><div style=\"padding:29.5px;\" class=\"fusion-grid-column fusion-gallery-column fusion-gallery-column-3 hover-type-zoomin\"><div class=\"fusion-gallery-image\"><a href=\"https:\/\/www.lebensmitteltechnik-online.de\/\" target=\"_blank\"><img decoding=\"async\" src=\"https:\/\/zds-solingen.de\/wp-content\/uploads\/2023\/06\/lt_300x150.jpg\" width=\"300\" height=\"150\" alt=\"\" title=\"lt_300x150\" aria-label=\"lt_300x150\" class=\"img-responsive wp-image-698 fusion-gallery-image-size-fixed\" srcset=\"https:\/\/zds-solingen.de\/wp-content\/uploads\/2023\/06\/lt_300x150-200x100.jpg 200w, https:\/\/zds-solingen.de\/wp-content\/uploads\/2023\/06\/lt_300x150.jpg 300w\" sizes=\"(min-width: 2200px) 100vw, (min-width: 784px) 381px, (min-width: 712px) 571px, (min-width: 640px) 712px, \" \/><\/a><\/div><\/div><div class=\"clearfix\"><\/div><div style=\"padding:29.5px;\" class=\"fusion-grid-column fusion-gallery-column fusion-gallery-column-3 hover-type-zoomin\"><div class=\"fusion-gallery-image\"><a href=\"https:\/\/www.th-mann.de\/\" target=\"_blank\"><img decoding=\"async\" src=\"https:\/\/zds-solingen.de\/wp-content\/uploads\/2023\/06\/dmw_300x150.jpg\" width=\"300\" height=\"150\" alt=\"\" title=\"dmw_300x150\" aria-label=\"dmw_300x150\" class=\"img-responsive wp-image-697 fusion-gallery-image-size-fixed\" srcset=\"https:\/\/zds-solingen.de\/wp-content\/uploads\/2023\/06\/dmw_300x150-200x100.jpg 200w, https:\/\/zds-solingen.de\/wp-content\/uploads\/2023\/06\/dmw_300x150.jpg 300w\" sizes=\"(min-width: 2200px) 100vw, (min-width: 784px) 381px, (min-width: 712px) 571px, (min-width: 640px) 712px, \" \/><\/a><\/div><\/div><div style=\"padding:29.5px;\" class=\"fusion-grid-column fusion-gallery-column fusion-gallery-column-3 hover-type-zoomin\"><div class=\"fusion-gallery-image\"><a href=\"https:\/\/www.genios.de\/fachzeitschriften\/quelle\/DEI\/0\/1\/dei-die-ernaehrungsindustrie.html\" target=\"_blank\"><img decoding=\"async\" src=\"https:\/\/zds-solingen.de\/wp-content\/uploads\/2023\/06\/dei_300x150.jpg\" width=\"300\" height=\"150\" alt=\"\" title=\"dei_300x150\" aria-label=\"dei_300x150\" class=\"img-responsive wp-image-696 fusion-gallery-image-size-fixed\" srcset=\"https:\/\/zds-solingen.de\/wp-content\/uploads\/2023\/06\/dei_300x150-200x100.jpg 200w, https:\/\/zds-solingen.de\/wp-content\/uploads\/2023\/06\/dei_300x150.jpg 300w\" sizes=\"(min-width: 2200px) 100vw, (min-width: 784px) 381px, (min-width: 712px) 571px, (min-width: 640px) 712px, \" \/><\/a><\/div><\/div><div style=\"padding:29.5px;\" class=\"fusion-grid-column fusion-gallery-column fusion-gallery-column-3 hover-type-zoomin\"><div class=\"fusion-gallery-image\"><a href=\"https:\/\/brotundbackwaren.de\/\" target=\"_blank\"><img decoding=\"async\" src=\"https:\/\/zds-solingen.de\/wp-content\/uploads\/2023\/06\/bub_300x150.jpg\" width=\"300\" height=\"150\" alt=\"\" title=\"bub_300x150\" aria-label=\"bub_300x150\" class=\"img-responsive wp-image-695 fusion-gallery-image-size-fixed\" srcset=\"https:\/\/zds-solingen.de\/wp-content\/uploads\/2023\/06\/bub_300x150-200x100.jpg 200w, https:\/\/zds-solingen.de\/wp-content\/uploads\/2023\/06\/bub_300x150.jpg 300w\" sizes=\"(min-width: 2200px) 100vw, (min-width: 784px) 381px, (min-width: 712px) 571px, (min-width: 640px) 712px, \" \/><\/a><\/div><\/div><div class=\"clearfix\"><\/div><\/div><\/div><\/div><\/div><\/div><\/div><div class=\"fusion-fullwidth fullwidth-box fusion-builder-row-2 fusion-flex-container has-pattern-background has-mask-background nonhundred-percent-fullwidth non-hundred-percent-height-scrolling fusion-animated\" style=\"--awb-border-radius-top-left:0px;--awb-border-radius-top-right:0px;--awb-border-radius-bottom-right:0px;--awb-border-radius-bottom-left:0px;--awb-margin-top:50px;--awb-margin-bottom:50px;--awb-flex-wrap:wrap;\" data-animationType=\"fadeInUp\" data-animationDuration=\"1.0\" data-animationOffset=\"top-into-view\" ><div class=\"fusion-builder-row fusion-row fusion-flex-align-items-flex-start fusion-flex-content-wrap\" style=\"max-width:1248px;margin-left: calc(-4% \/ 2 );margin-right: calc(-4% \/ 2 );\"><div class=\"fusion-layout-column fusion_builder_column fusion-builder-column-1 fusion_builder_column_1_1 1_1 fusion-flex-column\" style=\"--awb-bg-size:cover;--awb-width-large:100%;--awb-margin-top-large:0px;--awb-spacing-right-large:1.92%;--awb-margin-bottom-large:20px;--awb-spacing-left-large:1.92%;--awb-width-medium:100%;--awb-order-medium:0;--awb-spacing-right-medium:1.92%;--awb-spacing-left-medium:1.92%;--awb-width-small:100%;--awb-order-small:0;--awb-spacing-right-small:1.92%;--awb-spacing-left-small:1.92%;\"><div class=\"fusion-column-wrapper fusion-column-has-shadow fusion-flex-justify-content-flex-start fusion-content-layout-column\"><div class=\"fusion-title title fusion-title-2 fusion-sep-none fusion-title-text fusion-title-size-one fusion-animated\" style=\"--awb-margin-bottom:100px;--awb-margin-top-small:10px;--awb-margin-right-small:0px;--awb-margin-bottom-small:10px;--awb-margin-left-small:0px;\" data-animationType=\"fadeInLeft\" data-animationDuration=\"1.0\" data-animationOffset=\"top-into-view\"><h1 class=\"fusion-title-heading title-heading-left\" style=\"margin:0;\">Our international media partners<\/h1><\/div><div class=\"awb-gallery-wrapper awb-gallery-wrapper-2 button-span-no\" style=\"--more-btn-alignment:center;\"><div style=\"margin:-29px;--awb-bordersize:10px;--awb-bordercolor:var(--awb-color2);\" class=\"fusion-gallery fusion-gallery-container fusion-grid-3 fusion-columns-total-6 fusion-gallery-layout-grid fusion-gallery-2\"><div style=\"padding:29.5px;\" class=\"fusion-grid-column fusion-gallery-column fusion-gallery-column-3 hover-type-zoomin\"><div class=\"fusion-gallery-image\"><a href=\"http:\/\/www.thmann.com\/index.php?option=com_content&amp;view=article&amp;id=81:europes-magazine-for-dairy-processing&amp;catid=51:fachzeitschriften&amp;Itemid=61&amp;lang=de\" target=\"_blank\"><img decoding=\"async\" src=\"https:\/\/zds-solingen.de\/wp-content\/uploads\/2023\/06\/edm_300x150.jpg\" width=\"300\" height=\"150\" alt=\"\" title=\"edm_300x150\" aria-label=\"edm_300x150\" class=\"img-responsive wp-image-688 fusion-gallery-image-size-fixed\" srcset=\"https:\/\/zds-solingen.de\/wp-content\/uploads\/2023\/06\/edm_300x150-200x100.jpg 200w, https:\/\/zds-solingen.de\/wp-content\/uploads\/2023\/06\/edm_300x150.jpg 300w\" sizes=\"(min-width: 2200px) 100vw, (min-width: 784px) 381px, (min-width: 712px) 571px, (min-width: 640px) 712px, \" \/><\/a><\/div><\/div><div style=\"padding:29.5px;\" class=\"fusion-grid-column fusion-gallery-column fusion-gallery-column-3 hover-type-zoomin\"><div class=\"fusion-gallery-image\"><a href=\"https:\/\/www.international-dairy.com\/news\/home\/\" target=\"_blank\"><img decoding=\"async\" src=\"https:\/\/zds-solingen.de\/wp-content\/uploads\/2023\/06\/idm_300x150.jpg\" width=\"300\" height=\"150\" alt=\"\" title=\"idm_300x150\" aria-label=\"idm_300x150\" class=\"img-responsive wp-image-689 fusion-gallery-image-size-fixed\" srcset=\"https:\/\/zds-solingen.de\/wp-content\/uploads\/2023\/06\/idm_300x150-200x100.jpg 200w, https:\/\/zds-solingen.de\/wp-content\/uploads\/2023\/06\/idm_300x150.jpg 300w\" sizes=\"(min-width: 2200px) 100vw, (min-width: 784px) 381px, (min-width: 712px) 571px, (min-width: 640px) 712px, \" \/><\/a><\/div><\/div><div style=\"padding:29.5px;\" class=\"fusion-grid-column fusion-gallery-column fusion-gallery-column-3 hover-type-zoomin\"><div class=\"fusion-gallery-image\"><a href=\"https:\/\/gomc.com\/\" target=\"_blank\"><img decoding=\"async\" src=\"https:\/\/zds-solingen.de\/wp-content\/uploads\/2023\/06\/mc_300x150.jpg\" width=\"300\" height=\"150\" alt=\"\" title=\"mc_300x150\" aria-label=\"mc_300x150\" class=\"img-responsive wp-image-690 fusion-gallery-image-size-fixed\" srcset=\"https:\/\/zds-solingen.de\/wp-content\/uploads\/2023\/06\/mc_300x150-200x100.jpg 200w, https:\/\/zds-solingen.de\/wp-content\/uploads\/2023\/06\/mc_300x150.jpg 300w\" sizes=\"(min-width: 2200px) 100vw, (min-width: 784px) 381px, (min-width: 712px) 571px, (min-width: 640px) 712px, \" \/><\/a><\/div><\/div><div class=\"clearfix\"><\/div><div style=\"padding:29.5px;\" class=\"fusion-grid-column fusion-gallery-column fusion-gallery-column-3 hover-type-zoomin\"><div class=\"fusion-gallery-image\"><a href=\"https:\/\/www.sweetvision.de\/\" target=\"_blank\"><img decoding=\"async\" src=\"https:\/\/zds-solingen.de\/wp-content\/uploads\/2023\/06\/sv_300x150.jpg\" width=\"300\" height=\"150\" alt=\"\" title=\"sv_300x150\" aria-label=\"sv_300x150\" class=\"img-responsive wp-image-691 fusion-gallery-image-size-fixed\" srcset=\"https:\/\/zds-solingen.de\/wp-content\/uploads\/2023\/06\/sv_300x150-200x100.jpg 200w, https:\/\/zds-solingen.de\/wp-content\/uploads\/2023\/06\/sv_300x150.jpg 300w\" sizes=\"(min-width: 2200px) 100vw, (min-width: 784px) 381px, (min-width: 712px) 571px, (min-width: 640px) 712px, \" \/><\/a><\/div><\/div><div style=\"padding:29.5px;\" class=\"fusion-grid-column fusion-gallery-column fusion-gallery-column-3 hover-type-zoomin\"><div class=\"fusion-gallery-image\"><a href=\"https:\/\/www.confectioneryproduction.com\/\" target=\"_blank\"><img decoding=\"async\" src=\"https:\/\/zds-solingen.de\/wp-content\/uploads\/2023\/06\/cp_300x150.jpg\" width=\"300\" height=\"150\" alt=\"\" title=\"cp_300x150\" aria-label=\"cp_300x150\" class=\"img-responsive wp-image-692 fusion-gallery-image-size-fixed\" srcset=\"https:\/\/zds-solingen.de\/wp-content\/uploads\/2023\/06\/cp_300x150-200x100.jpg 200w, https:\/\/zds-solingen.de\/wp-content\/uploads\/2023\/06\/cp_300x150.jpg 300w\" sizes=\"(min-width: 2200px) 100vw, (min-width: 784px) 381px, (min-width: 712px) 571px, (min-width: 640px) 712px, \" \/><\/a><\/div><\/div><div style=\"padding:29.5px;\" class=\"fusion-grid-column fusion-gallery-column fusion-gallery-column-3 hover-type-zoomin\"><div class=\"fusion-gallery-image\"><a href=\"https:\/\/www.sweetpress.com\/\" target=\"_blank\"><img decoding=\"async\" src=\"https:\/\/zds-solingen.de\/wp-content\/uploads\/2023\/06\/dn_300x150.jpg\" width=\"300\" height=\"150\" alt=\"\" title=\"dn_300x150\" aria-label=\"dn_300x150\" class=\"img-responsive wp-image-693 fusion-gallery-image-size-fixed\" srcset=\"https:\/\/zds-solingen.de\/wp-content\/uploads\/2023\/06\/dn_300x150-200x100.jpg 200w, https:\/\/zds-solingen.de\/wp-content\/uploads\/2023\/06\/dn_300x150.jpg 300w\" sizes=\"(min-width: 2200px) 100vw, (min-width: 784px) 381px, (min-width: 712px) 571px, (min-width: 640px) 712px, \" \/><\/a><\/div><\/div><div class=\"clearfix\"><\/div><\/div><\/div><\/div><\/div><\/div><\/div><\/p>\n","protected":false},"excerpt":{"rendered":"","protected":false},"author":1,"featured_media":0,"parent":2604,"menu_order":0,"comment_status":"closed","ping_status":"closed","template":"100-width.php","meta":{"footnotes":""},"class_list":["post-2643","page","type-page","status-publish","hentry"],"yoast_head":"<!-- This site is optimized with the Yoast SEO plugin v27.4 - https:\/\/yoast.com\/product\/yoast-seo-wordpress\/ -->\n<title>Press \/ Media partner - ZDS<\/title>\n<meta name=\"robots\" content=\"index, follow, max-snippet:-1, max-image-preview:large, max-video-preview:-1\" \/>\n<link rel=\"canonical\" href=\"https:\/\/zds-solingen.de\/en\/about-zds\/press-media-partner\/\" \/>\n<meta property=\"og:locale\" content=\"en_US\" \/>\n<meta property=\"og:type\" content=\"article\" \/>\n<meta property=\"og:title\" content=\"Press \/ Media partner - ZDS\" \/>\n<meta property=\"og:url\" content=\"https:\/\/zds-solingen.de\/en\/about-zds\/press-media-partner\/\" \/>\n<meta property=\"og:site_name\" content=\"ZDS\" \/>\n<meta property=\"article:publisher\" content=\"https:\/\/de-de.facebook.com\/zds.solingen\/\" \/>\n<meta property=\"article:modified_time\" content=\"2024-02-05T13:23:28+00:00\" \/>\n<meta name=\"twitter:card\" content=\"summary_large_image\" \/>\n<meta name=\"twitter:label1\" content=\"Est. reading time\" \/>\n\t<meta name=\"twitter:data1\" content=\"7 minutes\" \/>\n<script type=\"application\/ld+json\" class=\"yoast-schema-graph\">{\"@context\":\"https:\\\/\\\/schema.org\",\"@graph\":[{\"@type\":\"WebPage\",\"@id\":\"https:\\\/\\\/zds-solingen.de\\\/en\\\/about-zds\\\/press-media-partner\\\/\",\"url\":\"https:\\\/\\\/zds-solingen.de\\\/en\\\/about-zds\\\/press-media-partner\\\/\",\"name\":\"Press \\\/ Media partner - ZDS\",\"isPartOf\":{\"@id\":\"https:\\\/\\\/zds-solingen.de\\\/en\\\/#website\"},\"datePublished\":\"2023-06-05T08:52:05+00:00\",\"dateModified\":\"2024-02-05T13:23:28+00:00\",\"breadcrumb\":{\"@id\":\"https:\\\/\\\/zds-solingen.de\\\/en\\\/about-zds\\\/press-media-partner\\\/#breadcrumb\"},\"inLanguage\":\"en-US\",\"potentialAction\":[{\"@type\":\"ReadAction\",\"target\":[\"https:\\\/\\\/zds-solingen.de\\\/en\\\/about-zds\\\/press-media-partner\\\/\"]}]},{\"@type\":\"BreadcrumbList\",\"@id\":\"https:\\\/\\\/zds-solingen.de\\\/en\\\/about-zds\\\/press-media-partner\\\/#breadcrumb\",\"itemListElement\":[{\"@type\":\"ListItem\",\"position\":1,\"name\":\"Startseite\",\"item\":\"https:\\\/\\\/zds-solingen.de\\\/en\\\/home\\\/\"},{\"@type\":\"ListItem\",\"position\":2,\"name\":\"About ZDS\",\"item\":\"https:\\\/\\\/zds-solingen.de\\\/en\\\/?page_id=2604\"},{\"@type\":\"ListItem\",\"position\":3,\"name\":\"Press \\\/ Media partner\"}]},{\"@type\":\"WebSite\",\"@id\":\"https:\\\/\\\/zds-solingen.de\\\/en\\\/#website\",\"url\":\"https:\\\/\\\/zds-solingen.de\\\/en\\\/\",\"name\":\"ZDS Zentralfachschule der Deutschen S\u00fc\u00dfwarenwirtschaft e.V.\",\"description\":\"Zentralfachschule der Deutschen S\u00fc\u00dfwarenwirtschaft e.V.\",\"publisher\":{\"@id\":\"https:\\\/\\\/zds-solingen.de\\\/en\\\/#organization\"},\"potentialAction\":[{\"@type\":\"SearchAction\",\"target\":{\"@type\":\"EntryPoint\",\"urlTemplate\":\"https:\\\/\\\/zds-solingen.de\\\/en\\\/?s={search_term_string}\"},\"query-input\":{\"@type\":\"PropertyValueSpecification\",\"valueRequired\":true,\"valueName\":\"search_term_string\"}}],\"inLanguage\":\"en-US\"},{\"@type\":\"Organization\",\"@id\":\"https:\\\/\\\/zds-solingen.de\\\/en\\\/#organization\",\"name\":\"ZDS Zentralfachschule der Deutschen S\u00fc\u00dfwarenwirtschaft e.V.\",\"url\":\"https:\\\/\\\/zds-solingen.de\\\/en\\\/\",\"logo\":{\"@type\":\"ImageObject\",\"inLanguage\":\"en-US\",\"@id\":\"https:\\\/\\\/zds-solingen.de\\\/en\\\/#\\\/schema\\\/logo\\\/image\\\/\",\"url\":\"https:\\\/\\\/zds-solingen.de\\\/wp-content\\\/uploads\\\/2024\\\/06\\\/ZDS_Logo_verein.png\",\"contentUrl\":\"https:\\\/\\\/zds-solingen.de\\\/wp-content\\\/uploads\\\/2024\\\/06\\\/ZDS_Logo_verein.png\",\"width\":1006,\"height\":545,\"caption\":\"ZDS Zentralfachschule der Deutschen S\u00fc\u00dfwarenwirtschaft e.V.\"},\"image\":{\"@id\":\"https:\\\/\\\/zds-solingen.de\\\/en\\\/#\\\/schema\\\/logo\\\/image\\\/\"},\"sameAs\":[\"https:\\\/\\\/de-de.facebook.com\\\/zds.solingen\\\/\",\"https:\\\/\\\/www.linkedin.com\\\/company\\\/zentralfachschule-der-deutschen-suesswarenwirtschaft-e-v\",\"https:\\\/\\\/www.instagram.com\\\/zds_solingen\"]}]}<\/script>\n<!-- \/ Yoast SEO plugin. -->","yoast_head_json":{"title":"Press \/ Media partner - ZDS","robots":{"index":"index","follow":"follow","max-snippet":"max-snippet:-1","max-image-preview":"max-image-preview:large","max-video-preview":"max-video-preview:-1"},"canonical":"https:\/\/zds-solingen.de\/en\/about-zds\/press-media-partner\/","og_locale":"en_US","og_type":"article","og_title":"Press \/ Media partner - ZDS","og_url":"https:\/\/zds-solingen.de\/en\/about-zds\/press-media-partner\/","og_site_name":"ZDS","article_publisher":"https:\/\/de-de.facebook.com\/zds.solingen\/","article_modified_time":"2024-02-05T13:23:28+00:00","twitter_card":"summary_large_image","twitter_misc":{"Est. reading time":"7 minutes"},"schema":{"@context":"https:\/\/schema.org","@graph":[{"@type":"WebPage","@id":"https:\/\/zds-solingen.de\/en\/about-zds\/press-media-partner\/","url":"https:\/\/zds-solingen.de\/en\/about-zds\/press-media-partner\/","name":"Press \/ Media partner - ZDS","isPartOf":{"@id":"https:\/\/zds-solingen.de\/en\/#website"},"datePublished":"2023-06-05T08:52:05+00:00","dateModified":"2024-02-05T13:23:28+00:00","breadcrumb":{"@id":"https:\/\/zds-solingen.de\/en\/about-zds\/press-media-partner\/#breadcrumb"},"inLanguage":"en-US","potentialAction":[{"@type":"ReadAction","target":["https:\/\/zds-solingen.de\/en\/about-zds\/press-media-partner\/"]}]},{"@type":"BreadcrumbList","@id":"https:\/\/zds-solingen.de\/en\/about-zds\/press-media-partner\/#breadcrumb","itemListElement":[{"@type":"ListItem","position":1,"name":"Startseite","item":"https:\/\/zds-solingen.de\/en\/home\/"},{"@type":"ListItem","position":2,"name":"About ZDS","item":"https:\/\/zds-solingen.de\/en\/?page_id=2604"},{"@type":"ListItem","position":3,"name":"Press \/ Media partner"}]},{"@type":"WebSite","@id":"https:\/\/zds-solingen.de\/en\/#website","url":"https:\/\/zds-solingen.de\/en\/","name":"ZDS Zentralfachschule der Deutschen S\u00fc\u00dfwarenwirtschaft e.V.","description":"Zentralfachschule der Deutschen S\u00fc\u00dfwarenwirtschaft e.V.","publisher":{"@id":"https:\/\/zds-solingen.de\/en\/#organization"},"potentialAction":[{"@type":"SearchAction","target":{"@type":"EntryPoint","urlTemplate":"https:\/\/zds-solingen.de\/en\/?s={search_term_string}"},"query-input":{"@type":"PropertyValueSpecification","valueRequired":true,"valueName":"search_term_string"}}],"inLanguage":"en-US"},{"@type":"Organization","@id":"https:\/\/zds-solingen.de\/en\/#organization","name":"ZDS Zentralfachschule der Deutschen S\u00fc\u00dfwarenwirtschaft e.V.","url":"https:\/\/zds-solingen.de\/en\/","logo":{"@type":"ImageObject","inLanguage":"en-US","@id":"https:\/\/zds-solingen.de\/en\/#\/schema\/logo\/image\/","url":"https:\/\/zds-solingen.de\/wp-content\/uploads\/2024\/06\/ZDS_Logo_verein.png","contentUrl":"https:\/\/zds-solingen.de\/wp-content\/uploads\/2024\/06\/ZDS_Logo_verein.png","width":1006,"height":545,"caption":"ZDS Zentralfachschule der Deutschen S\u00fc\u00dfwarenwirtschaft e.V."},"image":{"@id":"https:\/\/zds-solingen.de\/en\/#\/schema\/logo\/image\/"},"sameAs":["https:\/\/de-de.facebook.com\/zds.solingen\/","https:\/\/www.linkedin.com\/company\/zentralfachschule-der-deutschen-suesswarenwirtschaft-e-v","https:\/\/www.instagram.com\/zds_solingen"]}]}},"_links":{"self":[{"href":"https:\/\/zds-solingen.de\/en\/wp-json\/wp\/v2\/pages\/2643","targetHints":{"allow":["GET"]}}],"collection":[{"href":"https:\/\/zds-solingen.de\/en\/wp-json\/wp\/v2\/pages"}],"about":[{"href":"https:\/\/zds-solingen.de\/en\/wp-json\/wp\/v2\/types\/page"}],"author":[{"embeddable":true,"href":"https:\/\/zds-solingen.de\/en\/wp-json\/wp\/v2\/users\/1"}],"replies":[{"embeddable":true,"href":"https:\/\/zds-solingen.de\/en\/wp-json\/wp\/v2\/comments?post=2643"}],"version-history":[{"count":3,"href":"https:\/\/zds-solingen.de\/en\/wp-json\/wp\/v2\/pages\/2643\/revisions"}],"predecessor-version":[{"id":2646,"href":"https:\/\/zds-solingen.de\/en\/wp-json\/wp\/v2\/pages\/2643\/revisions\/2646"}],"up":[{"embeddable":true,"href":"https:\/\/zds-solingen.de\/en\/wp-json\/wp\/v2\/pages\/2604"}],"wp:attachment":[{"href":"https:\/\/zds-solingen.de\/en\/wp-json\/wp\/v2\/media?parent=2643"}],"curies":[{"name":"wp","href":"https:\/\/api.w.org\/{rel}","templated":true}]}}