{"id":2631,"date":"2023-05-25T08:11:29","date_gmt":"2023-05-25T08:11:29","guid":{"rendered":"https:\/\/zds-solingen.de\/machine-and-plant-operator-in-food-technology\/"},"modified":"2024-02-05T13:23:31","modified_gmt":"2024-02-05T13:23:31","slug":"machine-and-plant-operator-in-food-technology","status":"publish","type":"page","link":"https:\/\/zds-solingen.de\/en\/education\/machine-and-plant-operator-in-food-technology\/","title":{"rendered":"Machine and plant operator in food technology"},"content":{"rendered":"<p><div class=\"fusion-fullwidth fullwidth-box fusion-builder-row-1 fusion-flex-container has-pattern-background has-mask-background nonhundred-percent-fullwidth non-hundred-percent-height-scrolling\" style=\"--awb-border-radius-top-left:0px;--awb-border-radius-top-right:0px;--awb-border-radius-bottom-right:0px;--awb-border-radius-bottom-left:0px;--awb-flex-wrap:wrap;\" ><div class=\"fusion-builder-row fusion-row fusion-flex-align-items-flex-start fusion-flex-content-wrap\" style=\"max-width:1248px;margin-left: calc(-4% \/ 2 );margin-right: calc(-4% \/ 2 );\"><div class=\"fusion-layout-column fusion_builder_column fusion-builder-column-0 fusion_builder_column_1_1 1_1 fusion-flex-column fusion-animated\" style=\"--awb-bg-size:cover;--awb-width-large:100%;--awb-margin-top-large:0px;--awb-spacing-right-large:1.92%;--awb-margin-bottom-large:20px;--awb-spacing-left-large:1.92%;--awb-width-medium:100%;--awb-order-medium:0;--awb-spacing-right-medium:1.92%;--awb-spacing-left-medium:1.92%;--awb-width-small:100%;--awb-order-small:0;--awb-spacing-right-small:1.92%;--awb-spacing-left-small:1.92%;\" data-animationType=\"fadeInLeft\" data-animationDuration=\"1.0\" data-animationOffset=\"top-into-view\"><div class=\"fusion-column-wrapper fusion-column-has-shadow fusion-flex-justify-content-flex-start fusion-content-layout-column\"><div class=\"fusion-title title fusion-title-1 fusion-sep-none fusion-title-text fusion-title-size-one\" style=\"--awb-text-color:var(--awb-color7);--awb-margin-top-small:10px;--awb-margin-right-small:0px;--awb-margin-bottom-small:10px;--awb-margin-left-small:0px;\"><h1 class=\"fusion-title-heading title-heading-left\" style=\"margin:0;\">Machine and plant operator &#8211; food technology<\/h1><\/div><\/div><\/div><\/div><\/div><div class=\"fusion-fullwidth fullwidth-box fusion-builder-row-2 fusion-flex-container has-pattern-background has-mask-background nonhundred-percent-fullwidth non-hundred-percent-height-scrolling fusion-animated\" style=\"--awb-border-radius-top-left:0px;--awb-border-radius-top-right:0px;--awb-border-radius-bottom-right:0px;--awb-border-radius-bottom-left:0px;--awb-flex-wrap:wrap;\" data-animationType=\"fadeInUp\" data-animationDuration=\"1.0\" data-animationOffset=\"top-into-view\" ><div class=\"fusion-builder-row fusion-row fusion-flex-align-items-flex-start fusion-flex-content-wrap\" style=\"max-width:1248px;margin-left: calc(-4% \/ 2 );margin-right: calc(-4% \/ 2 );\"><div class=\"fusion-layout-column fusion_builder_column fusion-builder-column-1 fusion_builder_column_1_1 1_1 fusion-flex-column\" style=\"--awb-bg-size:cover;--awb-width-large:100%;--awb-margin-top-large:0px;--awb-spacing-right-large:1.92%;--awb-margin-bottom-large:20px;--awb-spacing-left-large:1.92%;--awb-width-medium:100%;--awb-order-medium:0;--awb-spacing-right-medium:1.92%;--awb-spacing-left-medium:1.92%;--awb-width-small:100%;--awb-order-small:0;--awb-spacing-right-small:1.92%;--awb-spacing-left-small:1.92%;\"><div class=\"fusion-column-wrapper fusion-column-has-shadow fusion-flex-justify-content-flex-start fusion-content-layout-column\"><div class=\"accordian fusion-accordian\" style=\"--awb-border-size:1px;--awb-icon-size:16px;--awb-content-font-size:var(--awb-typography4-font-size);--awb-icon-alignment:left;--awb-hover-color:var(--awb-color2);--awb-border-color:var(--awb-color3);--awb-background-color:var(--awb-color2);--awb-divider-color:var(--awb-color3);--awb-divider-hover-color:var(--awb-color3);--awb-icon-color:var(--awb-color1);--awb-title-color:var(--awb-color8);--awb-content-color:var(--awb-color8);--awb-icon-box-color:var(--awb-color7);--awb-toggle-hover-accent-color:hsla(var(--awb-color7-h),calc(var(--awb-color7-s) - 5%),calc(var(--awb-color7-l) - 10%),var(--awb-color7-a));--awb-title-font-family:var(--awb-typography1-font-family);--awb-title-font-weight:var(--awb-typography1-font-weight);--awb-title-font-style:var(--awb-typography1-font-style);--awb-title-font-size:16px;--awb-content-font-family:var(--awb-typography4-font-family);--awb-content-font-weight:var(--awb-typography4-font-weight);--awb-content-font-style:var(--awb-typography4-font-style);\"><div class=\"panel-group fusion-toggle-icon-boxed\" id=\"accordion-2631-1\"><div class=\"fusion-panel panel-default panel-7c7d34ce98f82b681 fusion-toggle-no-divider fusion-toggle-boxed-mode\"><div class=\"panel-heading\"><h4 class=\"panel-title toggle\" id=\"toggle_7c7d34ce98f82b681\"><a aria-expanded=\"false\" aria-controls=\"7c7d34ce98f82b681\" role=\"button\" data-toggle=\"collapse\" data-parent=\"#accordion-2631-1\" data-target=\"#7c7d34ce98f82b681\" href=\"#7c7d34ce98f82b681\"><span class=\"fusion-toggle-icon-wrapper\" aria-hidden=\"true\"><i class=\"fa-fusion-box active-icon awb-icon-minus\" aria-hidden=\"true\"><\/i><i class=\"fa-fusion-box inactive-icon awb-icon-plus\" aria-hidden=\"true\"><\/i><\/span><span class=\"fusion-toggle-heading\">What does a machine and plant operator do?<\/span><\/a><\/h4><\/div><div id=\"7c7d34ce98f82b681\" class=\"panel-collapse collapse \" aria-labelledby=\"toggle_7c7d34ce98f82b681\"><div class=\"panel-body toggle-content fusion-clearfix\">\n<p>Production is becoming increasingly automated. The amount of products that are transported along the assembly lines of factories every day could never be manufactured by human hands. Machines are useful because they make our work easier. However, qualified specialists are needed to operate and maintain these highly complex machines and systems.<\/p>\n<p>As a machine and plant operator, orders are received on the PC and work steps are prepared. This means that the machines &#8211; for food processing &#8211; have to be made ready for operation. It may be necessary to set up or convert them with components, adjust the production processes or operate the machine manually. During production, the processes must be monitored and the intermediate results checked. This ensures that an excessively large number of faulty items is not produced. If faults occur in production, they must be detected at an early stage and defective components must be replaced or repaired.<\/p>\n<\/div><\/div><\/div><div class=\"fusion-panel panel-default panel-65e11b0249447978a fusion-toggle-no-divider fusion-toggle-boxed-mode\"><div class=\"panel-heading\"><h4 class=\"panel-title toggle\" id=\"toggle_65e11b0249447978a\"><a aria-expanded=\"false\" aria-controls=\"65e11b0249447978a\" role=\"button\" data-toggle=\"collapse\" data-parent=\"#accordion-2631-1\" data-target=\"#65e11b0249447978a\" href=\"#65e11b0249447978a\"><span class=\"fusion-toggle-icon-wrapper\" aria-hidden=\"true\"><i class=\"fa-fusion-box active-icon awb-icon-minus\" aria-hidden=\"true\"><\/i><i class=\"fa-fusion-box inactive-icon awb-icon-plus\" aria-hidden=\"true\"><\/i><\/span><span class=\"fusion-toggle-heading\">Training as a machine and plant operator - food technology<\/span><\/a><\/h4><\/div><div id=\"65e11b0249447978a\" class=\"panel-collapse collapse \" aria-labelledby=\"toggle_65e11b0249447978a\"><div class=\"panel-body toggle-content fusion-clearfix\">\n<p>The training lasts 2 years with 12 weeks of instruction each.<\/p>\n<p>The 12 weeks are divided into 3 training blocks of 4 weeks each. During these teaching blocks, the trainees have all-day lessons. The lessons take place together with the pupils of the 1. and 2nd year of training for the &#8220;food technology specialist&#8221; apprenticeship. During the block period, they live in the college&#8217;s own boarding school.<\/p>\n<p>Here you will find our brochure on the &#8220;Machine and Plant Operator &#8211; Food Technology&#8221; apprenticeship.<\/p>\n<\/div><\/div><\/div><div class=\"fusion-panel panel-default panel-d2103fe47b5a3e7a4 fusion-toggle-no-divider fusion-toggle-boxed-mode\"><div class=\"panel-heading\"><h4 class=\"panel-title toggle\" id=\"toggle_d2103fe47b5a3e7a4\"><a aria-expanded=\"false\" aria-controls=\"d2103fe47b5a3e7a4\" role=\"button\" data-toggle=\"collapse\" data-parent=\"#accordion-2631-1\" data-target=\"#d2103fe47b5a3e7a4\" href=\"#d2103fe47b5a3e7a4\"><span class=\"fusion-toggle-icon-wrapper\" aria-hidden=\"true\"><i class=\"fa-fusion-box active-icon awb-icon-minus\" aria-hidden=\"true\"><\/i><i class=\"fa-fusion-box inactive-icon awb-icon-plus\" aria-hidden=\"true\"><\/i><\/span><span class=\"fusion-toggle-heading\">The tests<\/span><\/a><\/h4><\/div><div id=\"d2103fe47b5a3e7a4\" class=\"panel-collapse collapse \" aria-labelledby=\"toggle_d2103fe47b5a3e7a4\"><div class=\"panel-body toggle-content fusion-clearfix\">\n<p>An intermediate examination takes place at the beginning of the 2nd year of training. The training ends after 2 years with a theoretical knowledge test in the subjects:<\/p>\n<ul>\n<li>Production technology<\/li>\n<li>Production planning<\/li>\n<li>Economic and social studies<\/li>\n<\/ul>\n<p>and a practical skills test in the company-specific activity.<\/p>\n<p>The theoretical examinations are taken at the Chamber of Industry and Commerce in the respective home town.  <span style=\"color: var(--awb-content-color); font-family: var(--awb-content-font-family); font-size: var(--awb-content-font-size); font-style: var(--awb-content-font-style); font-weight: var(--awb-content-font-weight); letter-spacing: var(--awb-content-letter-spacing); text-transform: var(--awb-content-text-transform); background-color: var(--awb-hover-color);\">The practical examination is carried out by the responsible Chamber of Industry and Commerce in your own training company.<\/span><\/p>\n<p>After passing the examination, the candidate receives the skilled worker certificate for the occupation of machine and plant operator.<\/p>\n<\/div><\/div><\/div><div class=\"fusion-panel panel-default panel-29242609ac5f810e8 fusion-toggle-no-divider fusion-toggle-boxed-mode\"><div class=\"panel-heading\"><h4 class=\"panel-title toggle\" id=\"toggle_29242609ac5f810e8\"><a aria-expanded=\"false\" aria-controls=\"29242609ac5f810e8\" role=\"button\" data-toggle=\"collapse\" data-parent=\"#accordion-2631-1\" data-target=\"#29242609ac5f810e8\" href=\"#29242609ac5f810e8\"><span class=\"fusion-toggle-icon-wrapper\" aria-hidden=\"true\"><i class=\"fa-fusion-box active-icon awb-icon-minus\" aria-hidden=\"true\"><\/i><i class=\"fa-fusion-box inactive-icon awb-icon-plus\" aria-hidden=\"true\"><\/i><\/span><span class=\"fusion-toggle-heading\">Registration<\/span><\/a><\/h4><\/div><div id=\"29242609ac5f810e8\" class=\"panel-collapse collapse \" aria-labelledby=\"toggle_29242609ac5f810e8\"><div class=\"panel-body toggle-content fusion-clearfix\">\n<p><a href=\"https:\/\/zds-solingen.de\/en\/?page_id=2691\"><br \/>\n  Click here for the registration form<\/a><\/p>\n<\/div><\/div><\/div><div class=\"fusion-panel panel-default panel-a9560e56226db732b fusion-toggle-no-divider fusion-toggle-boxed-mode\"><div class=\"panel-heading\"><h4 class=\"panel-title toggle\" id=\"toggle_a9560e56226db732b\"><a aria-expanded=\"false\" aria-controls=\"a9560e56226db732b\" role=\"button\" data-toggle=\"collapse\" data-parent=\"#accordion-2631-1\" data-target=\"#a9560e56226db732b\" href=\"#a9560e56226db732b\"><span class=\"fusion-toggle-icon-wrapper\" aria-hidden=\"true\"><i class=\"fa-fusion-box active-icon awb-icon-minus\" aria-hidden=\"true\"><\/i><i class=\"fa-fusion-box inactive-icon awb-icon-plus\" aria-hidden=\"true\"><\/i><\/span><span class=\"fusion-toggle-heading\">Special features<\/span><\/a><\/h4><\/div><div id=\"a9560e56226db732b\" class=\"panel-collapse collapse \" aria-labelledby=\"toggle_a9560e56226db732b\"><div class=\"panel-body toggle-content fusion-clearfix\">\n<p>Training as a machine and plant operator takes two years.<\/p>\n<p>After this time, students who have completed their training have the opportunity to complete a further year of school in order to obtain the additional vocational school certificate:<\/p>\n<p><b>Specialist for food technology<\/b><\/p>\n<p>Food technology focuses on the raw materials, semi-finished products and auxiliary materials required for the production of food. The subjects taught are the analysis of food ingredients, development of production processes, comparison and assessment of various pre-treatment methods, mixing and separation processes with regard to product and production-oriented processing and preservation as well as the monitoring of food quality, including aspects of operational quality management.<\/p>\n<p>If you are interested in the job description of a food technology specialist, please click on the link above.<\/p>\n<\/div><\/div><\/div><\/div><\/div><\/div><\/div><\/div><\/div><\/p>\n","protected":false},"excerpt":{"rendered":"","protected":false},"author":1,"featured_media":0,"parent":2657,"menu_order":0,"comment_status":"closed","ping_status":"closed","template":"100-width.php","meta":{"footnotes":""},"class_list":["post-2631","page","type-page","status-publish","hentry"],"yoast_head":"<!-- This site is optimized with the Yoast SEO plugin v27.3 - https:\/\/yoast.com\/product\/yoast-seo-wordpress\/ -->\n<title>Machine and plant operator in food technology - ZDS<\/title>\n<meta name=\"robots\" content=\"index, follow, max-snippet:-1, max-image-preview:large, max-video-preview:-1\" \/>\n<link rel=\"canonical\" href=\"https:\/\/zds-solingen.de\/en\/education\/machine-and-plant-operator-in-food-technology\/\" \/>\n<meta property=\"og:locale\" content=\"en_US\" \/>\n<meta property=\"og:type\" content=\"article\" \/>\n<meta property=\"og:title\" content=\"Machine and plant operator in food technology - ZDS\" \/>\n<meta property=\"og:url\" content=\"https:\/\/zds-solingen.de\/en\/education\/machine-and-plant-operator-in-food-technology\/\" \/>\n<meta property=\"og:site_name\" content=\"ZDS\" \/>\n<meta property=\"article:publisher\" content=\"https:\/\/de-de.facebook.com\/zds.solingen\/\" \/>\n<meta property=\"article:modified_time\" content=\"2024-02-05T13:23:31+00:00\" \/>\n<meta name=\"twitter:card\" content=\"summary_large_image\" \/>\n<meta name=\"twitter:label1\" content=\"Est. reading time\" \/>\n\t<meta name=\"twitter:data1\" content=\"8 minutes\" \/>\n<script type=\"application\/ld+json\" class=\"yoast-schema-graph\">{\"@context\":\"https:\\\/\\\/schema.org\",\"@graph\":[{\"@type\":\"WebPage\",\"@id\":\"https:\\\/\\\/zds-solingen.de\\\/en\\\/education\\\/machine-and-plant-operator-in-food-technology\\\/\",\"url\":\"https:\\\/\\\/zds-solingen.de\\\/en\\\/education\\\/machine-and-plant-operator-in-food-technology\\\/\",\"name\":\"Machine and plant operator in food technology - ZDS\",\"isPartOf\":{\"@id\":\"https:\\\/\\\/zds-solingen.de\\\/en\\\/#website\"},\"datePublished\":\"2023-05-25T08:11:29+00:00\",\"dateModified\":\"2024-02-05T13:23:31+00:00\",\"breadcrumb\":{\"@id\":\"https:\\\/\\\/zds-solingen.de\\\/en\\\/education\\\/machine-and-plant-operator-in-food-technology\\\/#breadcrumb\"},\"inLanguage\":\"en-US\",\"potentialAction\":[{\"@type\":\"ReadAction\",\"target\":[\"https:\\\/\\\/zds-solingen.de\\\/en\\\/education\\\/machine-and-plant-operator-in-food-technology\\\/\"]}]},{\"@type\":\"BreadcrumbList\",\"@id\":\"https:\\\/\\\/zds-solingen.de\\\/en\\\/education\\\/machine-and-plant-operator-in-food-technology\\\/#breadcrumb\",\"itemListElement\":[{\"@type\":\"ListItem\",\"position\":1,\"name\":\"Startseite\",\"item\":\"https:\\\/\\\/zds-solingen.de\\\/en\\\/home\\\/\"},{\"@type\":\"ListItem\",\"position\":2,\"name\":\"Education\",\"item\":\"https:\\\/\\\/zds-solingen.de\\\/en\\\/education\\\/\"},{\"@type\":\"ListItem\",\"position\":3,\"name\":\"Machine and plant operator in food technology\"}]},{\"@type\":\"WebSite\",\"@id\":\"https:\\\/\\\/zds-solingen.de\\\/en\\\/#website\",\"url\":\"https:\\\/\\\/zds-solingen.de\\\/en\\\/\",\"name\":\"ZDS Zentralfachschule der Deutschen S\u00fc\u00dfwarenwirtschaft e.V.\",\"description\":\"Zentralfachschule der Deutschen S\u00fc\u00dfwarenwirtschaft e.V.\",\"publisher\":{\"@id\":\"https:\\\/\\\/zds-solingen.de\\\/en\\\/#organization\"},\"potentialAction\":[{\"@type\":\"SearchAction\",\"target\":{\"@type\":\"EntryPoint\",\"urlTemplate\":\"https:\\\/\\\/zds-solingen.de\\\/en\\\/?s={search_term_string}\"},\"query-input\":{\"@type\":\"PropertyValueSpecification\",\"valueRequired\":true,\"valueName\":\"search_term_string\"}}],\"inLanguage\":\"en-US\"},{\"@type\":\"Organization\",\"@id\":\"https:\\\/\\\/zds-solingen.de\\\/en\\\/#organization\",\"name\":\"ZDS Zentralfachschule der Deutschen S\u00fc\u00dfwarenwirtschaft e.V.\",\"url\":\"https:\\\/\\\/zds-solingen.de\\\/en\\\/\",\"logo\":{\"@type\":\"ImageObject\",\"inLanguage\":\"en-US\",\"@id\":\"https:\\\/\\\/zds-solingen.de\\\/en\\\/#\\\/schema\\\/logo\\\/image\\\/\",\"url\":\"https:\\\/\\\/zds-solingen.de\\\/wp-content\\\/uploads\\\/2024\\\/06\\\/ZDS_Logo_verein.png\",\"contentUrl\":\"https:\\\/\\\/zds-solingen.de\\\/wp-content\\\/uploads\\\/2024\\\/06\\\/ZDS_Logo_verein.png\",\"width\":1006,\"height\":545,\"caption\":\"ZDS Zentralfachschule der Deutschen S\u00fc\u00dfwarenwirtschaft e.V.\"},\"image\":{\"@id\":\"https:\\\/\\\/zds-solingen.de\\\/en\\\/#\\\/schema\\\/logo\\\/image\\\/\"},\"sameAs\":[\"https:\\\/\\\/de-de.facebook.com\\\/zds.solingen\\\/\",\"https:\\\/\\\/www.linkedin.com\\\/company\\\/zentralfachschule-der-deutschen-suesswarenwirtschaft-e-v\",\"https:\\\/\\\/www.instagram.com\\\/zds_solingen\"]}]}<\/script>\n<!-- \/ Yoast SEO plugin. -->","yoast_head_json":{"title":"Machine and plant operator in food technology - ZDS","robots":{"index":"index","follow":"follow","max-snippet":"max-snippet:-1","max-image-preview":"max-image-preview:large","max-video-preview":"max-video-preview:-1"},"canonical":"https:\/\/zds-solingen.de\/en\/education\/machine-and-plant-operator-in-food-technology\/","og_locale":"en_US","og_type":"article","og_title":"Machine and plant operator in food technology - ZDS","og_url":"https:\/\/zds-solingen.de\/en\/education\/machine-and-plant-operator-in-food-technology\/","og_site_name":"ZDS","article_publisher":"https:\/\/de-de.facebook.com\/zds.solingen\/","article_modified_time":"2024-02-05T13:23:31+00:00","twitter_card":"summary_large_image","twitter_misc":{"Est. reading time":"8 minutes"},"schema":{"@context":"https:\/\/schema.org","@graph":[{"@type":"WebPage","@id":"https:\/\/zds-solingen.de\/en\/education\/machine-and-plant-operator-in-food-technology\/","url":"https:\/\/zds-solingen.de\/en\/education\/machine-and-plant-operator-in-food-technology\/","name":"Machine and plant operator in food technology - ZDS","isPartOf":{"@id":"https:\/\/zds-solingen.de\/en\/#website"},"datePublished":"2023-05-25T08:11:29+00:00","dateModified":"2024-02-05T13:23:31+00:00","breadcrumb":{"@id":"https:\/\/zds-solingen.de\/en\/education\/machine-and-plant-operator-in-food-technology\/#breadcrumb"},"inLanguage":"en-US","potentialAction":[{"@type":"ReadAction","target":["https:\/\/zds-solingen.de\/en\/education\/machine-and-plant-operator-in-food-technology\/"]}]},{"@type":"BreadcrumbList","@id":"https:\/\/zds-solingen.de\/en\/education\/machine-and-plant-operator-in-food-technology\/#breadcrumb","itemListElement":[{"@type":"ListItem","position":1,"name":"Startseite","item":"https:\/\/zds-solingen.de\/en\/home\/"},{"@type":"ListItem","position":2,"name":"Education","item":"https:\/\/zds-solingen.de\/en\/education\/"},{"@type":"ListItem","position":3,"name":"Machine and plant operator in food technology"}]},{"@type":"WebSite","@id":"https:\/\/zds-solingen.de\/en\/#website","url":"https:\/\/zds-solingen.de\/en\/","name":"ZDS Zentralfachschule der Deutschen S\u00fc\u00dfwarenwirtschaft e.V.","description":"Zentralfachschule der Deutschen S\u00fc\u00dfwarenwirtschaft e.V.","publisher":{"@id":"https:\/\/zds-solingen.de\/en\/#organization"},"potentialAction":[{"@type":"SearchAction","target":{"@type":"EntryPoint","urlTemplate":"https:\/\/zds-solingen.de\/en\/?s={search_term_string}"},"query-input":{"@type":"PropertyValueSpecification","valueRequired":true,"valueName":"search_term_string"}}],"inLanguage":"en-US"},{"@type":"Organization","@id":"https:\/\/zds-solingen.de\/en\/#organization","name":"ZDS Zentralfachschule der Deutschen S\u00fc\u00dfwarenwirtschaft e.V.","url":"https:\/\/zds-solingen.de\/en\/","logo":{"@type":"ImageObject","inLanguage":"en-US","@id":"https:\/\/zds-solingen.de\/en\/#\/schema\/logo\/image\/","url":"https:\/\/zds-solingen.de\/wp-content\/uploads\/2024\/06\/ZDS_Logo_verein.png","contentUrl":"https:\/\/zds-solingen.de\/wp-content\/uploads\/2024\/06\/ZDS_Logo_verein.png","width":1006,"height":545,"caption":"ZDS Zentralfachschule der Deutschen S\u00fc\u00dfwarenwirtschaft e.V."},"image":{"@id":"https:\/\/zds-solingen.de\/en\/#\/schema\/logo\/image\/"},"sameAs":["https:\/\/de-de.facebook.com\/zds.solingen\/","https:\/\/www.linkedin.com\/company\/zentralfachschule-der-deutschen-suesswarenwirtschaft-e-v","https:\/\/www.instagram.com\/zds_solingen"]}]}},"_links":{"self":[{"href":"https:\/\/zds-solingen.de\/en\/wp-json\/wp\/v2\/pages\/2631","targetHints":{"allow":["GET"]}}],"collection":[{"href":"https:\/\/zds-solingen.de\/en\/wp-json\/wp\/v2\/pages"}],"about":[{"href":"https:\/\/zds-solingen.de\/en\/wp-json\/wp\/v2\/types\/page"}],"author":[{"embeddable":true,"href":"https:\/\/zds-solingen.de\/en\/wp-json\/wp\/v2\/users\/1"}],"replies":[{"embeddable":true,"href":"https:\/\/zds-solingen.de\/en\/wp-json\/wp\/v2\/comments?post=2631"}],"version-history":[{"count":3,"href":"https:\/\/zds-solingen.de\/en\/wp-json\/wp\/v2\/pages\/2631\/revisions"}],"predecessor-version":[{"id":2634,"href":"https:\/\/zds-solingen.de\/en\/wp-json\/wp\/v2\/pages\/2631\/revisions\/2634"}],"up":[{"embeddable":true,"href":"https:\/\/zds-solingen.de\/en\/wp-json\/wp\/v2\/pages\/2657"}],"wp:attachment":[{"href":"https:\/\/zds-solingen.de\/en\/wp-json\/wp\/v2\/media?parent=2631"}],"curies":[{"name":"wp","href":"https:\/\/api.w.org\/{rel}","templated":true}]}}