{"id":2624,"date":"2023-06-05T08:47:55","date_gmt":"2023-06-05T08:47:55","guid":{"rendered":"https:\/\/zds-solingen.de\/about-zds\/history\/"},"modified":"2026-03-18T10:19:48","modified_gmt":"2026-03-18T10:19:48","slug":"history","status":"publish","type":"page","link":"https:\/\/zds-solingen.de\/en\/about-zds\/history\/","title":{"rendered":"History"},"content":{"rendered":"<div class=\"fusion-fullwidth fullwidth-box fusion-builder-row-1 fusion-flex-container nonhundred-percent-fullwidth non-hundred-percent-height-scrolling\" style=\"--awb-border-radius-top-left:0px;--awb-border-radius-top-right:0px;--awb-border-radius-bottom-right:0px;--awb-border-radius-bottom-left:0px;--awb-flex-wrap:wrap;\" ><div class=\"fusion-builder-row fusion-row fusion-flex-align-items-flex-start fusion-flex-content-wrap\" style=\"max-width:1248px;margin-left: calc(-4% \/ 2 );margin-right: calc(-4% \/ 2 );\"><div class=\"fusion-layout-column fusion_builder_column fusion-builder-column-0 fusion_builder_column_1_1 1_1 fusion-flex-column\" style=\"--awb-bg-size:cover;--awb-width-large:100%;--awb-margin-top-large:0px;--awb-spacing-right-large:1.92%;--awb-margin-bottom-large:0px;--awb-spacing-left-large:1.92%;--awb-width-medium:100%;--awb-spacing-right-medium:1.92%;--awb-spacing-left-medium:1.92%;--awb-width-small:100%;--awb-spacing-right-small:1.92%;--awb-spacing-left-small:1.92%;\"><div class=\"fusion-column-wrapper fusion-flex-justify-content-flex-start fusion-content-layout-column\"><div class=\"fusion-text fusion-text-1\">\t\t\t<!-- Cool Timeline Free V3.3.0 -->\n\t\t\t<div class=\"ctl-wrapper\" role=\"region\" aria-label=\"Timeline\">\n\t\t\t\t<div class=\"ctl-before-content\"><div class=\"timeline-main-title\"><h1>Die Geschichte einer guten Idee<\/h1><\/div><\/div>\t\t\t\t<div id=\"cool_timeline_1\" class=\"cool-timeline-wrapper ctl-both-sided ctl-vertical-wrapper\" >\n\t\t\t\t\t<div class=\"ctl-start\"><\/div>\n\t\t\t\t\t<!-- Timeline Container -->\n\t\t\t\t\t<div class=\"ctl-timeline ctl-timeline-container\" data-animation=\"fade-up\">\n\t\t\t\t\t\t<!-- Center Line -->\n\t\t\t\t\t\t<div class=\"ctl-inner-line\" role=\"presentation\"><\/div>\n\t\t\t\t\t\t\t\t\t\t\t\t<div class=\"no-content\"><h4>Sorry,You have not added any story yet<\/h4><\/div>\t\t\t\t\t<\/div>\n\t\t\t\t\t<div class=\"ctl-end\"><\/div>\n\t\t\t\t\t\t\t\t\t<\/div>\n\t\t\t<\/div>\n\t\t\t\n<\/div><\/div><\/div><\/div><\/div>\n","protected":false},"excerpt":{"rendered":"","protected":false},"author":1,"featured_media":0,"parent":2604,"menu_order":0,"comment_status":"closed","ping_status":"closed","template":"100-width.php","meta":{"footnotes":""},"class_list":["post-2624","page","type-page","status-publish","hentry"],"yoast_head":"<!-- This site is optimized with the Yoast SEO plugin v27.3 - https:\/\/yoast.com\/product\/yoast-seo-wordpress\/ -->\n<title>History - ZDS<\/title>\n<meta name=\"robots\" content=\"index, follow, max-snippet:-1, max-image-preview:large, max-video-preview:-1\" \/>\n<link rel=\"canonical\" href=\"https:\/\/zds-solingen.de\/en\/about-zds\/history\/\" \/>\n<meta property=\"og:locale\" content=\"en_US\" \/>\n<meta property=\"og:type\" content=\"article\" \/>\n<meta property=\"og:title\" content=\"History - ZDS\" \/>\n<meta property=\"og:url\" content=\"https:\/\/zds-solingen.de\/en\/about-zds\/history\/\" \/>\n<meta property=\"og:site_name\" content=\"ZDS\" \/>\n<meta property=\"article:publisher\" content=\"https:\/\/de-de.facebook.com\/zds.solingen\/\" \/>\n<meta property=\"article:modified_time\" content=\"2026-03-18T10:19:48+00:00\" \/>\n<meta name=\"twitter:card\" content=\"summary_large_image\" \/>\n<meta name=\"twitter:label1\" content=\"Est. reading time\" \/>\n\t<meta name=\"twitter:data1\" content=\"1 minute\" \/>\n<script type=\"application\/ld+json\" class=\"yoast-schema-graph\">{\"@context\":\"https:\\\/\\\/schema.org\",\"@graph\":[{\"@type\":\"WebPage\",\"@id\":\"https:\\\/\\\/zds-solingen.de\\\/en\\\/about-zds\\\/history\\\/\",\"url\":\"https:\\\/\\\/zds-solingen.de\\\/en\\\/about-zds\\\/history\\\/\",\"name\":\"History - ZDS\",\"isPartOf\":{\"@id\":\"https:\\\/\\\/zds-solingen.de\\\/en\\\/#website\"},\"datePublished\":\"2023-06-05T08:47:55+00:00\",\"dateModified\":\"2026-03-18T10:19:48+00:00\",\"breadcrumb\":{\"@id\":\"https:\\\/\\\/zds-solingen.de\\\/en\\\/about-zds\\\/history\\\/#breadcrumb\"},\"inLanguage\":\"en-US\",\"potentialAction\":[{\"@type\":\"ReadAction\",\"target\":[\"https:\\\/\\\/zds-solingen.de\\\/en\\\/about-zds\\\/history\\\/\"]}]},{\"@type\":\"BreadcrumbList\",\"@id\":\"https:\\\/\\\/zds-solingen.de\\\/en\\\/about-zds\\\/history\\\/#breadcrumb\",\"itemListElement\":[{\"@type\":\"ListItem\",\"position\":1,\"name\":\"Startseite\",\"item\":\"https:\\\/\\\/zds-solingen.de\\\/en\\\/home\\\/\"},{\"@type\":\"ListItem\",\"position\":2,\"name\":\"About ZDS\",\"item\":\"https:\\\/\\\/zds-solingen.de\\\/en\\\/?page_id=2604\"},{\"@type\":\"ListItem\",\"position\":3,\"name\":\"History\"}]},{\"@type\":\"WebSite\",\"@id\":\"https:\\\/\\\/zds-solingen.de\\\/en\\\/#website\",\"url\":\"https:\\\/\\\/zds-solingen.de\\\/en\\\/\",\"name\":\"ZDS Zentralfachschule der Deutschen S\u00fc\u00dfwarenwirtschaft e.V.\",\"description\":\"Zentralfachschule der Deutschen S\u00fc\u00dfwarenwirtschaft e.V.\",\"publisher\":{\"@id\":\"https:\\\/\\\/zds-solingen.de\\\/en\\\/#organization\"},\"potentialAction\":[{\"@type\":\"SearchAction\",\"target\":{\"@type\":\"EntryPoint\",\"urlTemplate\":\"https:\\\/\\\/zds-solingen.de\\\/en\\\/?s={search_term_string}\"},\"query-input\":{\"@type\":\"PropertyValueSpecification\",\"valueRequired\":true,\"valueName\":\"search_term_string\"}}],\"inLanguage\":\"en-US\"},{\"@type\":\"Organization\",\"@id\":\"https:\\\/\\\/zds-solingen.de\\\/en\\\/#organization\",\"name\":\"ZDS Zentralfachschule der Deutschen S\u00fc\u00dfwarenwirtschaft e.V.\",\"url\":\"https:\\\/\\\/zds-solingen.de\\\/en\\\/\",\"logo\":{\"@type\":\"ImageObject\",\"inLanguage\":\"en-US\",\"@id\":\"https:\\\/\\\/zds-solingen.de\\\/en\\\/#\\\/schema\\\/logo\\\/image\\\/\",\"url\":\"https:\\\/\\\/zds-solingen.de\\\/wp-content\\\/uploads\\\/2024\\\/06\\\/ZDS_Logo_verein.png\",\"contentUrl\":\"https:\\\/\\\/zds-solingen.de\\\/wp-content\\\/uploads\\\/2024\\\/06\\\/ZDS_Logo_verein.png\",\"width\":1006,\"height\":545,\"caption\":\"ZDS Zentralfachschule der Deutschen S\u00fc\u00dfwarenwirtschaft e.V.\"},\"image\":{\"@id\":\"https:\\\/\\\/zds-solingen.de\\\/en\\\/#\\\/schema\\\/logo\\\/image\\\/\"},\"sameAs\":[\"https:\\\/\\\/de-de.facebook.com\\\/zds.solingen\\\/\",\"https:\\\/\\\/www.linkedin.com\\\/company\\\/zentralfachschule-der-deutschen-suesswarenwirtschaft-e-v\",\"https:\\\/\\\/www.instagram.com\\\/zds_solingen\"]}]}<\/script>\n<!-- \/ Yoast SEO plugin. -->","yoast_head_json":{"title":"History - ZDS","robots":{"index":"index","follow":"follow","max-snippet":"max-snippet:-1","max-image-preview":"max-image-preview:large","max-video-preview":"max-video-preview:-1"},"canonical":"https:\/\/zds-solingen.de\/en\/about-zds\/history\/","og_locale":"en_US","og_type":"article","og_title":"History - ZDS","og_url":"https:\/\/zds-solingen.de\/en\/about-zds\/history\/","og_site_name":"ZDS","article_publisher":"https:\/\/de-de.facebook.com\/zds.solingen\/","article_modified_time":"2026-03-18T10:19:48+00:00","twitter_card":"summary_large_image","twitter_misc":{"Est. reading time":"1 minute"},"schema":{"@context":"https:\/\/schema.org","@graph":[{"@type":"WebPage","@id":"https:\/\/zds-solingen.de\/en\/about-zds\/history\/","url":"https:\/\/zds-solingen.de\/en\/about-zds\/history\/","name":"History - ZDS","isPartOf":{"@id":"https:\/\/zds-solingen.de\/en\/#website"},"datePublished":"2023-06-05T08:47:55+00:00","dateModified":"2026-03-18T10:19:48+00:00","breadcrumb":{"@id":"https:\/\/zds-solingen.de\/en\/about-zds\/history\/#breadcrumb"},"inLanguage":"en-US","potentialAction":[{"@type":"ReadAction","target":["https:\/\/zds-solingen.de\/en\/about-zds\/history\/"]}]},{"@type":"BreadcrumbList","@id":"https:\/\/zds-solingen.de\/en\/about-zds\/history\/#breadcrumb","itemListElement":[{"@type":"ListItem","position":1,"name":"Startseite","item":"https:\/\/zds-solingen.de\/en\/home\/"},{"@type":"ListItem","position":2,"name":"About ZDS","item":"https:\/\/zds-solingen.de\/en\/?page_id=2604"},{"@type":"ListItem","position":3,"name":"History"}]},{"@type":"WebSite","@id":"https:\/\/zds-solingen.de\/en\/#website","url":"https:\/\/zds-solingen.de\/en\/","name":"ZDS Zentralfachschule der Deutschen S\u00fc\u00dfwarenwirtschaft e.V.","description":"Zentralfachschule der Deutschen S\u00fc\u00dfwarenwirtschaft e.V.","publisher":{"@id":"https:\/\/zds-solingen.de\/en\/#organization"},"potentialAction":[{"@type":"SearchAction","target":{"@type":"EntryPoint","urlTemplate":"https:\/\/zds-solingen.de\/en\/?s={search_term_string}"},"query-input":{"@type":"PropertyValueSpecification","valueRequired":true,"valueName":"search_term_string"}}],"inLanguage":"en-US"},{"@type":"Organization","@id":"https:\/\/zds-solingen.de\/en\/#organization","name":"ZDS Zentralfachschule der Deutschen S\u00fc\u00dfwarenwirtschaft e.V.","url":"https:\/\/zds-solingen.de\/en\/","logo":{"@type":"ImageObject","inLanguage":"en-US","@id":"https:\/\/zds-solingen.de\/en\/#\/schema\/logo\/image\/","url":"https:\/\/zds-solingen.de\/wp-content\/uploads\/2024\/06\/ZDS_Logo_verein.png","contentUrl":"https:\/\/zds-solingen.de\/wp-content\/uploads\/2024\/06\/ZDS_Logo_verein.png","width":1006,"height":545,"caption":"ZDS Zentralfachschule der Deutschen S\u00fc\u00dfwarenwirtschaft e.V."},"image":{"@id":"https:\/\/zds-solingen.de\/en\/#\/schema\/logo\/image\/"},"sameAs":["https:\/\/de-de.facebook.com\/zds.solingen\/","https:\/\/www.linkedin.com\/company\/zentralfachschule-der-deutschen-suesswarenwirtschaft-e-v","https:\/\/www.instagram.com\/zds_solingen"]}]}},"_links":{"self":[{"href":"https:\/\/zds-solingen.de\/en\/wp-json\/wp\/v2\/pages\/2624","targetHints":{"allow":["GET"]}}],"collection":[{"href":"https:\/\/zds-solingen.de\/en\/wp-json\/wp\/v2\/pages"}],"about":[{"href":"https:\/\/zds-solingen.de\/en\/wp-json\/wp\/v2\/types\/page"}],"author":[{"embeddable":true,"href":"https:\/\/zds-solingen.de\/en\/wp-json\/wp\/v2\/users\/1"}],"replies":[{"embeddable":true,"href":"https:\/\/zds-solingen.de\/en\/wp-json\/wp\/v2\/comments?post=2624"}],"version-history":[{"count":3,"href":"https:\/\/zds-solingen.de\/en\/wp-json\/wp\/v2\/pages\/2624\/revisions"}],"predecessor-version":[{"id":13593,"href":"https:\/\/zds-solingen.de\/en\/wp-json\/wp\/v2\/pages\/2624\/revisions\/13593"}],"up":[{"embeddable":true,"href":"https:\/\/zds-solingen.de\/en\/wp-json\/wp\/v2\/pages\/2604"}],"wp:attachment":[{"href":"https:\/\/zds-solingen.de\/en\/wp-json\/wp\/v2\/media?parent=2624"}],"curies":[{"name":"wp","href":"https:\/\/api.w.org\/{rel}","templated":true}]}}