{"id":2614,"date":"2023-05-25T08:10:11","date_gmt":"2023-05-25T08:10:11","guid":{"rendered":"https:\/\/zds-solingen.de\/confectionery-technologist\/"},"modified":"2024-09-02T06:39:53","modified_gmt":"2024-09-02T06:39:53","slug":"confectionery-technologist","status":"publish","type":"page","link":"https:\/\/zds-solingen.de\/en\/education\/confectionery-technologist\/","title":{"rendered":"Confectionery technologist"},"content":{"rendered":"<p><div class=\"fusion-fullwidth fullwidth-box fusion-builder-row-1 fusion-flex-container has-pattern-background has-mask-background nonhundred-percent-fullwidth non-hundred-percent-height-scrolling\" style=\"--awb-border-radius-top-left:0px;--awb-border-radius-top-right:0px;--awb-border-radius-bottom-right:0px;--awb-border-radius-bottom-left:0px;--awb-flex-wrap:wrap;\" ><div class=\"fusion-builder-row fusion-row fusion-flex-align-items-flex-start fusion-flex-content-wrap\" style=\"max-width:1248px;margin-left: calc(-4% \/ 2 );margin-right: calc(-4% \/ 2 );\"><div class=\"fusion-layout-column fusion_builder_column fusion-builder-column-0 fusion_builder_column_1_1 1_1 fusion-flex-column fusion-animated\" style=\"--awb-bg-size:cover;--awb-width-large:100%;--awb-margin-top-large:0px;--awb-spacing-right-large:1.92%;--awb-margin-bottom-large:20px;--awb-spacing-left-large:1.92%;--awb-width-medium:100%;--awb-order-medium:0;--awb-spacing-right-medium:1.92%;--awb-spacing-left-medium:1.92%;--awb-width-small:100%;--awb-order-small:0;--awb-spacing-right-small:1.92%;--awb-spacing-left-small:1.92%;\" data-animationType=\"fadeInLeft\" data-animationDuration=\"1.0\" data-animationOffset=\"top-into-view\"><div class=\"fusion-column-wrapper fusion-column-has-shadow fusion-flex-justify-content-flex-start fusion-content-layout-column\"><div class=\"fusion-title title fusion-title-1 fusion-sep-none fusion-title-text fusion-title-size-one\" style=\"--awb-text-color:var(--awb-color7);--awb-margin-top-small:10px;--awb-margin-right-small:0px;--awb-margin-bottom-small:10px;--awb-margin-left-small:0px;\"><h1 class=\"fusion-title-heading title-heading-left\" style=\"margin:0;\">Confectionery technologist<\/h1><\/div><\/div><\/div><\/div><\/div><div class=\"fusion-fullwidth fullwidth-box fusion-builder-row-2 fusion-flex-container has-pattern-background has-mask-background nonhundred-percent-fullwidth non-hundred-percent-height-scrolling fusion-animated\" style=\"--awb-border-radius-top-left:0px;--awb-border-radius-top-right:0px;--awb-border-radius-bottom-right:0px;--awb-border-radius-bottom-left:0px;--awb-flex-wrap:wrap;\" data-animationType=\"fadeInUp\" data-animationDuration=\"1.0\" data-animationOffset=\"top-into-view\" ><div class=\"fusion-builder-row fusion-row fusion-flex-align-items-flex-start fusion-flex-content-wrap\" style=\"max-width:1248px;margin-left: calc(-4% \/ 2 );margin-right: calc(-4% \/ 2 );\"><div class=\"fusion-layout-column fusion_builder_column fusion-builder-column-1 fusion_builder_column_1_1 1_1 fusion-flex-column\" style=\"--awb-bg-size:cover;--awb-width-large:100%;--awb-margin-top-large:0px;--awb-spacing-right-large:1.92%;--awb-margin-bottom-large:20px;--awb-spacing-left-large:1.92%;--awb-width-medium:100%;--awb-order-medium:0;--awb-spacing-right-medium:1.92%;--awb-spacing-left-medium:1.92%;--awb-width-small:100%;--awb-order-small:0;--awb-spacing-right-small:1.92%;--awb-spacing-left-small:1.92%;\"><div class=\"fusion-column-wrapper fusion-column-has-shadow fusion-flex-justify-content-flex-start fusion-content-layout-column\"><div class=\"accordian fusion-accordian\" style=\"--awb-border-size:1px;--awb-icon-size:16px;--awb-content-font-size:var(--awb-typography4-font-size);--awb-icon-alignment:left;--awb-hover-color:var(--awb-color2);--awb-border-color:var(--awb-color3);--awb-background-color:var(--awb-color2);--awb-divider-color:var(--awb-color3);--awb-divider-hover-color:var(--awb-color3);--awb-icon-color:var(--awb-color1);--awb-title-color:var(--awb-color8);--awb-content-color:var(--awb-color8);--awb-icon-box-color:var(--awb-color7);--awb-toggle-hover-accent-color:hsla(var(--awb-color7-h),calc(var(--awb-color7-s) - 5%),calc(var(--awb-color7-l) - 10%),var(--awb-color7-a));--awb-title-font-family:var(--awb-typography1-font-family);--awb-title-font-weight:var(--awb-typography1-font-weight);--awb-title-font-style:var(--awb-typography1-font-style);--awb-title-font-size:16px;--awb-content-font-family:var(--awb-typography4-font-family);--awb-content-font-weight:var(--awb-typography4-font-weight);--awb-content-font-style:var(--awb-typography4-font-style);\"><div class=\"panel-group fusion-toggle-icon-boxed\" id=\"accordion-2614-1\"><div class=\"fusion-panel panel-default panel-b5f9b9d9bb31cc04e fusion-toggle-no-divider fusion-toggle-boxed-mode\"><div class=\"panel-heading\"><h4 class=\"panel-title toggle\" id=\"toggle_b5f9b9d9bb31cc04e\"><a aria-expanded=\"false\" aria-controls=\"b5f9b9d9bb31cc04e\" role=\"button\" data-toggle=\"collapse\" data-parent=\"#accordion-2614-1\" data-target=\"#b5f9b9d9bb31cc04e\" href=\"#b5f9b9d9bb31cc04e\"><span class=\"fusion-toggle-icon-wrapper\" aria-hidden=\"true\"><i class=\"fa-fusion-box active-icon awb-icon-minus\" aria-hidden=\"true\"><\/i><i class=\"fa-fusion-box inactive-icon awb-icon-plus\" aria-hidden=\"true\"><\/i><\/span><span class=\"fusion-toggle-heading\">Training as a confectionery technologist  <\/span><\/a><\/h4><\/div><div id=\"b5f9b9d9bb31cc04e\" class=\"panel-collapse collapse \" aria-labelledby=\"toggle_b5f9b9d9bb31cc04e\"><div class=\"panel-body toggle-content fusion-clearfix\">\n<p>The training lasts 3 years with 12 weeks of instruction per year. The 12 weeks are divided into 3 training blocks. During these teaching blocks, the trainees have full-day lessons and work placements. During this time, they live in the colleague&#8217;s own boarding school.<\/p>\n<p>The training, which provides a future-oriented professional profile, ends with a theoretical knowledge test and a practical skills test.<\/p>\n<p>The skills to be learned are taught in subjects whose content is assigned to specific learning fields. There are so-called bundled subjects:<\/p>\n<ul>\n<li>Confectionery production<\/li>\n<li>Technical production and process management<\/li>\n<li>Quality assurance<\/li>\n<\/ul>\n<p>The subject of confectionery production is deepened by several hours of practical training in the college&#8217;s own practice rooms. In addition, the subjects of economics and social studies, German, English and religion also contribute their content to the special learning fields. The subject of sport must also be taken.<\/p>\n<\/div><\/div><\/div><div class=\"fusion-panel panel-default panel-1cf9c6a874d83de83 fusion-toggle-no-divider fusion-toggle-boxed-mode\"><div class=\"panel-heading\"><h4 class=\"panel-title toggle\" id=\"toggle_1cf9c6a874d83de83\"><a aria-expanded=\"false\" aria-controls=\"1cf9c6a874d83de83\" role=\"button\" data-toggle=\"collapse\" data-parent=\"#accordion-2614-1\" data-target=\"#1cf9c6a874d83de83\" href=\"#1cf9c6a874d83de83\"><span class=\"fusion-toggle-icon-wrapper\" aria-hidden=\"true\"><i class=\"fa-fusion-box active-icon awb-icon-minus\" aria-hidden=\"true\"><\/i><i class=\"fa-fusion-box inactive-icon awb-icon-plus\" aria-hidden=\"true\"><\/i><\/span><span class=\"fusion-toggle-heading\">The learning fields<\/span><\/a><\/h4><\/div><div id=\"1cf9c6a874d83de83\" class=\"panel-collapse collapse \" aria-labelledby=\"toggle_1cf9c6a874d83de83\"><div class=\"panel-body toggle-content fusion-clearfix\">\n<p><b>The above-mentioned learning fields are structured as follows for all trainees over three years of training:<\/b><\/p>\n<p><b>First year of training  <\/b><\/p>\n<ol>\n<li>Present training company<\/li>\n<li>Check and assess raw materials, additives and auxiliary materials<\/li>\n<li>Storing raw materials, additives and auxiliary materials<\/li>\n<li>Pre-treat raw materials, additives and auxiliary materials<\/li>\n<\/ol>\n<p><span style=\"color: var(--awb-content-color); font-family: var(--awb-content-font-family); font-size: var(--awb-content-font-size); font-style: var(--awb-content-font-style); letter-spacing: var(--awb-content-letter-spacing); text-transform: var(--awb-content-text-transform); background-color: var(--awb-background-color);\"><b>Second year of training<\/b><\/span><\/p>\n<ol>\n<li>Produce base mixes, doughs and semi-finished products<\/li>\n<li>Packaging confectionery<\/li>\n<li>Making sweets and confectionery<\/li>\n<li>Making fine baked goods and snacks<\/li>\n<\/ol>\n<p><span style=\"color: var(--awb-content-color); font-family: var(--awb-content-font-family); font-size: var(--awb-content-font-size); font-style: var(--awb-content-font-style); letter-spacing: var(--awb-content-letter-spacing); text-transform: var(--awb-content-text-transform); background-color: var(--awb-background-color);\"><b>Third year of training<\/b><\/span><\/p>\n<ol>\n<li>Making chocolate and confectionery<\/li>\n<li>Making ice cream<\/li>\n<li>Ensuring the quality of confectionery<\/li>\n<li>Developing confectionery products<\/li>\n<\/ol>\n<\/div><\/div><\/div><div class=\"fusion-panel panel-default panel-8339a555ad9e559e6 fusion-toggle-no-divider fusion-toggle-boxed-mode\"><div class=\"panel-heading\"><h4 class=\"panel-title toggle\" id=\"toggle_8339a555ad9e559e6\"><a aria-expanded=\"false\" aria-controls=\"8339a555ad9e559e6\" role=\"button\" data-toggle=\"collapse\" data-parent=\"#accordion-2614-1\" data-target=\"#8339a555ad9e559e6\" href=\"#8339a555ad9e559e6\"><span class=\"fusion-toggle-icon-wrapper\" aria-hidden=\"true\"><i class=\"fa-fusion-box active-icon awb-icon-minus\" aria-hidden=\"true\"><\/i><i class=\"fa-fusion-box inactive-icon awb-icon-plus\" aria-hidden=\"true\"><\/i><\/span><span class=\"fusion-toggle-heading\">The tests<\/span><\/a><\/h4><\/div><div id=\"8339a555ad9e559e6\" class=\"panel-collapse collapse \" aria-labelledby=\"toggle_8339a555ad9e559e6\"><div class=\"panel-body toggle-content fusion-clearfix\">\n<p>The final examination consists of the following examination areas:<\/p>\n<ul>\n<li>Production of confectionery<\/li>\n<li>Confectionery technology<\/li>\n<li>Economic and social studies<\/li>\n<\/ul>\n<p>The practical skills test will take place in one of the following elective areas:<\/p>\n<ul>\n<li>Production of chocolate goods and confectionery<\/li>\n<li>Production of sweets and confectionery<\/li>\n<li>Production of fine baked goods<\/li>\n<li>Production of snacks<\/li>\n<li>Production of ice cream<\/li>\n<\/ul>\n<p>The examinations are carried out under the supervision of the Bergische IHK Wuppertal-Solingen-Remscheid and take place on the premises of the ZDS.<\/p>\n<\/div><\/div><\/div><div class=\"fusion-panel panel-default panel-414b548d162d6fc5a fusion-toggle-no-divider fusion-toggle-boxed-mode\"><div class=\"panel-heading\"><h4 class=\"panel-title toggle\" id=\"toggle_414b548d162d6fc5a\"><a aria-expanded=\"false\" aria-controls=\"414b548d162d6fc5a\" role=\"button\" data-toggle=\"collapse\" data-parent=\"#accordion-2614-1\" data-target=\"#414b548d162d6fc5a\" href=\"#414b548d162d6fc5a\"><span class=\"fusion-toggle-icon-wrapper\" aria-hidden=\"true\"><i class=\"fa-fusion-box active-icon awb-icon-minus\" aria-hidden=\"true\"><\/i><i class=\"fa-fusion-box inactive-icon awb-icon-plus\" aria-hidden=\"true\"><\/i><\/span><span class=\"fusion-toggle-heading\">Registration<\/span><\/a><\/h4><\/div><div id=\"414b548d162d6fc5a\" class=\"panel-collapse collapse \" aria-labelledby=\"toggle_414b548d162d6fc5a\"><div class=\"panel-body toggle-content fusion-clearfix\"><a href=\"https:\/\/zds-solingen.de\/en\/training-registration\/\">Click here for the registration form<\/a><\/div><\/div><\/div><div class=\"fusion-panel panel-default panel-af08e175e06a44fef fusion-toggle-no-divider fusion-toggle-boxed-mode\"><div class=\"panel-heading\"><h4 class=\"panel-title toggle\" id=\"toggle_af08e175e06a44fef\"><a aria-expanded=\"false\" aria-controls=\"af08e175e06a44fef\" role=\"button\" data-toggle=\"collapse\" data-parent=\"#accordion-2614-1\" data-target=\"#af08e175e06a44fef\" href=\"#af08e175e06a44fef\"><span class=\"fusion-toggle-icon-wrapper\" aria-hidden=\"true\"><i class=\"fa-fusion-box active-icon awb-icon-minus\" aria-hidden=\"true\"><\/i><i class=\"fa-fusion-box inactive-icon awb-icon-plus\" aria-hidden=\"true\"><\/i><\/span><span class=\"fusion-toggle-heading\">Publications Press<\/span><\/a><\/h4><\/div><div id=\"af08e175e06a44fef\" class=\"panel-collapse collapse \" aria-labelledby=\"toggle_af08e175e06a44fef\"><div class=\"panel-body toggle-content fusion-clearfix\">\n<p>This is what the press writes about the profession of &#8220;confectionery technologist&#8221;:<\/p>\n<ul>\n<li>RP online<\/li>\n<li>K\u00f6lnische Rundschau<\/li>\n<li>Northern Courier<\/li>\n<\/ul>\n<\/div><\/div><\/div><div class=\"fusion-panel panel-default panel-c2ea8610ddf7e18b0 fusion-toggle-no-divider fusion-toggle-boxed-mode\"><div class=\"panel-heading\"><h4 class=\"panel-title toggle\" id=\"toggle_c2ea8610ddf7e18b0\"><a aria-expanded=\"false\" aria-controls=\"c2ea8610ddf7e18b0\" role=\"button\" data-toggle=\"collapse\" data-parent=\"#accordion-2614-1\" data-target=\"#c2ea8610ddf7e18b0\" href=\"#c2ea8610ddf7e18b0\"><span class=\"fusion-toggle-icon-wrapper\" aria-hidden=\"true\"><i class=\"fa-fusion-box active-icon awb-icon-minus\" aria-hidden=\"true\"><\/i><i class=\"fa-fusion-box inactive-icon awb-icon-plus\" aria-hidden=\"true\"><\/i><\/span><span class=\"fusion-toggle-heading\">Available apprenticeships<\/span><\/a><\/h4><\/div><div id=\"c2ea8610ddf7e18b0\" class=\"panel-collapse collapse \" aria-labelledby=\"toggle_c2ea8610ddf7e18b0\"><div class=\"panel-body toggle-content fusion-clearfix\">\n<p>The Federal Association of the German Confectionery Industry (BDSI) offers an apprenticeship exchange on its website, which lists current vacancies.<\/p>\n<p><a href=\"https:\/\/www.bdsi.de\/verband\/aus-und-weiterbildung\/ausbildungsplatzboerse\/\" target=\"_blank\" rel=\"noopener noreferrer\">Please click here to go to the training exchange.<\/a><\/p>\n<p><b>The following member companies currently offer apprenticeships:<\/b><\/p>\n<p><a href=\"https:\/\/www.haribo.com\/de-de\/karriere\/jobboerse?&amp;jobType=apprenticeship&amp;section=&amp;city=\">HARIBO GmbH &amp; Co KG<\/a><\/p>\n<\/div><\/div><\/div><\/div><\/div><\/div><\/div><\/div><\/div>\n<\/p>\n","protected":false},"excerpt":{"rendered":"","protected":false},"author":1,"featured_media":0,"parent":2657,"menu_order":0,"comment_status":"closed","ping_status":"closed","template":"100-width.php","meta":{"footnotes":""},"class_list":["post-2614","page","type-page","status-publish","hentry"],"yoast_head":"<!-- This site is optimized with the Yoast SEO plugin v27.4 - https:\/\/yoast.com\/product\/yoast-seo-wordpress\/ -->\n<title>Confectionery technologist - ZDS<\/title>\n<meta name=\"robots\" content=\"index, follow, max-snippet:-1, max-image-preview:large, max-video-preview:-1\" \/>\n<link rel=\"canonical\" href=\"https:\/\/zds-solingen.de\/en\/education\/confectionery-technologist\/\" \/>\n<meta property=\"og:locale\" content=\"en_US\" \/>\n<meta property=\"og:type\" content=\"article\" \/>\n<meta property=\"og:title\" content=\"Confectionery technologist - ZDS\" \/>\n<meta property=\"og:url\" content=\"https:\/\/zds-solingen.de\/en\/education\/confectionery-technologist\/\" \/>\n<meta property=\"og:site_name\" content=\"ZDS\" \/>\n<meta property=\"article:publisher\" content=\"https:\/\/de-de.facebook.com\/zds.solingen\/\" \/>\n<meta property=\"article:modified_time\" content=\"2024-09-02T06:39:53+00:00\" \/>\n<meta name=\"twitter:card\" content=\"summary_large_image\" \/>\n<meta name=\"twitter:label1\" content=\"Est. reading time\" \/>\n\t<meta name=\"twitter:data1\" content=\"3 minutes\" \/>\n<script type=\"application\/ld+json\" class=\"yoast-schema-graph\">{\"@context\":\"https:\\\/\\\/schema.org\",\"@graph\":[{\"@type\":\"WebPage\",\"@id\":\"https:\\\/\\\/zds-solingen.de\\\/en\\\/education\\\/confectionery-technologist\\\/\",\"url\":\"https:\\\/\\\/zds-solingen.de\\\/en\\\/education\\\/confectionery-technologist\\\/\",\"name\":\"Confectionery technologist - ZDS\",\"isPartOf\":{\"@id\":\"https:\\\/\\\/zds-solingen.de\\\/en\\\/#website\"},\"datePublished\":\"2023-05-25T08:10:11+00:00\",\"dateModified\":\"2024-09-02T06:39:53+00:00\",\"breadcrumb\":{\"@id\":\"https:\\\/\\\/zds-solingen.de\\\/en\\\/education\\\/confectionery-technologist\\\/#breadcrumb\"},\"inLanguage\":\"en-US\",\"potentialAction\":[{\"@type\":\"ReadAction\",\"target\":[\"https:\\\/\\\/zds-solingen.de\\\/en\\\/education\\\/confectionery-technologist\\\/\"]}]},{\"@type\":\"BreadcrumbList\",\"@id\":\"https:\\\/\\\/zds-solingen.de\\\/en\\\/education\\\/confectionery-technologist\\\/#breadcrumb\",\"itemListElement\":[{\"@type\":\"ListItem\",\"position\":1,\"name\":\"Startseite\",\"item\":\"https:\\\/\\\/zds-solingen.de\\\/en\\\/home\\\/\"},{\"@type\":\"ListItem\",\"position\":2,\"name\":\"Education\",\"item\":\"https:\\\/\\\/zds-solingen.de\\\/en\\\/education\\\/\"},{\"@type\":\"ListItem\",\"position\":3,\"name\":\"Confectionery technologist\"}]},{\"@type\":\"WebSite\",\"@id\":\"https:\\\/\\\/zds-solingen.de\\\/en\\\/#website\",\"url\":\"https:\\\/\\\/zds-solingen.de\\\/en\\\/\",\"name\":\"ZDS Zentralfachschule der Deutschen S\u00fc\u00dfwarenwirtschaft e.V.\",\"description\":\"Zentralfachschule der Deutschen S\u00fc\u00dfwarenwirtschaft e.V.\",\"publisher\":{\"@id\":\"https:\\\/\\\/zds-solingen.de\\\/en\\\/#organization\"},\"potentialAction\":[{\"@type\":\"SearchAction\",\"target\":{\"@type\":\"EntryPoint\",\"urlTemplate\":\"https:\\\/\\\/zds-solingen.de\\\/en\\\/?s={search_term_string}\"},\"query-input\":{\"@type\":\"PropertyValueSpecification\",\"valueRequired\":true,\"valueName\":\"search_term_string\"}}],\"inLanguage\":\"en-US\"},{\"@type\":\"Organization\",\"@id\":\"https:\\\/\\\/zds-solingen.de\\\/en\\\/#organization\",\"name\":\"ZDS Zentralfachschule der Deutschen S\u00fc\u00dfwarenwirtschaft e.V.\",\"url\":\"https:\\\/\\\/zds-solingen.de\\\/en\\\/\",\"logo\":{\"@type\":\"ImageObject\",\"inLanguage\":\"en-US\",\"@id\":\"https:\\\/\\\/zds-solingen.de\\\/en\\\/#\\\/schema\\\/logo\\\/image\\\/\",\"url\":\"https:\\\/\\\/zds-solingen.de\\\/wp-content\\\/uploads\\\/2024\\\/06\\\/ZDS_Logo_verein.png\",\"contentUrl\":\"https:\\\/\\\/zds-solingen.de\\\/wp-content\\\/uploads\\\/2024\\\/06\\\/ZDS_Logo_verein.png\",\"width\":1006,\"height\":545,\"caption\":\"ZDS Zentralfachschule der Deutschen S\u00fc\u00dfwarenwirtschaft e.V.\"},\"image\":{\"@id\":\"https:\\\/\\\/zds-solingen.de\\\/en\\\/#\\\/schema\\\/logo\\\/image\\\/\"},\"sameAs\":[\"https:\\\/\\\/de-de.facebook.com\\\/zds.solingen\\\/\",\"https:\\\/\\\/www.linkedin.com\\\/company\\\/zentralfachschule-der-deutschen-suesswarenwirtschaft-e-v\",\"https:\\\/\\\/www.instagram.com\\\/zds_solingen\"]}]}<\/script>\n<!-- \/ Yoast SEO plugin. -->","yoast_head_json":{"title":"Confectionery technologist - ZDS","robots":{"index":"index","follow":"follow","max-snippet":"max-snippet:-1","max-image-preview":"max-image-preview:large","max-video-preview":"max-video-preview:-1"},"canonical":"https:\/\/zds-solingen.de\/en\/education\/confectionery-technologist\/","og_locale":"en_US","og_type":"article","og_title":"Confectionery technologist - ZDS","og_url":"https:\/\/zds-solingen.de\/en\/education\/confectionery-technologist\/","og_site_name":"ZDS","article_publisher":"https:\/\/de-de.facebook.com\/zds.solingen\/","article_modified_time":"2024-09-02T06:39:53+00:00","twitter_card":"summary_large_image","twitter_misc":{"Est. reading time":"3 minutes"},"schema":{"@context":"https:\/\/schema.org","@graph":[{"@type":"WebPage","@id":"https:\/\/zds-solingen.de\/en\/education\/confectionery-technologist\/","url":"https:\/\/zds-solingen.de\/en\/education\/confectionery-technologist\/","name":"Confectionery technologist - ZDS","isPartOf":{"@id":"https:\/\/zds-solingen.de\/en\/#website"},"datePublished":"2023-05-25T08:10:11+00:00","dateModified":"2024-09-02T06:39:53+00:00","breadcrumb":{"@id":"https:\/\/zds-solingen.de\/en\/education\/confectionery-technologist\/#breadcrumb"},"inLanguage":"en-US","potentialAction":[{"@type":"ReadAction","target":["https:\/\/zds-solingen.de\/en\/education\/confectionery-technologist\/"]}]},{"@type":"BreadcrumbList","@id":"https:\/\/zds-solingen.de\/en\/education\/confectionery-technologist\/#breadcrumb","itemListElement":[{"@type":"ListItem","position":1,"name":"Startseite","item":"https:\/\/zds-solingen.de\/en\/home\/"},{"@type":"ListItem","position":2,"name":"Education","item":"https:\/\/zds-solingen.de\/en\/education\/"},{"@type":"ListItem","position":3,"name":"Confectionery technologist"}]},{"@type":"WebSite","@id":"https:\/\/zds-solingen.de\/en\/#website","url":"https:\/\/zds-solingen.de\/en\/","name":"ZDS Zentralfachschule der Deutschen S\u00fc\u00dfwarenwirtschaft e.V.","description":"Zentralfachschule der Deutschen S\u00fc\u00dfwarenwirtschaft e.V.","publisher":{"@id":"https:\/\/zds-solingen.de\/en\/#organization"},"potentialAction":[{"@type":"SearchAction","target":{"@type":"EntryPoint","urlTemplate":"https:\/\/zds-solingen.de\/en\/?s={search_term_string}"},"query-input":{"@type":"PropertyValueSpecification","valueRequired":true,"valueName":"search_term_string"}}],"inLanguage":"en-US"},{"@type":"Organization","@id":"https:\/\/zds-solingen.de\/en\/#organization","name":"ZDS Zentralfachschule der Deutschen S\u00fc\u00dfwarenwirtschaft e.V.","url":"https:\/\/zds-solingen.de\/en\/","logo":{"@type":"ImageObject","inLanguage":"en-US","@id":"https:\/\/zds-solingen.de\/en\/#\/schema\/logo\/image\/","url":"https:\/\/zds-solingen.de\/wp-content\/uploads\/2024\/06\/ZDS_Logo_verein.png","contentUrl":"https:\/\/zds-solingen.de\/wp-content\/uploads\/2024\/06\/ZDS_Logo_verein.png","width":1006,"height":545,"caption":"ZDS Zentralfachschule der Deutschen S\u00fc\u00dfwarenwirtschaft e.V."},"image":{"@id":"https:\/\/zds-solingen.de\/en\/#\/schema\/logo\/image\/"},"sameAs":["https:\/\/de-de.facebook.com\/zds.solingen\/","https:\/\/www.linkedin.com\/company\/zentralfachschule-der-deutschen-suesswarenwirtschaft-e-v","https:\/\/www.instagram.com\/zds_solingen"]}]}},"_links":{"self":[{"href":"https:\/\/zds-solingen.de\/en\/wp-json\/wp\/v2\/pages\/2614","targetHints":{"allow":["GET"]}}],"collection":[{"href":"https:\/\/zds-solingen.de\/en\/wp-json\/wp\/v2\/pages"}],"about":[{"href":"https:\/\/zds-solingen.de\/en\/wp-json\/wp\/v2\/types\/page"}],"author":[{"embeddable":true,"href":"https:\/\/zds-solingen.de\/en\/wp-json\/wp\/v2\/users\/1"}],"replies":[{"embeddable":true,"href":"https:\/\/zds-solingen.de\/en\/wp-json\/wp\/v2\/comments?post=2614"}],"version-history":[{"count":9,"href":"https:\/\/zds-solingen.de\/en\/wp-json\/wp\/v2\/pages\/2614\/revisions"}],"predecessor-version":[{"id":5867,"href":"https:\/\/zds-solingen.de\/en\/wp-json\/wp\/v2\/pages\/2614\/revisions\/5867"}],"up":[{"embeddable":true,"href":"https:\/\/zds-solingen.de\/en\/wp-json\/wp\/v2\/pages\/2657"}],"wp:attachment":[{"href":"https:\/\/zds-solingen.de\/en\/wp-json\/wp\/v2\/media?parent=2614"}],"curies":[{"name":"wp","href":"https:\/\/api.w.org\/{rel}","templated":true}]}}