{"id":2610,"date":"2023-05-25T08:11:45","date_gmt":"2023-05-25T08:11:45","guid":{"rendered":"https:\/\/zds-solingen.de\/dual-study-program\/"},"modified":"2024-11-18T08:07:18","modified_gmt":"2024-11-18T08:07:18","slug":"dual-study-program","status":"publish","type":"page","link":"https:\/\/zds-solingen.de\/en\/education\/dual-study-program\/","title":{"rendered":"Dual study program"},"content":{"rendered":"<p><div class=\"fusion-fullwidth fullwidth-box fusion-builder-row-1 fusion-flex-container has-pattern-background has-mask-background nonhundred-percent-fullwidth non-hundred-percent-height-scrolling\" style=\"--awb-border-radius-top-left:0px;--awb-border-radius-top-right:0px;--awb-border-radius-bottom-right:0px;--awb-border-radius-bottom-left:0px;--awb-flex-wrap:wrap;\" ><div class=\"fusion-builder-row fusion-row fusion-flex-align-items-flex-start fusion-flex-content-wrap\" style=\"max-width:1248px;margin-left: calc(-4% \/ 2 );margin-right: calc(-4% \/ 2 );\"><div class=\"fusion-layout-column fusion_builder_column fusion-builder-column-0 fusion_builder_column_1_1 1_1 fusion-flex-column fusion-animated\" style=\"--awb-bg-size:cover;--awb-width-large:100%;--awb-margin-top-large:0px;--awb-spacing-right-large:1.92%;--awb-margin-bottom-large:20px;--awb-spacing-left-large:1.92%;--awb-width-medium:100%;--awb-order-medium:0;--awb-spacing-right-medium:1.92%;--awb-spacing-left-medium:1.92%;--awb-width-small:100%;--awb-order-small:0;--awb-spacing-right-small:1.92%;--awb-spacing-left-small:1.92%;\" data-animationType=\"fadeInLeft\" data-animationDuration=\"0.9\" data-animationOffset=\"top-into-view\"><div class=\"fusion-column-wrapper fusion-column-has-shadow fusion-flex-justify-content-flex-start fusion-content-layout-column\"><div class=\"fusion-title title fusion-title-1 fusion-sep-none fusion-title-text fusion-title-size-one\" style=\"--awb-text-color:var(--awb-color7);--awb-margin-top-small:10px;--awb-margin-right-small:0px;--awb-margin-bottom-small:10px;--awb-margin-left-small:0px;\"><h1 class=\"fusion-title-heading title-heading-left\" style=\"margin:0;\">Dual study program<\/h1><\/div><\/div><\/div><\/div><\/div><div class=\"fusion-fullwidth fullwidth-box fusion-builder-row-2 fusion-flex-container has-pattern-background has-mask-background nonhundred-percent-fullwidth non-hundred-percent-height-scrolling fusion-animated\" style=\"--awb-border-radius-top-left:0px;--awb-border-radius-top-right:0px;--awb-border-radius-bottom-right:0px;--awb-border-radius-bottom-left:0px;--awb-flex-wrap:wrap;\" data-animationType=\"fadeInUp\" data-animationDuration=\"1.0\" data-animationOffset=\"top-into-view\" ><div class=\"fusion-builder-row fusion-row fusion-flex-align-items-flex-start fusion-flex-content-wrap\" style=\"max-width:1248px;margin-left: calc(-4% \/ 2 );margin-right: calc(-4% \/ 2 );\"><div class=\"fusion-layout-column fusion_builder_column fusion-builder-column-1 fusion_builder_column_1_1 1_1 fusion-flex-column\" style=\"--awb-bg-size:cover;--awb-width-large:100%;--awb-margin-top-large:0px;--awb-spacing-right-large:1.92%;--awb-margin-bottom-large:20px;--awb-spacing-left-large:1.92%;--awb-width-medium:100%;--awb-order-medium:0;--awb-spacing-right-medium:1.92%;--awb-spacing-left-medium:1.92%;--awb-width-small:100%;--awb-order-small:0;--awb-spacing-right-small:1.92%;--awb-spacing-left-small:1.92%;\"><div class=\"fusion-column-wrapper fusion-column-has-shadow fusion-flex-justify-content-flex-start fusion-content-layout-column\"><div class=\"accordian fusion-accordian\" style=\"--awb-border-size:1px;--awb-icon-size:16px;--awb-content-font-size:var(--awb-typography4-font-size);--awb-icon-alignment:left;--awb-hover-color:var(--awb-color2);--awb-border-color:var(--awb-color3);--awb-background-color:var(--awb-color2);--awb-divider-color:var(--awb-color3);--awb-divider-hover-color:var(--awb-color3);--awb-icon-color:var(--awb-color1);--awb-title-color:var(--awb-color8);--awb-content-color:var(--awb-color8);--awb-icon-box-color:var(--awb-color7);--awb-toggle-hover-accent-color:hsla(var(--awb-color7-h),calc(var(--awb-color7-s) - 5%),calc(var(--awb-color7-l) - 10%),var(--awb-color7-a));--awb-title-font-family:var(--awb-typography1-font-family);--awb-title-font-weight:var(--awb-typography1-font-weight);--awb-title-font-style:var(--awb-typography1-font-style);--awb-title-font-size:16px;--awb-content-font-family:var(--awb-typography4-font-family);--awb-content-font-weight:var(--awb-typography4-font-weight);--awb-content-font-style:var(--awb-typography4-font-style);\"><div class=\"panel-group fusion-toggle-icon-boxed\" id=\"accordion-2610-1\"><div class=\"fusion-panel panel-default panel-0fefdd350e9a30f87 fusion-toggle-no-divider fusion-toggle-boxed-mode\"><div class=\"panel-heading\"><h4 class=\"panel-title toggle\" id=\"toggle_0fefdd350e9a30f87\"><a aria-expanded=\"false\" aria-controls=\"0fefdd350e9a30f87\" role=\"button\" data-toggle=\"collapse\" data-parent=\"#accordion-2610-1\" data-target=\"#0fefdd350e9a30f87\" href=\"#0fefdd350e9a30f87\"><span class=\"fusion-toggle-icon-wrapper\" aria-hidden=\"true\"><i class=\"fa-fusion-box active-icon awb-icon-minus\" aria-hidden=\"true\"><\/i><i class=\"fa-fusion-box inactive-icon awb-icon-plus\" aria-hidden=\"true\"><\/i><\/span><span class=\"fusion-toggle-heading\">Dual study program<\/span><\/a><\/h4><\/div><div id=\"0fefdd350e9a30f87\" class=\"panel-collapse collapse \" aria-labelledby=\"toggle_0fefdd350e9a30f87\"><div class=\"panel-body toggle-content fusion-clearfix\">\n<p>Since the 2016\/17 training year, the Central College of the German Confectionery Industry has been offering a dual course of study to accompany training in collaboration with Ostwestfalen-Lippe University of Applied Sciences, Neubrandenburg University of Applied Sciences and Niederrhein University of Applied Sciences.<\/p>\n<p>In 4.5 years you will qualify as a confectionery technologist and Bachelor of Science in Food Technology (Baking and Confectionery Technology).<\/p>\n<p>Prospective students must have a general higher education entrance qualification or an entrance qualification for universities of applied sciences.<\/p>\n<p>The dual study program offers numerous advantages for students and the training company.<\/p>\n<\/div><\/div><\/div><div class=\"fusion-panel panel-default panel-44434b036594b86df fusion-toggle-no-divider fusion-toggle-boxed-mode\"><div class=\"panel-heading\"><h4 class=\"panel-title toggle\" id=\"toggle_44434b036594b86df\"><a aria-expanded=\"false\" aria-controls=\"44434b036594b86df\" role=\"button\" data-toggle=\"collapse\" data-parent=\"#accordion-2610-1\" data-target=\"#44434b036594b86df\" href=\"#44434b036594b86df\"><span class=\"fusion-toggle-icon-wrapper\" aria-hidden=\"true\"><i class=\"fa-fusion-box active-icon awb-icon-minus\" aria-hidden=\"true\"><\/i><i class=\"fa-fusion-box inactive-icon awb-icon-plus\" aria-hidden=\"true\"><\/i><\/span><span class=\"fusion-toggle-heading\">Cooperation partner<\/span><\/a><\/h4><\/div><div id=\"44434b036594b86df\" class=\"panel-collapse collapse \" aria-labelledby=\"toggle_44434b036594b86df\"><div class=\"panel-body toggle-content fusion-clearfix\">\n<p>Cooperation partners for this dual study program are:<\/p>\n<ul>\n<li>Training companies in the confectionery industry<\/li>\n<\/ul>\n<p>Vocational school:<\/p>\n<ul>\n<li>Central College of the German Confectionery Industry, Solingen<\/li>\n<\/ul>\n<p>Study:<\/p>\n<ul>\n<li>Ostwestfalen-Lippe University of Applied Sciences, Life Science Technologies Division, Lemgo<\/li>\n<li>Neubrandenburg University of Applied Sciences, Faculty of Agricultural Economics and Food Sciences, Neubrandenburg<\/li>\n<li>Niederrhein University of Applied Sciences, Department of Oecotrophology, Krefeld<\/li>\n<\/ul>\n<\/div><\/div><\/div><div class=\"fusion-panel panel-default panel-946349755bf6c3e68 fusion-toggle-no-divider fusion-toggle-boxed-mode\"><div class=\"panel-heading\"><h4 class=\"panel-title toggle\" id=\"toggle_946349755bf6c3e68\"><a aria-expanded=\"false\" aria-controls=\"946349755bf6c3e68\" role=\"button\" data-toggle=\"collapse\" data-parent=\"#accordion-2610-1\" data-target=\"#946349755bf6c3e68\" href=\"#946349755bf6c3e68\"><span class=\"fusion-toggle-icon-wrapper\" aria-hidden=\"true\"><i class=\"fa-fusion-box active-icon awb-icon-minus\" aria-hidden=\"true\"><\/i><i class=\"fa-fusion-box inactive-icon awb-icon-plus\" aria-hidden=\"true\"><\/i><\/span><span class=\"fusion-toggle-heading\">Course of studies Cooperation partner<\/span><\/a><\/h4><\/div><div id=\"946349755bf6c3e68\" class=\"panel-collapse collapse \" aria-labelledby=\"toggle_946349755bf6c3e68\"><div class=\"panel-body toggle-content fusion-clearfix\">\n<p>Timetable Ostwestfalen-Lippe University of Applied Sciences<\/p>\n\n<table id=\"tablepress-4\" class=\"tablepress tablepress-id-4\">\n<thead>\n<tr class=\"row-1\">\n\t<th class=\"column-1\">Jahr<\/th><th class=\"column-2\">Halbjahr<\/th><th class=\"column-3\">Einsatzort<\/th>\n<\/tr>\n<\/thead>\n<tbody class=\"row-striping row-hover\">\n<tr class=\"row-2\">\n\t<td class=\"column-1\">Jahr 1<\/td><td class=\"column-2\">(1.\/2. Hj):<\/td><td class=\"column-3\">Berufsausbildung im Unternehmen mit Blockpraktikum an der ZDS (Solingen) inkl. Zwischenpr\u00fcfung<\/td>\n<\/tr>\n<tr class=\"row-3\">\n\t<td class=\"column-1\">Jahr 2<\/td><td class=\"column-2\">(1.\/2. Hj):<\/td><td class=\"column-3\">Studium an der Hochschule<\/td>\n<\/tr>\n<tr class=\"row-4\">\n\t<td class=\"column-1\">Jahr 3<\/td><td class=\"column-2\">(1. Hj):<\/td><td class=\"column-3\">Studium an der Hochschule<\/td>\n<\/tr>\n<tr class=\"row-5\">\n\t<td class=\"column-1\"><\/td><td class=\"column-2\">(2. Hj):<\/td><td class=\"column-3\">Berufsausbildung im Unternehmen mit Blockpraktikum an der ZDS (Solingen) inkl. Abschlusspr\u00fcfung<\/td>\n<\/tr>\n<tr class=\"row-6\">\n\t<td class=\"column-1\">Jahr 4<\/td><td class=\"column-2\">(1.\/2. Hj):<\/td><td class=\"column-3\">Studium an der Hochschule<\/td>\n<\/tr>\n<tr class=\"row-7\">\n\t<td class=\"column-1\">Jahr 5<\/td><td class=\"column-2\">(1. Hj):<\/td><td class=\"column-3\">Projekt-\/ Bachelorarbeit in der Firma<\/td>\n<\/tr>\n<\/tbody>\n<\/table>\n<!-- #tablepress-4 from cache -->\n<p>Schedule Neubrandenburg University of Applied Sciences<\/p>\n<p><img decoding=\"async\" class=\"alignnone size-full wp-image-850\" src=\"https:\/\/zds-solingen.de\/wp-content\/uploads\/2023\/06\/csm_Zeitplan_dc2781a74f.png\" alt=\"\" width=\"650\" height=\"290\" srcset=\"https:\/\/zds-solingen.de\/wp-content\/uploads\/2023\/06\/csm_Zeitplan_dc2781a74f-200x89.png 200w, https:\/\/zds-solingen.de\/wp-content\/uploads\/2023\/06\/csm_Zeitplan_dc2781a74f-300x134.png 300w, https:\/\/zds-solingen.de\/wp-content\/uploads\/2023\/06\/csm_Zeitplan_dc2781a74f-400x178.png 400w, https:\/\/zds-solingen.de\/wp-content\/uploads\/2023\/06\/csm_Zeitplan_dc2781a74f-600x268.png 600w, https:\/\/zds-solingen.de\/wp-content\/uploads\/2023\/06\/csm_Zeitplan_dc2781a74f.png 650w\" sizes=\"(max-width: 650px) 100vw, 650px\" \/><\/p>\n<\/div><\/div><\/div><div class=\"fusion-panel panel-default panel-e09a3f70b7c829016 fusion-toggle-no-divider fusion-toggle-boxed-mode\"><div class=\"panel-heading\"><h4 class=\"panel-title toggle\" id=\"toggle_e09a3f70b7c829016\"><a aria-expanded=\"false\" aria-controls=\"e09a3f70b7c829016\" role=\"button\" data-toggle=\"collapse\" data-parent=\"#accordion-2610-1\" data-target=\"#e09a3f70b7c829016\" href=\"#e09a3f70b7c829016\"><span class=\"fusion-toggle-icon-wrapper\" aria-hidden=\"true\"><i class=\"fa-fusion-box active-icon awb-icon-minus\" aria-hidden=\"true\"><\/i><i class=\"fa-fusion-box inactive-icon awb-icon-plus\" aria-hidden=\"true\"><\/i><\/span><span class=\"fusion-toggle-heading\">Advantages of the dual study program<\/span><\/a><\/h4><\/div><div id=\"e09a3f70b7c829016\" class=\"panel-collapse collapse \" aria-labelledby=\"toggle_e09a3f70b7c829016\"><div class=\"panel-body toggle-content fusion-clearfix\">\n\n<table id=\"tablepress-5\" class=\"tablepress tablepress-id-5\">\n<thead>\n<tr class=\"row-1\">\n\t<th class=\"column-1\">VORTEILE F\u00dcR STUDIERENDE<\/th><th class=\"column-2\">VORTEILE F\u00dcR AUSBILDUNGSFIRMA<\/th>\n<\/tr>\n<\/thead>\n<tbody class=\"row-striping row-hover\">\n<tr class=\"row-2\">\n\t<td class=\"column-1\">Zwei Abschl\u00fcsse, dadurch Zeiteinsparung<\/td><td class=\"column-2\">Hochmotivierte Mitarbeiter\/innen<\/td>\n<\/tr>\n<tr class=\"row-3\">\n\t<td class=\"column-1\">Vermittlung umfassender Theorie- und Praxiskenntnisse<\/td><td class=\"column-2\">Firmenbindung der qualifizierten Mitarbeiter\/innen<\/td>\n<\/tr>\n<tr class=\"row-4\">\n\t<td class=\"column-1\">Lange Firmenzugeh\u00f6rigkeit<\/td><td class=\"column-2\">Projekt- und Bachelorarbeit in der Firma<\/td>\n<\/tr>\n<tr class=\"row-5\">\n\t<td class=\"column-1\">Sehr gute Berufseinstiegschancen<\/td><td class=\"column-2\">Qualifizierte Mitarbeiter\/innen haben Bezug zu Praxis und Wissenschaft<\/td>\n<\/tr>\n<tr class=\"row-6\">\n\t<td class=\"column-1\">Verg\u00fctung \u00fcber die gesamte Zeit<\/td><td class=\"column-2\">Qualifizierte Mitarbeiter\/innen sind mit Betriebsprozessen vertraut<\/td>\n<\/tr>\n<\/tbody>\n<\/table>\n<!-- #tablepress-5 from cache -->\n<\/div><\/div><\/div><div class=\"fusion-panel panel-default panel-b48de1fa61460f025 fusion-toggle-no-divider fusion-toggle-boxed-mode\"><div class=\"panel-heading\"><h4 class=\"panel-title toggle\" id=\"toggle_b48de1fa61460f025\"><a aria-expanded=\"false\" aria-controls=\"b48de1fa61460f025\" role=\"button\" data-toggle=\"collapse\" data-parent=\"#accordion-2610-1\" data-target=\"#b48de1fa61460f025\" href=\"#b48de1fa61460f025\"><span class=\"fusion-toggle-icon-wrapper\" aria-hidden=\"true\"><i class=\"fa-fusion-box active-icon awb-icon-minus\" aria-hidden=\"true\"><\/i><i class=\"fa-fusion-box inactive-icon awb-icon-plus\" aria-hidden=\"true\"><\/i><\/span><span class=\"fusion-toggle-heading\">Available apprenticeships<\/span><\/a><\/h4><\/div><div id=\"b48de1fa61460f025\" class=\"panel-collapse collapse \" aria-labelledby=\"toggle_b48de1fa61460f025\"><div class=\"panel-body toggle-content fusion-clearfix\">\n<p>The Federal Association of the German Confectionery Industry (BDSI) offers an apprenticeship exchange on its website, which lists current vacancies.<\/p>\n<p><a href=\"https:\/\/www.bdsi.de\/verband\/ausbildung-in-der-suesswarenindustrie\/ausbildungsplatzboerse\/\">Please click here to go to the training exchange.<\/a><\/p>\n<\/div><\/div><\/div><div class=\"fusion-panel panel-default panel-d09034714a643aaa1 fusion-toggle-no-divider fusion-toggle-boxed-mode\"><div class=\"panel-heading\"><h4 class=\"panel-title toggle\" id=\"toggle_d09034714a643aaa1\"><a aria-expanded=\"false\" aria-controls=\"d09034714a643aaa1\" role=\"button\" data-toggle=\"collapse\" data-parent=\"#accordion-2610-1\" data-target=\"#d09034714a643aaa1\" href=\"#d09034714a643aaa1\"><span class=\"fusion-toggle-icon-wrapper\" aria-hidden=\"true\"><i class=\"fa-fusion-box active-icon awb-icon-minus\" aria-hidden=\"true\"><\/i><i class=\"fa-fusion-box inactive-icon awb-icon-plus\" aria-hidden=\"true\"><\/i><\/span><span class=\"fusion-toggle-heading\">Registration<\/span><\/a><\/h4><\/div><div id=\"d09034714a643aaa1\" class=\"panel-collapse collapse \" aria-labelledby=\"toggle_d09034714a643aaa1\"><div class=\"panel-body toggle-content fusion-clearfix\">\n<p><a href=\"https:\/\/zds-solingen.de\/en\/training-registration\/\">Here you can find the registration form<\/a><\/p>\n<\/div><\/div><\/div><\/div><\/div><\/div><\/div><\/div><\/div><\/p>\n","protected":false},"excerpt":{"rendered":"","protected":false},"author":1,"featured_media":0,"parent":2657,"menu_order":0,"comment_status":"closed","ping_status":"closed","template":"100-width.php","meta":{"footnotes":""},"class_list":["post-2610","page","type-page","status-publish","hentry"],"yoast_head":"<!-- This site is optimized with the Yoast SEO plugin v27.4 - https:\/\/yoast.com\/product\/yoast-seo-wordpress\/ -->\n<title>Dual study program - ZDS<\/title>\n<meta name=\"robots\" content=\"index, follow, max-snippet:-1, max-image-preview:large, max-video-preview:-1\" \/>\n<link rel=\"canonical\" href=\"https:\/\/zds-solingen.de\/en\/education\/dual-study-program\/\" \/>\n<meta property=\"og:locale\" content=\"en_US\" \/>\n<meta property=\"og:type\" content=\"article\" \/>\n<meta property=\"og:title\" content=\"Dual study program - ZDS\" \/>\n<meta property=\"og:url\" content=\"https:\/\/zds-solingen.de\/en\/education\/dual-study-program\/\" \/>\n<meta property=\"og:site_name\" content=\"ZDS\" \/>\n<meta property=\"article:publisher\" content=\"https:\/\/de-de.facebook.com\/zds.solingen\/\" \/>\n<meta property=\"article:modified_time\" content=\"2024-11-18T08:07:18+00:00\" \/>\n<meta property=\"og:image\" content=\"https:\/\/zds-solingen.de\/wp-content\/uploads\/2023\/06\/csm_Zeitplan_dc2781a74f.png\" \/>\n\t<meta property=\"og:image:width\" content=\"650\" \/>\n\t<meta property=\"og:image:height\" content=\"290\" \/>\n\t<meta property=\"og:image:type\" content=\"image\/png\" \/>\n<meta name=\"twitter:card\" content=\"summary_large_image\" \/>\n<meta name=\"twitter:label1\" content=\"Est. reading time\" \/>\n\t<meta name=\"twitter:data1\" content=\"6 minutes\" \/>\n<script type=\"application\/ld+json\" class=\"yoast-schema-graph\">{\"@context\":\"https:\\\/\\\/schema.org\",\"@graph\":[{\"@type\":\"WebPage\",\"@id\":\"https:\\\/\\\/zds-solingen.de\\\/en\\\/education\\\/dual-study-program\\\/\",\"url\":\"https:\\\/\\\/zds-solingen.de\\\/en\\\/education\\\/dual-study-program\\\/\",\"name\":\"Dual study program - ZDS\",\"isPartOf\":{\"@id\":\"https:\\\/\\\/zds-solingen.de\\\/en\\\/#website\"},\"primaryImageOfPage\":{\"@id\":\"https:\\\/\\\/zds-solingen.de\\\/en\\\/education\\\/dual-study-program\\\/#primaryimage\"},\"image\":{\"@id\":\"https:\\\/\\\/zds-solingen.de\\\/en\\\/education\\\/dual-study-program\\\/#primaryimage\"},\"thumbnailUrl\":\"https:\\\/\\\/zds-solingen.de\\\/wp-content\\\/uploads\\\/2023\\\/06\\\/csm_Zeitplan_dc2781a74f.png\",\"datePublished\":\"2023-05-25T08:11:45+00:00\",\"dateModified\":\"2024-11-18T08:07:18+00:00\",\"breadcrumb\":{\"@id\":\"https:\\\/\\\/zds-solingen.de\\\/en\\\/education\\\/dual-study-program\\\/#breadcrumb\"},\"inLanguage\":\"en-US\",\"potentialAction\":[{\"@type\":\"ReadAction\",\"target\":[\"https:\\\/\\\/zds-solingen.de\\\/en\\\/education\\\/dual-study-program\\\/\"]}]},{\"@type\":\"ImageObject\",\"inLanguage\":\"en-US\",\"@id\":\"https:\\\/\\\/zds-solingen.de\\\/en\\\/education\\\/dual-study-program\\\/#primaryimage\",\"url\":\"https:\\\/\\\/zds-solingen.de\\\/wp-content\\\/uploads\\\/2023\\\/06\\\/csm_Zeitplan_dc2781a74f.png\",\"contentUrl\":\"https:\\\/\\\/zds-solingen.de\\\/wp-content\\\/uploads\\\/2023\\\/06\\\/csm_Zeitplan_dc2781a74f.png\"},{\"@type\":\"BreadcrumbList\",\"@id\":\"https:\\\/\\\/zds-solingen.de\\\/en\\\/education\\\/dual-study-program\\\/#breadcrumb\",\"itemListElement\":[{\"@type\":\"ListItem\",\"position\":1,\"name\":\"Startseite\",\"item\":\"https:\\\/\\\/zds-solingen.de\\\/en\\\/home\\\/\"},{\"@type\":\"ListItem\",\"position\":2,\"name\":\"Education\",\"item\":\"https:\\\/\\\/zds-solingen.de\\\/en\\\/education\\\/\"},{\"@type\":\"ListItem\",\"position\":3,\"name\":\"Dual study program\"}]},{\"@type\":\"WebSite\",\"@id\":\"https:\\\/\\\/zds-solingen.de\\\/en\\\/#website\",\"url\":\"https:\\\/\\\/zds-solingen.de\\\/en\\\/\",\"name\":\"ZDS Zentralfachschule der Deutschen S\u00fc\u00dfwarenwirtschaft e.V.\",\"description\":\"Zentralfachschule der Deutschen S\u00fc\u00dfwarenwirtschaft e.V.\",\"publisher\":{\"@id\":\"https:\\\/\\\/zds-solingen.de\\\/en\\\/#organization\"},\"potentialAction\":[{\"@type\":\"SearchAction\",\"target\":{\"@type\":\"EntryPoint\",\"urlTemplate\":\"https:\\\/\\\/zds-solingen.de\\\/en\\\/?s={search_term_string}\"},\"query-input\":{\"@type\":\"PropertyValueSpecification\",\"valueRequired\":true,\"valueName\":\"search_term_string\"}}],\"inLanguage\":\"en-US\"},{\"@type\":\"Organization\",\"@id\":\"https:\\\/\\\/zds-solingen.de\\\/en\\\/#organization\",\"name\":\"ZDS Zentralfachschule der Deutschen S\u00fc\u00dfwarenwirtschaft e.V.\",\"url\":\"https:\\\/\\\/zds-solingen.de\\\/en\\\/\",\"logo\":{\"@type\":\"ImageObject\",\"inLanguage\":\"en-US\",\"@id\":\"https:\\\/\\\/zds-solingen.de\\\/en\\\/#\\\/schema\\\/logo\\\/image\\\/\",\"url\":\"https:\\\/\\\/zds-solingen.de\\\/wp-content\\\/uploads\\\/2024\\\/06\\\/ZDS_Logo_verein.png\",\"contentUrl\":\"https:\\\/\\\/zds-solingen.de\\\/wp-content\\\/uploads\\\/2024\\\/06\\\/ZDS_Logo_verein.png\",\"width\":1006,\"height\":545,\"caption\":\"ZDS Zentralfachschule der Deutschen S\u00fc\u00dfwarenwirtschaft e.V.\"},\"image\":{\"@id\":\"https:\\\/\\\/zds-solingen.de\\\/en\\\/#\\\/schema\\\/logo\\\/image\\\/\"},\"sameAs\":[\"https:\\\/\\\/de-de.facebook.com\\\/zds.solingen\\\/\",\"https:\\\/\\\/www.linkedin.com\\\/company\\\/zentralfachschule-der-deutschen-suesswarenwirtschaft-e-v\",\"https:\\\/\\\/www.instagram.com\\\/zds_solingen\"]}]}<\/script>\n<!-- \/ Yoast SEO plugin. -->","yoast_head_json":{"title":"Dual study program - ZDS","robots":{"index":"index","follow":"follow","max-snippet":"max-snippet:-1","max-image-preview":"max-image-preview:large","max-video-preview":"max-video-preview:-1"},"canonical":"https:\/\/zds-solingen.de\/en\/education\/dual-study-program\/","og_locale":"en_US","og_type":"article","og_title":"Dual study program - ZDS","og_url":"https:\/\/zds-solingen.de\/en\/education\/dual-study-program\/","og_site_name":"ZDS","article_publisher":"https:\/\/de-de.facebook.com\/zds.solingen\/","article_modified_time":"2024-11-18T08:07:18+00:00","og_image":[{"width":650,"height":290,"url":"https:\/\/zds-solingen.de\/wp-content\/uploads\/2023\/06\/csm_Zeitplan_dc2781a74f.png","type":"image\/png"}],"twitter_card":"summary_large_image","twitter_misc":{"Est. reading time":"6 minutes"},"schema":{"@context":"https:\/\/schema.org","@graph":[{"@type":"WebPage","@id":"https:\/\/zds-solingen.de\/en\/education\/dual-study-program\/","url":"https:\/\/zds-solingen.de\/en\/education\/dual-study-program\/","name":"Dual study program - ZDS","isPartOf":{"@id":"https:\/\/zds-solingen.de\/en\/#website"},"primaryImageOfPage":{"@id":"https:\/\/zds-solingen.de\/en\/education\/dual-study-program\/#primaryimage"},"image":{"@id":"https:\/\/zds-solingen.de\/en\/education\/dual-study-program\/#primaryimage"},"thumbnailUrl":"https:\/\/zds-solingen.de\/wp-content\/uploads\/2023\/06\/csm_Zeitplan_dc2781a74f.png","datePublished":"2023-05-25T08:11:45+00:00","dateModified":"2024-11-18T08:07:18+00:00","breadcrumb":{"@id":"https:\/\/zds-solingen.de\/en\/education\/dual-study-program\/#breadcrumb"},"inLanguage":"en-US","potentialAction":[{"@type":"ReadAction","target":["https:\/\/zds-solingen.de\/en\/education\/dual-study-program\/"]}]},{"@type":"ImageObject","inLanguage":"en-US","@id":"https:\/\/zds-solingen.de\/en\/education\/dual-study-program\/#primaryimage","url":"https:\/\/zds-solingen.de\/wp-content\/uploads\/2023\/06\/csm_Zeitplan_dc2781a74f.png","contentUrl":"https:\/\/zds-solingen.de\/wp-content\/uploads\/2023\/06\/csm_Zeitplan_dc2781a74f.png"},{"@type":"BreadcrumbList","@id":"https:\/\/zds-solingen.de\/en\/education\/dual-study-program\/#breadcrumb","itemListElement":[{"@type":"ListItem","position":1,"name":"Startseite","item":"https:\/\/zds-solingen.de\/en\/home\/"},{"@type":"ListItem","position":2,"name":"Education","item":"https:\/\/zds-solingen.de\/en\/education\/"},{"@type":"ListItem","position":3,"name":"Dual study program"}]},{"@type":"WebSite","@id":"https:\/\/zds-solingen.de\/en\/#website","url":"https:\/\/zds-solingen.de\/en\/","name":"ZDS Zentralfachschule der Deutschen S\u00fc\u00dfwarenwirtschaft e.V.","description":"Zentralfachschule der Deutschen S\u00fc\u00dfwarenwirtschaft e.V.","publisher":{"@id":"https:\/\/zds-solingen.de\/en\/#organization"},"potentialAction":[{"@type":"SearchAction","target":{"@type":"EntryPoint","urlTemplate":"https:\/\/zds-solingen.de\/en\/?s={search_term_string}"},"query-input":{"@type":"PropertyValueSpecification","valueRequired":true,"valueName":"search_term_string"}}],"inLanguage":"en-US"},{"@type":"Organization","@id":"https:\/\/zds-solingen.de\/en\/#organization","name":"ZDS Zentralfachschule der Deutschen S\u00fc\u00dfwarenwirtschaft e.V.","url":"https:\/\/zds-solingen.de\/en\/","logo":{"@type":"ImageObject","inLanguage":"en-US","@id":"https:\/\/zds-solingen.de\/en\/#\/schema\/logo\/image\/","url":"https:\/\/zds-solingen.de\/wp-content\/uploads\/2024\/06\/ZDS_Logo_verein.png","contentUrl":"https:\/\/zds-solingen.de\/wp-content\/uploads\/2024\/06\/ZDS_Logo_verein.png","width":1006,"height":545,"caption":"ZDS Zentralfachschule der Deutschen S\u00fc\u00dfwarenwirtschaft e.V."},"image":{"@id":"https:\/\/zds-solingen.de\/en\/#\/schema\/logo\/image\/"},"sameAs":["https:\/\/de-de.facebook.com\/zds.solingen\/","https:\/\/www.linkedin.com\/company\/zentralfachschule-der-deutschen-suesswarenwirtschaft-e-v","https:\/\/www.instagram.com\/zds_solingen"]}]}},"_links":{"self":[{"href":"https:\/\/zds-solingen.de\/en\/wp-json\/wp\/v2\/pages\/2610","targetHints":{"allow":["GET"]}}],"collection":[{"href":"https:\/\/zds-solingen.de\/en\/wp-json\/wp\/v2\/pages"}],"about":[{"href":"https:\/\/zds-solingen.de\/en\/wp-json\/wp\/v2\/types\/page"}],"author":[{"embeddable":true,"href":"https:\/\/zds-solingen.de\/en\/wp-json\/wp\/v2\/users\/1"}],"replies":[{"embeddable":true,"href":"https:\/\/zds-solingen.de\/en\/wp-json\/wp\/v2\/comments?post=2610"}],"version-history":[{"count":10,"href":"https:\/\/zds-solingen.de\/en\/wp-json\/wp\/v2\/pages\/2610\/revisions"}],"predecessor-version":[{"id":7948,"href":"https:\/\/zds-solingen.de\/en\/wp-json\/wp\/v2\/pages\/2610\/revisions\/7948"}],"up":[{"embeddable":true,"href":"https:\/\/zds-solingen.de\/en\/wp-json\/wp\/v2\/pages\/2657"}],"wp:attachment":[{"href":"https:\/\/zds-solingen.de\/en\/wp-json\/wp\/v2\/media?parent=2610"}],"curies":[{"name":"wp","href":"https:\/\/api.w.org\/{rel}","templated":true}]}}