{"id":11257,"date":"2025-10-21T07:53:14","date_gmt":"2025-10-21T07:53:14","guid":{"rendered":"https:\/\/zds-solingen.de\/zds-academy\/jahresprogramm\/"},"modified":"2026-02-19T11:48:01","modified_gmt":"2026-02-19T11:48:01","slug":"annual-program","status":"publish","type":"page","link":"https:\/\/zds-solingen.de\/en\/zds-academy\/annual-program\/","title":{"rendered":"Annual program"},"content":{"rendered":"<p><div class=\"fusion-fullwidth fullwidth-box fusion-builder-row-1 fusion-flex-container has-pattern-background has-mask-background nonhundred-percent-fullwidth non-hundred-percent-height-scrolling fusion-animated\" style=\"--awb-border-radius-top-left:0px;--awb-border-radius-top-right:0px;--awb-border-radius-bottom-right:0px;--awb-border-radius-bottom-left:0px;--awb-flex-wrap:wrap;\" data-animationType=\"fadeInRight\" data-animationDuration=\"1.0\" data-animationOffset=\"top-into-view\" ><div class=\"fusion-builder-row fusion-row fusion-flex-align-items-flex-start fusion-flex-content-wrap\" style=\"max-width:1248px;margin-left: calc(-4% \/ 2 );margin-right: calc(-4% \/ 2 );\"><div class=\"fusion-layout-column fusion_builder_column fusion-builder-column-0 fusion_builder_column_1_1 1_1 fusion-flex-column\" style=\"--awb-bg-size:cover;--awb-width-large:100%;--awb-margin-top-large:0px;--awb-spacing-right-large:1.92%;--awb-margin-bottom-large:20px;--awb-spacing-left-large:1.92%;--awb-width-medium:100%;--awb-order-medium:0;--awb-spacing-right-medium:1.92%;--awb-spacing-left-medium:1.92%;--awb-width-small:100%;--awb-order-small:0;--awb-spacing-right-small:1.92%;--awb-spacing-left-small:1.92%;\"><div class=\"fusion-column-wrapper fusion-column-has-shadow fusion-flex-justify-content-flex-start fusion-content-layout-column\"><div class=\"fusion-title title fusion-title-1 fusion-sep-none fusion-title-text fusion-title-size-one\" style=\"--awb-text-color:var(--awb-color6);--awb-margin-top-small:10px;--awb-margin-right-small:0px;--awb-margin-bottom-small:10px;--awb-margin-left-small:0px;\"><h1 class=\"fusion-title-heading title-heading-left\" style=\"margin:0;\">The ZDS offers training and further education, seminars, workshops and congresses for the entire confectionery and food industry.<\/h1><\/div><div class=\"fusion-text fusion-text-1\"><p>Whether you want to train as a confectionery technologist, a food technology specialist, or pursue further training as a state-certified food technology technician, the ZDS will help you get ahead! After training, specific seminars or congresses provide the basis for targeted career planning in the industry.<\/p>\n<\/div><div class=\"fusion-separator fusion-full-width-sep\" style=\"align-self: center;margin-left: auto;margin-right: auto;margin-top:25px;margin-bottom:25px;width:100%;\"><div class=\"fusion-separator-border sep-single sep-solid\" style=\"--awb-height:20px;--awb-amount:20px;border-color:var(--awb-color3);border-top-width:1px;\"><\/div><\/div><\/div><\/div><\/div><\/div><div class=\"fusion-fullwidth fullwidth-box fusion-builder-row-2 fusion-flex-container has-pattern-background has-mask-background hundred-percent-fullwidth non-hundred-percent-height-scrolling\" style=\"--awb-border-radius-top-left:0px;--awb-border-radius-top-right:0px;--awb-border-radius-bottom-right:0px;--awb-border-radius-bottom-left:0px;--awb-flex-wrap:wrap;\" ><div class=\"fusion-builder-row fusion-row fusion-flex-align-items-flex-start fusion-flex-content-wrap\" style=\"width:104% !important;max-width:104% !important;margin-left: calc(-4% \/ 2 );margin-right: calc(-4% \/ 2 );\"><div class=\"fusion-layout-column fusion_builder_column fusion-builder-column-1 fusion_builder_column_1_1 1_1 fusion-flex-column\" style=\"--awb-bg-size:cover;--awb-width-large:100%;--awb-margin-top-large:0px;--awb-spacing-right-large:1.92%;--awb-margin-bottom-large:20px;--awb-spacing-left-large:1.92%;--awb-width-medium:100%;--awb-order-medium:0;--awb-spacing-right-medium:1.92%;--awb-spacing-left-medium:1.92%;--awb-width-small:100%;--awb-order-small:0;--awb-spacing-right-small:1.92%;--awb-spacing-left-small:1.92%;\"><div class=\"fusion-column-wrapper fusion-column-has-shadow fusion-flex-justify-content-flex-start fusion-content-layout-column\"><div class=\"fusion-text fusion-text-2\"><h2 id=\"tablepress-9-name\" class=\"tablepress-table-name tablepress-table-name-id-9\">Jahresprogramm 2026<\/h2>\n\n<table id=\"tablepress-9\" class=\"tablepress tablepress-id-9 columnDefs: visible: false targets: 2 tablepress-responsive\" aria-labelledby=\"tablepress-9-name\">\n<thead>\n<tr class=\"row-1\">\n\t<td class=\"column-1\"><\/td><td class=\"column-2\"><\/td><th class=\"column-3\">Titel<\/th><th class=\"column-4\">Sprache<\/th><th class=\"column-5\">Kategorie<\/th><th class=\"column-6\">Datum<\/th><th class=\"column-7\">Weitere Infos<\/th>\n<\/tr>\n<\/thead>\n<tbody class=\"row-striping row-hover\">\n<tr class=\"row-2\">\n\t<td class=\"column-1\"><\/td><td class=\"column-2\">April<\/td><td class=\"column-3\">Einf\u00fchrungspraktikum: Nougat-Herstellung<\/td><td class=\"column-4\">Deutsch<\/td><td class=\"column-5\">Schokolade<\/td><td class=\"column-6\">28. - 29. April 2026<\/td><td class=\"column-7\"><a href=\"https:\/\/zds-solingen.de\/einfuehrungspraktikum-nougat-herstellung\/\">Zum Seminar<\/a><\/td>\n<\/tr>\n<tr class=\"row-3\">\n\t<td class=\"column-1\"><\/td><td class=\"column-2\">Mai<\/td><td class=\"column-3\">Flavour Technology &amp; Functional Ingredients <\/td><td class=\"column-4\">Englisch<\/td><td class=\"column-5\">Allgemein<\/td><td class=\"column-6\">05. - 06. Mai 2026<\/td><td class=\"column-7\"><a href=\"https:\/\/zds-solingen.de\/en\/flavour-technology-functional-ingredients\/\"target=\"_blank\">Zum Seminar<\/a><\/td>\n<\/tr>\n<tr class=\"row-4\">\n\t<td class=\"column-1\"><\/td><td class=\"column-2\">Mai<\/td><td class=\"column-3\">Anniversary congress 75 years ZDS at Interpack 2026 - Cacao\u2011Free Chocolate Alternatives &amp; Compounds<\/td><td class=\"column-4\">Englisch<\/td><td class=\"column-5\">Kongress<\/td><td class=\"column-6\">11. Mai 2026<\/td><td class=\"column-7\"><a href=\"https:\/\/zds-solingen.de\/en\/anniversary-congress-75-years-zds-at-interpack-2026-cacao-free-chocolate-alternatives-compounds\/\">Zum Kongress<\/a><\/td>\n<\/tr>\n<tr class=\"row-5\">\n\t<td class=\"column-1\"><\/td><td class=\"column-2\">Mai<\/td><td class=\"column-3\">Anniversary congress 75 years ZDS at Interpack 2026 - Functional Gums &amp; Jellies<\/td><td class=\"column-4\">Englisch<\/td><td class=\"column-5\">Kongress<\/td><td class=\"column-6\">12. Mai 2026<\/td><td class=\"column-7\"><a href=\"https:\/\/zds-solingen.de\/en\/anniversary-congress-75-years-zds-at-interpack-2026-functional-gums-jellies\/\">Zum Kongress<\/a><\/td>\n<\/tr>\n<tr class=\"row-6\">\n\t<td class=\"column-1\"><\/td><td class=\"column-2\">Juni<\/td><td class=\"column-3\">ChatGPT, Copilot und KI f\u00fcr Microsoft Office<\/td><td class=\"column-4\">Deutsch<\/td><td class=\"column-5\">Allgemein<\/td><td class=\"column-6\">09. Juni 2026<\/td><td class=\"column-7\"><a href=\"https:\/\/zds-solingen.de\/chatgpt-copilot-und-ki-fuer-microsoft-office\/\" target=\"_blank\">Zum Seminar<\/a><\/td>\n<\/tr>\n<tr class=\"row-7\">\n\t<td class=\"column-1\"><\/td><td class=\"column-2\">Juni<\/td><td class=\"column-3\">InterIce - Internationaler Eiskongress<\/td><td class=\"column-4\">Englisch<\/td><td class=\"column-5\">Kongress<\/td><td class=\"column-6\">23. - 25. Juni 2026<\/td><td class=\"column-7\"><a href=\"https:\/\/interice-zds.com\/\" target=\"_blank\">Zur Webseite<\/a><\/td>\n<\/tr>\n<tr class=\"row-8\">\n\t<td class=\"column-1\"><\/td><td class=\"column-2\">Juni<\/td><td class=\"column-3\">Vom Anleiten zum Begleiten - Die junge Generation verstehen und wirksam f\u00fchren<\/td><td class=\"column-4\">Deutsch<\/td><td class=\"column-5\">Allgemein<\/td><td class=\"column-6\">29.06. &amp; 02.07.2026<\/td><td class=\"column-7\"><a href=https:\/\/zds-solingen.de\/vom-anleiten-zum-begleiten\/>Zum Seminar<\/a><\/td>\n<\/tr>\n<tr class=\"row-9\">\n\t<td class=\"column-1\"><\/td><td class=\"column-2\">Juli<\/td><td class=\"column-3\">ChatGPT, Copilot and AI for Microsoft Office<\/td><td class=\"column-4\">Englisch<\/td><td class=\"column-5\">Allgemein<\/td><td class=\"column-6\">01. Juli 2026<\/td><td class=\"column-7\"><a href=\"https:\/\/zds-solingen.de\/en\/chatgpt-copilot-and-ai-for-microsoft-office\/\/\" target=\"_blank\">Zum Seminar<\/a><\/td>\n<\/tr>\n<tr class=\"row-10\">\n\t<td class=\"column-1\"><\/td><td class=\"column-2\">Juli<\/td><td class=\"column-3\">From Excel to Innovation: AI in Confectionery R&amp;D<\/td><td class=\"column-4\">Englisch<\/td><td class=\"column-5\">Allgemein<\/td><td class=\"column-6\">03. Juli 2026<\/td><td class=\"column-7\"><a href=\"https:\/\/zds-solingen.de\/en\/from-excel-to-innovation-ai-in-confectionery-rd\/\"_blank\">Zum Seminar<\/a><\/td>\n<\/tr>\n<tr class=\"row-11\">\n\t<td class=\"column-1\"><\/td><td class=\"column-2\">Juli<\/td><td class=\"column-3\">Practical course: Industrial Chocolate Manufacturing<\/td><td class=\"column-4\">Englisch<\/td><td class=\"column-5\">Schokolade<\/td><td class=\"column-6\">20. - 24. Juli 2026<\/td><td class=\"column-7\"><a href=\"https:\/\/zds-solingen.de\/en\/practical-introduction-course-industrial-chocolate-manufacturing-2026\/\">Zum Seminar<\/a><\/td>\n<\/tr>\n<tr class=\"row-12\">\n\t<td class=\"column-1\"><\/td><td class=\"column-2\">August<\/td><td class=\"column-3\">Curso introductorio pr\u00e1ctico, incluyendo gomas funcionales: Producci\u00f3n de gomas y Jaleas<\/td><td class=\"column-4\">Spanisch<\/td><td class=\"column-5\">Zuckerwaren<\/td><td class=\"column-6\">31.08 - 03.09. 2026<\/td><td class=\"column-7\"><a href=\"https:\/\/zds-solingen.de\/produccion-de-gomas-y-jaleas-curso-introductorio-practico-incluyendo-gomas-funcionales\/\">Zum Seminar<\/a><\/td>\n<\/tr>\n<tr class=\"row-13\">\n\t<td class=\"column-1\"><\/td><td class=\"column-2\">September<\/td><td class=\"column-3\">Practical Introduction Course: Industrial Sugar Confectionery Production<\/td><td class=\"column-4\">Englisch<\/td><td class=\"column-5\">Zuckerwaren<\/td><td class=\"column-6\">07. - 11. September  2026<\/td><td class=\"column-7\"><a href=\"https:\/\/zds-solingen.de\/en\/practical-introduction-course-industrial-sugar-confectionery-production-2026\/\">Zum Seminar<\/a><\/td>\n<\/tr>\n<tr class=\"row-14\">\n\t<td class=\"column-1\"><\/td><td class=\"column-2\">September<\/td><td class=\"column-3\">Einf\u00fchrungspraktikum: Schokoladen-Temperierung und K\u00fchlung<\/td><td class=\"column-4\">Deutsch<\/td><td class=\"column-5\">Schokolade<\/td><td class=\"column-6\">16. - 17. September 2026<\/td><td class=\"column-7\"><a href=\"https:\/\/zds-solingen.de\/einfuehrungspraktikum-schokoladen-temperierung-und-kuehlung\/\">Zum Seminar<\/a><\/td>\n<\/tr>\n<tr class=\"row-15\">\n\t<td class=\"column-1\"><\/td><td class=\"column-2\">September<\/td><td class=\"column-3\">Konfliktmanagement und F\u00fchrungskompetenz: Schwierige Situationen souver\u00e4n meistern<\/td><td class=\"column-4\">Deutsch<\/td><td class=\"column-5\">Allgemein<\/td><td class=\"column-6\">28.09.2026<\/td><td class=\"column-7\"><a href=\"https:\/\/zds-solingen.de\/konfliktmanagement-und-fuehrungskompetenz-schwierige-situationen-souveraen-meistern\/\">Zum Seminar<\/a><\/td>\n<\/tr>\n<tr class=\"row-16\">\n\t<td class=\"column-1\"><\/td><td class=\"column-2\">September<\/td><td class=\"column-3\">Practical Introduction Course: Bar Manufacturing Technology - Protein Bars<\/td><td class=\"column-4\">Englisch<\/td><td class=\"column-5\">Zuckerwaren<\/td><td class=\"column-6\">29.09. - 01.10.2026<\/td><td class=\"column-7\"><a href=\"https:\/\/zds-solingen.de\/en\/practical-introduction-course-bar-manufacturing-technology-protein-bars-2026\/\">Zum Seminar<\/a><\/td>\n<\/tr>\n<tr class=\"row-17\">\n\t<td class=\"column-1\"><\/td><td class=\"column-2\">Oktober<\/td><td class=\"column-3\">AI-Driven Demand Planning for Food &amp; Confectionery<\/td><td class=\"column-4\">Englisch<\/td><td class=\"column-5\">Allgemein<\/td><td class=\"column-6\">08. Oktober 2026<\/td><td class=\"column-7\"><a href=\"https:\/\/zds-solingen.de\/ai-driven-demand-planning-for-food-confectionery\/\">Zum Seminar<\/a><\/td>\n<\/tr>\n<tr class=\"row-18\">\n\t<td class=\"column-1\"><\/td><td class=\"column-2\">Oktober<\/td><td class=\"column-3\">Einf\u00fchrungspraktikum: Herstellungstechnologie industrielle Weichkaramellen (Toffees, Fudge, Kaubonbons)<\/td><td class=\"column-4\">Deutsch<\/td><td class=\"column-5\">Zuckerwaren<\/td><td class=\"column-6\">12. - 14. Oktober 2026<\/td><td class=\"column-7\"><a href=\"https:\/\/zds-solingen.de\/einfuehrungspraktikum-herstellungstechnologie-industrielle-weichkaramellen-toffees-fudge-kaubonbons\/\">Zum Seminar<\/a><\/td>\n<\/tr>\n<tr class=\"row-19\">\n\t<td class=\"column-1\"><\/td><td class=\"column-2\">Oktober<\/td><td class=\"column-3\">Neu in der Rolle als F\u00fchrungskraft<\/td><td class=\"column-4\">Deutsch<\/td><td class=\"column-5\">Allgemein<\/td><td class=\"column-6\">15. - 16. Oktober 2026<\/td><td class=\"column-7\"><a href=\"https:\/\/zds-solingen.de\/neu-in-der-rolle-als-fuehrungskraft\/\">Zum Seminar<\/a><\/td>\n<\/tr>\n<tr class=\"row-20\">\n\t<td class=\"column-1\"><\/td><td class=\"column-2\">November<\/td><td class=\"column-3\">Einf\u00fchrungspraktikum: Herstellungstechnologie von Gummi- und Geleeprodukten mit Fokus auf funktionelle Gummiprodukte<\/td><td class=\"column-4\">Deutsch<\/td><td class=\"column-5\">Zuckerwaren<\/td><td class=\"column-6\">03. - 05. November 2026<\/td><td class=\"column-7\"><a href=\"https:\/\/zds-solingen.de\/einfuehrungspraktikum-herstellungstechnologie-von-gummi-und-geleeprodukten-mit-fokus-auf-funktionelle-gummiprodukte\/\">Zum Seminar<\/a><\/td>\n<\/tr>\n<tr class=\"row-21\">\n\t<td class=\"column-1\"><\/td><td class=\"column-2\">November<\/td><td class=\"column-3\">Einf\u00fchrungspraktikum: Herstellungstechnologie industrielle Hartkaramellen<\/td><td class=\"column-4\">Deutsch<\/td><td class=\"column-5\">Zuckerwaren<\/td><td class=\"column-6\">10. - 11. November 2026<\/td><td class=\"column-7\"><a href=\"https:\/\/zds-solingen.de\/einfuehrungspraktikum-herstellungstechnologie-industrielle-hartkaramellen\/\">Zum Seminar<\/a><\/td>\n<\/tr>\n<tr class=\"row-22\">\n\t<td class=\"column-1\"><\/td><td class=\"column-2\">November<\/td><td class=\"column-3\">Einf\u00fchrungspraktikum: Herstellungstechnologie Zuckerdragees<\/td><td class=\"column-4\">Deutsch<\/td><td class=\"column-5\">Zuckerwaren<\/td><td class=\"column-6\">24. - 26. November 2026<\/td><td class=\"column-7\"><a href=\"https:\/\/zds-solingen.de\/einfuehrungspraktikum-herstellungstechnologie-zuckerdragees\/\">Zum Seminar<\/a><\/td>\n<\/tr>\n<tr class=\"row-23\">\n\t<td class=\"column-1\"><\/td><td class=\"column-2\">Dezember<\/td><td class=\"column-3\">Einf\u00fchrungspraktikum: Herstellungstechnologie Schokoladendragees<\/td><td class=\"column-4\">Deutsch<\/td><td class=\"column-5\">Zuckerwaren<\/td><td class=\"column-6\">02. - 03. Dezember 2026<\/td><td class=\"column-7\"><a href=\"https:\/\/zds-solingen.de\/einfuehrungspraktikum-herstellungstechnologie-schokoladendragees\/\">Zum Seminar<\/a><\/td>\n<\/tr>\n<tr class=\"row-24\">\n\t<td class=\"column-1\"><\/td><td class=\"column-2\">Dezember<\/td><td class=\"column-3\">CHOCOTEC Internationaler Schokoladenkongress<\/td><td class=\"column-4\">Englisch<\/td><td class=\"column-5\">Kongress<\/td><td class=\"column-6\">08. - 10. Dezember 2026<\/td><td class=\"column-7\"><a href=\"https:\/\/choco-tec.com\/\" target=\"_blank\">Zur Website<\/a><\/td>\n<\/tr>\n<\/tbody>\n<\/table>\n<!-- #tablepress-9 from cache -->\n<\/div><\/div><\/div><\/div><\/div><\/p>\n","protected":false},"excerpt":{"rendered":"","protected":false},"author":10,"featured_media":0,"parent":2581,"menu_order":0,"comment_status":"closed","ping_status":"closed","template":"100-width.php","meta":{"footnotes":""},"class_list":["post-11257","page","type-page","status-publish","hentry"],"yoast_head":"<!-- This site is optimized with the Yoast SEO plugin v27.4 - https:\/\/yoast.com\/product\/yoast-seo-wordpress\/ -->\n<title>Annual program - ZDS<\/title>\n<meta name=\"robots\" content=\"index, follow, max-snippet:-1, max-image-preview:large, max-video-preview:-1\" \/>\n<link rel=\"canonical\" href=\"https:\/\/zds-solingen.de\/en\/zds-academy\/annual-program\/\" \/>\n<meta property=\"og:locale\" content=\"en_US\" \/>\n<meta property=\"og:type\" content=\"article\" \/>\n<meta property=\"og:title\" content=\"Annual program - ZDS\" \/>\n<meta property=\"og:url\" content=\"https:\/\/zds-solingen.de\/en\/zds-academy\/annual-program\/\" \/>\n<meta property=\"og:site_name\" content=\"ZDS\" \/>\n<meta property=\"article:publisher\" content=\"https:\/\/de-de.facebook.com\/zds.solingen\/\" \/>\n<meta property=\"article:modified_time\" content=\"2026-02-19T11:48:01+00:00\" \/>\n<meta name=\"twitter:card\" content=\"summary_large_image\" \/>\n<meta name=\"twitter:label1\" content=\"Est. reading time\" \/>\n\t<meta name=\"twitter:data1\" content=\"3 minutes\" \/>\n<script type=\"application\/ld+json\" class=\"yoast-schema-graph\">{\"@context\":\"https:\\\/\\\/schema.org\",\"@graph\":[{\"@type\":\"WebPage\",\"@id\":\"https:\\\/\\\/zds-solingen.de\\\/en\\\/zds-academy\\\/annual-program\\\/\",\"url\":\"https:\\\/\\\/zds-solingen.de\\\/en\\\/zds-academy\\\/annual-program\\\/\",\"name\":\"Annual program - ZDS\",\"isPartOf\":{\"@id\":\"https:\\\/\\\/zds-solingen.de\\\/en\\\/#website\"},\"datePublished\":\"2025-10-21T07:53:14+00:00\",\"dateModified\":\"2026-02-19T11:48:01+00:00\",\"breadcrumb\":{\"@id\":\"https:\\\/\\\/zds-solingen.de\\\/en\\\/zds-academy\\\/annual-program\\\/#breadcrumb\"},\"inLanguage\":\"en-US\",\"potentialAction\":[{\"@type\":\"ReadAction\",\"target\":[\"https:\\\/\\\/zds-solingen.de\\\/en\\\/zds-academy\\\/annual-program\\\/\"]}]},{\"@type\":\"BreadcrumbList\",\"@id\":\"https:\\\/\\\/zds-solingen.de\\\/en\\\/zds-academy\\\/annual-program\\\/#breadcrumb\",\"itemListElement\":[{\"@type\":\"ListItem\",\"position\":1,\"name\":\"Startseite\",\"item\":\"https:\\\/\\\/zds-solingen.de\\\/en\\\/\"},{\"@type\":\"ListItem\",\"position\":2,\"name\":\"ZDS Academy\",\"item\":\"https:\\\/\\\/zds-solingen.de\\\/en\\\/zds-akademie\\\/\"},{\"@type\":\"ListItem\",\"position\":3,\"name\":\"Annual program\"}]},{\"@type\":\"WebSite\",\"@id\":\"https:\\\/\\\/zds-solingen.de\\\/en\\\/#website\",\"url\":\"https:\\\/\\\/zds-solingen.de\\\/en\\\/\",\"name\":\"ZDS Zentralfachschule der Deutschen S\u00fc\u00dfwarenwirtschaft e.V.\",\"description\":\"Zentralfachschule der Deutschen S\u00fc\u00dfwarenwirtschaft e.V.\",\"publisher\":{\"@id\":\"https:\\\/\\\/zds-solingen.de\\\/en\\\/#organization\"},\"potentialAction\":[{\"@type\":\"SearchAction\",\"target\":{\"@type\":\"EntryPoint\",\"urlTemplate\":\"https:\\\/\\\/zds-solingen.de\\\/en\\\/?s={search_term_string}\"},\"query-input\":{\"@type\":\"PropertyValueSpecification\",\"valueRequired\":true,\"valueName\":\"search_term_string\"}}],\"inLanguage\":\"en-US\"},{\"@type\":\"Organization\",\"@id\":\"https:\\\/\\\/zds-solingen.de\\\/en\\\/#organization\",\"name\":\"ZDS Zentralfachschule der Deutschen S\u00fc\u00dfwarenwirtschaft e.V.\",\"url\":\"https:\\\/\\\/zds-solingen.de\\\/en\\\/\",\"logo\":{\"@type\":\"ImageObject\",\"inLanguage\":\"en-US\",\"@id\":\"https:\\\/\\\/zds-solingen.de\\\/en\\\/#\\\/schema\\\/logo\\\/image\\\/\",\"url\":\"https:\\\/\\\/zds-solingen.de\\\/wp-content\\\/uploads\\\/2024\\\/06\\\/ZDS_Logo_verein.png\",\"contentUrl\":\"https:\\\/\\\/zds-solingen.de\\\/wp-content\\\/uploads\\\/2024\\\/06\\\/ZDS_Logo_verein.png\",\"width\":1006,\"height\":545,\"caption\":\"ZDS Zentralfachschule der Deutschen S\u00fc\u00dfwarenwirtschaft e.V.\"},\"image\":{\"@id\":\"https:\\\/\\\/zds-solingen.de\\\/en\\\/#\\\/schema\\\/logo\\\/image\\\/\"},\"sameAs\":[\"https:\\\/\\\/de-de.facebook.com\\\/zds.solingen\\\/\",\"https:\\\/\\\/www.linkedin.com\\\/company\\\/zentralfachschule-der-deutschen-suesswarenwirtschaft-e-v\",\"https:\\\/\\\/www.instagram.com\\\/zds_solingen\"]}]}<\/script>\n<!-- \/ Yoast SEO plugin. -->","yoast_head_json":{"title":"Annual program - ZDS","robots":{"index":"index","follow":"follow","max-snippet":"max-snippet:-1","max-image-preview":"max-image-preview:large","max-video-preview":"max-video-preview:-1"},"canonical":"https:\/\/zds-solingen.de\/en\/zds-academy\/annual-program\/","og_locale":"en_US","og_type":"article","og_title":"Annual program - ZDS","og_url":"https:\/\/zds-solingen.de\/en\/zds-academy\/annual-program\/","og_site_name":"ZDS","article_publisher":"https:\/\/de-de.facebook.com\/zds.solingen\/","article_modified_time":"2026-02-19T11:48:01+00:00","twitter_card":"summary_large_image","twitter_misc":{"Est. reading time":"3 minutes"},"schema":{"@context":"https:\/\/schema.org","@graph":[{"@type":"WebPage","@id":"https:\/\/zds-solingen.de\/en\/zds-academy\/annual-program\/","url":"https:\/\/zds-solingen.de\/en\/zds-academy\/annual-program\/","name":"Annual program - ZDS","isPartOf":{"@id":"https:\/\/zds-solingen.de\/en\/#website"},"datePublished":"2025-10-21T07:53:14+00:00","dateModified":"2026-02-19T11:48:01+00:00","breadcrumb":{"@id":"https:\/\/zds-solingen.de\/en\/zds-academy\/annual-program\/#breadcrumb"},"inLanguage":"en-US","potentialAction":[{"@type":"ReadAction","target":["https:\/\/zds-solingen.de\/en\/zds-academy\/annual-program\/"]}]},{"@type":"BreadcrumbList","@id":"https:\/\/zds-solingen.de\/en\/zds-academy\/annual-program\/#breadcrumb","itemListElement":[{"@type":"ListItem","position":1,"name":"Startseite","item":"https:\/\/zds-solingen.de\/en\/"},{"@type":"ListItem","position":2,"name":"ZDS Academy","item":"https:\/\/zds-solingen.de\/en\/zds-akademie\/"},{"@type":"ListItem","position":3,"name":"Annual program"}]},{"@type":"WebSite","@id":"https:\/\/zds-solingen.de\/en\/#website","url":"https:\/\/zds-solingen.de\/en\/","name":"ZDS Zentralfachschule der Deutschen S\u00fc\u00dfwarenwirtschaft e.V.","description":"Zentralfachschule der Deutschen S\u00fc\u00dfwarenwirtschaft e.V.","publisher":{"@id":"https:\/\/zds-solingen.de\/en\/#organization"},"potentialAction":[{"@type":"SearchAction","target":{"@type":"EntryPoint","urlTemplate":"https:\/\/zds-solingen.de\/en\/?s={search_term_string}"},"query-input":{"@type":"PropertyValueSpecification","valueRequired":true,"valueName":"search_term_string"}}],"inLanguage":"en-US"},{"@type":"Organization","@id":"https:\/\/zds-solingen.de\/en\/#organization","name":"ZDS Zentralfachschule der Deutschen S\u00fc\u00dfwarenwirtschaft e.V.","url":"https:\/\/zds-solingen.de\/en\/","logo":{"@type":"ImageObject","inLanguage":"en-US","@id":"https:\/\/zds-solingen.de\/en\/#\/schema\/logo\/image\/","url":"https:\/\/zds-solingen.de\/wp-content\/uploads\/2024\/06\/ZDS_Logo_verein.png","contentUrl":"https:\/\/zds-solingen.de\/wp-content\/uploads\/2024\/06\/ZDS_Logo_verein.png","width":1006,"height":545,"caption":"ZDS Zentralfachschule der Deutschen S\u00fc\u00dfwarenwirtschaft e.V."},"image":{"@id":"https:\/\/zds-solingen.de\/en\/#\/schema\/logo\/image\/"},"sameAs":["https:\/\/de-de.facebook.com\/zds.solingen\/","https:\/\/www.linkedin.com\/company\/zentralfachschule-der-deutschen-suesswarenwirtschaft-e-v","https:\/\/www.instagram.com\/zds_solingen"]}]}},"_links":{"self":[{"href":"https:\/\/zds-solingen.de\/en\/wp-json\/wp\/v2\/pages\/11257","targetHints":{"allow":["GET"]}}],"collection":[{"href":"https:\/\/zds-solingen.de\/en\/wp-json\/wp\/v2\/pages"}],"about":[{"href":"https:\/\/zds-solingen.de\/en\/wp-json\/wp\/v2\/types\/page"}],"author":[{"embeddable":true,"href":"https:\/\/zds-solingen.de\/en\/wp-json\/wp\/v2\/users\/10"}],"replies":[{"embeddable":true,"href":"https:\/\/zds-solingen.de\/en\/wp-json\/wp\/v2\/comments?post=11257"}],"version-history":[{"count":29,"href":"https:\/\/zds-solingen.de\/en\/wp-json\/wp\/v2\/pages\/11257\/revisions"}],"predecessor-version":[{"id":13297,"href":"https:\/\/zds-solingen.de\/en\/wp-json\/wp\/v2\/pages\/11257\/revisions\/13297"}],"up":[{"embeddable":true,"href":"https:\/\/zds-solingen.de\/en\/wp-json\/wp\/v2\/pages\/2581"}],"wp:attachment":[{"href":"https:\/\/zds-solingen.de\/en\/wp-json\/wp\/v2\/media?parent=11257"}],"curies":[{"name":"wp","href":"https:\/\/api.w.org\/{rel}","templated":true}]}}